{"id":4462,"date":"2025-09-19T12:25:22","date_gmt":"2025-09-19T10:25:22","guid":{"rendered":"https:\/\/coroeaso.com\/talde-artistikoa\/korrepetidoreak\/david-de-oliveira\/"},"modified":"2025-09-23T11:35:52","modified_gmt":"2025-09-23T09:35:52","slug":"david-de-oliveira","status":"publish","type":"page","link":"https:\/\/coroeaso.com\/eu\/talde-artistikoa\/korrepetidoreak\/david-de-oliveira\/","title":{"rendered":"David de Oliveira"},"content":{"rendered":"\n<p>Haurtxotatik hasi zen piano ikasketak egiten, eta aldi berean abesten zuen Easo Eskolanian, bertan bere ahots-garapena lantzen hasiz.<\/p>\n\n<p><\/p>\n","protected":false},"excerpt":{"rendered":"<p>Haurtxotatik hasi zen piano ikasketak egiten, eta aldi berean abesten zuen Easo Eskolanian, bertan bere ahots-garapena lantzen hasiz.<\/p>\n","protected":false},"author":1,"featured_media":2062,"parent":2514,"menu_order":0,"comment_status":"closed","ping_status":"closed","template":"page-direccion.php","meta":{"_acf_changed":false,"footnotes":""},"class_list":["post-4462","page","type-page","status-publish","has-post-thumbnail","hentry"],"acf":[],"yoast_head":"<!-- This site is optimized with the Yoast SEO plugin v26.5 - https:\/\/yoast.com\/wordpress\/plugins\/seo\/ -->\n<title>David de Oliveira - Coro Easo Abesbatza<\/title>\n<meta name=\"robots\" content=\"index, follow, max-snippet:-1, max-image-preview:large, max-video-preview:-1\" \/>\n<link rel=\"canonical\" href=\"https:\/\/coroeaso.com\/eu\/talde-artistikoa\/korrepetidoreak\/david-de-oliveira\/\" \/>\n<meta property=\"og:locale\" content=\"eu_ES\" \/>\n<meta property=\"og:type\" content=\"article\" \/>\n<meta property=\"og:title\" content=\"David de Oliveira - Coro Easo Abesbatza\" \/>\n<meta property=\"og:description\" content=\"Haurtxotatik hasi zen piano ikasketak egiten, eta aldi berean abesten zuen Easo Eskolanian, bertan bere ahots-garapena lantzen hasiz.\" \/>\n<meta property=\"og:url\" content=\"https:\/\/coroeaso.com\/eu\/talde-artistikoa\/korrepetidoreak\/david-de-oliveira\/\" \/>\n<meta property=\"og:site_name\" content=\"Coro Easo Abesbatza\" \/>\n<meta property=\"article:publisher\" content=\"https:\/\/www.facebook.com\/coroeaso\/\" \/>\n<meta property=\"article:modified_time\" content=\"2025-09-23T09:35:52+00:00\" \/>\n<meta property=\"og:image\" content=\"https:\/\/coroeaso.com\/wp-content\/uploads\/2022\/07\/david-1-scaled.jpg\" \/>\n\t<meta property=\"og:image:width\" content=\"2560\" \/>\n\t<meta property=\"og:image:height\" content=\"1707\" \/>\n\t<meta property=\"og:image:type\" content=\"image\/jpeg\" \/>\n<meta name=\"twitter:card\" content=\"summary_large_image\" \/>\n<meta name=\"twitter:site\" content=\"@CoroEaso\" \/>\n<script type=\"application\/ld+json\" class=\"yoast-schema-graph\">{\"@context\":\"https:\/\/schema.org\",\"@graph\":[{\"@type\":\"WebPage\",\"@id\":\"https:\/\/coroeaso.com\/eu\/talde-artistikoa\/korrepetidoreak\/david-de-oliveira\/\",\"url\":\"https:\/\/coroeaso.com\/eu\/talde-artistikoa\/korrepetidoreak\/david-de-oliveira\/\",\"name\":\"David de Oliveira - Coro Easo Abesbatza\",\"isPartOf\":{\"@id\":\"https:\/\/coroeaso.com\/eu\/#website\"},\"primaryImageOfPage\":{\"@id\":\"https:\/\/coroeaso.com\/eu\/talde-artistikoa\/korrepetidoreak\/david-de-oliveira\/#primaryimage\"},\"image\":{\"@id\":\"https:\/\/coroeaso.com\/eu\/talde-artistikoa\/korrepetidoreak\/david-de-oliveira\/#primaryimage\"},\"thumbnailUrl\":\"https:\/\/coroeaso.com\/wp-content\/uploads\/2022\/07\/david-1-scaled.jpg\",\"datePublished\":\"2025-09-19T10:25:22+00:00\",\"dateModified\":\"2025-09-23T09:35:52+00:00\",\"breadcrumb\":{\"@id\":\"https:\/\/coroeaso.com\/eu\/talde-artistikoa\/korrepetidoreak\/david-de-oliveira\/#breadcrumb\"},\"inLanguage\":\"eu-ES\",\"potentialAction\":[{\"@type\":\"ReadAction\",\"target\":[\"https:\/\/coroeaso.com\/eu\/talde-artistikoa\/korrepetidoreak\/david-de-oliveira\/\"]}]},{\"@type\":\"ImageObject\",\"inLanguage\":\"eu-ES\",\"@id\":\"https:\/\/coroeaso.com\/eu\/talde-artistikoa\/korrepetidoreak\/david-de-oliveira\/#primaryimage\",\"url\":\"https:\/\/coroeaso.com\/wp-content\/uploads\/2022\/07\/david-1-scaled.jpg\",\"contentUrl\":\"https:\/\/coroeaso.com\/wp-content\/uploads\/2022\/07\/david-1-scaled.jpg\",\"width\":2560,\"height\":1707},{\"@type\":\"BreadcrumbList\",\"@id\":\"https:\/\/coroeaso.com\/eu\/talde-artistikoa\/korrepetidoreak\/david-de-oliveira\/#breadcrumb\",\"itemListElement\":[{\"@type\":\"ListItem\",\"position\":1,\"name\":\"Portada\",\"item\":\"https:\/\/coroeaso.com\/eu\/\"},{\"@type\":\"ListItem\",\"position\":2,\"name\":\"Talde Artistikoa\",\"item\":\"https:\/\/coroeaso.com\/eu\/talde-artistikoa\/\"},{\"@type\":\"ListItem\",\"position\":3,\"name\":\"Korrepetidoreak\",\"item\":\"https:\/\/coroeaso.com\/eu\/talde-artistikoa\/korrepetidoreak\/\"},{\"@type\":\"ListItem\",\"position\":4,\"name\":\"David de Oliveira\"}]},{\"@type\":\"WebSite\",\"@id\":\"https:\/\/coroeaso.com\/eu\/#website\",\"url\":\"https:\/\/coroeaso.com\/eu\/\",\"name\":\"Coro Easo Abesbatza\",\"description\":\"La Asociaci\u00f3n Coro Easo es una entidad cuya finalidad principal es la creaci\u00f3n, el impulso y formaci\u00f3n de coros amateurs con una aspiraci\u00f3n de calidad cercana a la de los grandes coros profesionales, de manera que puedan participar en festivales y conciertos de mayor nivel y exigencia.\",\"publisher\":{\"@id\":\"https:\/\/coroeaso.com\/eu\/#organization\"},\"potentialAction\":[{\"@type\":\"SearchAction\",\"target\":{\"@type\":\"EntryPoint\",\"urlTemplate\":\"https:\/\/coroeaso.com\/eu\/?s={search_term_string}\"},\"query-input\":{\"@type\":\"PropertyValueSpecification\",\"valueRequired\":true,\"valueName\":\"search_term_string\"}}],\"inLanguage\":\"eu-ES\"},{\"@type\":\"Organization\",\"@id\":\"https:\/\/coroeaso.com\/eu\/#organization\",\"name\":\"Coro Easo\",\"url\":\"https:\/\/coroeaso.com\/eu\/\",\"logo\":{\"@type\":\"ImageObject\",\"inLanguage\":\"eu-ES\",\"@id\":\"https:\/\/coroeaso.com\/eu\/#\/schema\/logo\/image\/\",\"url\":\"https:\/\/coro-easo.triplevdoble-dev01.com\/wp-content\/uploads\/2021\/12\/logo-coro-easo.png\",\"contentUrl\":\"https:\/\/coro-easo.triplevdoble-dev01.com\/wp-content\/uploads\/2021\/12\/logo-coro-easo.png\",\"width\":1181,\"height\":352,\"caption\":\"Coro Easo\"},\"image\":{\"@id\":\"https:\/\/coroeaso.com\/eu\/#\/schema\/logo\/image\/\"},\"sameAs\":[\"https:\/\/www.facebook.com\/coroeaso\/\",\"https:\/\/x.com\/CoroEaso\",\"https:\/\/www.instagram.com\/coroeaso\/\",\"https:\/\/www.youtube.com\/channel\/UCPzsfSUbmO8ilswrFa7P1qw\"]}]}<\/script>\n<!-- \/ Yoast SEO plugin. -->","yoast_head_json":{"title":"David de Oliveira - Coro Easo Abesbatza","robots":{"index":"index","follow":"follow","max-snippet":"max-snippet:-1","max-image-preview":"max-image-preview:large","max-video-preview":"max-video-preview:-1"},"canonical":"https:\/\/coroeaso.com\/eu\/talde-artistikoa\/korrepetidoreak\/david-de-oliveira\/","og_locale":"eu_ES","og_type":"article","og_title":"David de Oliveira - Coro Easo Abesbatza","og_description":"Haurtxotatik hasi zen piano ikasketak egiten, eta aldi berean abesten zuen Easo Eskolanian, bertan bere ahots-garapena lantzen hasiz.","og_url":"https:\/\/coroeaso.com\/eu\/talde-artistikoa\/korrepetidoreak\/david-de-oliveira\/","og_site_name":"Coro Easo Abesbatza","article_publisher":"https:\/\/www.facebook.com\/coroeaso\/","article_modified_time":"2025-09-23T09:35:52+00:00","og_image":[{"width":2560,"height":1707,"url":"https:\/\/coroeaso.com\/wp-content\/uploads\/2022\/07\/david-1-scaled.jpg","type":"image\/jpeg"}],"twitter_card":"summary_large_image","twitter_site":"@CoroEaso","schema":{"@context":"https:\/\/schema.org","@graph":[{"@type":"WebPage","@id":"https:\/\/coroeaso.com\/eu\/talde-artistikoa\/korrepetidoreak\/david-de-oliveira\/","url":"https:\/\/coroeaso.com\/eu\/talde-artistikoa\/korrepetidoreak\/david-de-oliveira\/","name":"David de Oliveira - Coro Easo Abesbatza","isPartOf":{"@id":"https:\/\/coroeaso.com\/eu\/#website"},"primaryImageOfPage":{"@id":"https:\/\/coroeaso.com\/eu\/talde-artistikoa\/korrepetidoreak\/david-de-oliveira\/#primaryimage"},"image":{"@id":"https:\/\/coroeaso.com\/eu\/talde-artistikoa\/korrepetidoreak\/david-de-oliveira\/#primaryimage"},"thumbnailUrl":"https:\/\/coroeaso.com\/wp-content\/uploads\/2022\/07\/david-1-scaled.jpg","datePublished":"2025-09-19T10:25:22+00:00","dateModified":"2025-09-23T09:35:52+00:00","breadcrumb":{"@id":"https:\/\/coroeaso.com\/eu\/talde-artistikoa\/korrepetidoreak\/david-de-oliveira\/#breadcrumb"},"inLanguage":"eu-ES","potentialAction":[{"@type":"ReadAction","target":["https:\/\/coroeaso.com\/eu\/talde-artistikoa\/korrepetidoreak\/david-de-oliveira\/"]}]},{"@type":"ImageObject","inLanguage":"eu-ES","@id":"https:\/\/coroeaso.com\/eu\/talde-artistikoa\/korrepetidoreak\/david-de-oliveira\/#primaryimage","url":"https:\/\/coroeaso.com\/wp-content\/uploads\/2022\/07\/david-1-scaled.jpg","contentUrl":"https:\/\/coroeaso.com\/wp-content\/uploads\/2022\/07\/david-1-scaled.jpg","width":2560,"height":1707},{"@type":"BreadcrumbList","@id":"https:\/\/coroeaso.com\/eu\/talde-artistikoa\/korrepetidoreak\/david-de-oliveira\/#breadcrumb","itemListElement":[{"@type":"ListItem","position":1,"name":"Portada","item":"https:\/\/coroeaso.com\/eu\/"},{"@type":"ListItem","position":2,"name":"Talde Artistikoa","item":"https:\/\/coroeaso.com\/eu\/talde-artistikoa\/"},{"@type":"ListItem","position":3,"name":"Korrepetidoreak","item":"https:\/\/coroeaso.com\/eu\/talde-artistikoa\/korrepetidoreak\/"},{"@type":"ListItem","position":4,"name":"David de Oliveira"}]},{"@type":"WebSite","@id":"https:\/\/coroeaso.com\/eu\/#website","url":"https:\/\/coroeaso.com\/eu\/","name":"Coro Easo Abesbatza","description":"La Asociaci\u00f3n Coro Easo es una entidad cuya finalidad principal es la creaci\u00f3n, el impulso y formaci\u00f3n de coros amateurs con una aspiraci\u00f3n de calidad cercana a la de los grandes coros profesionales, de manera que puedan participar en festivales y conciertos de mayor nivel y exigencia.","publisher":{"@id":"https:\/\/coroeaso.com\/eu\/#organization"},"potentialAction":[{"@type":"SearchAction","target":{"@type":"EntryPoint","urlTemplate":"https:\/\/coroeaso.com\/eu\/?s={search_term_string}"},"query-input":{"@type":"PropertyValueSpecification","valueRequired":true,"valueName":"search_term_string"}}],"inLanguage":"eu-ES"},{"@type":"Organization","@id":"https:\/\/coroeaso.com\/eu\/#organization","name":"Coro Easo","url":"https:\/\/coroeaso.com\/eu\/","logo":{"@type":"ImageObject","inLanguage":"eu-ES","@id":"https:\/\/coroeaso.com\/eu\/#\/schema\/logo\/image\/","url":"https:\/\/coro-easo.triplevdoble-dev01.com\/wp-content\/uploads\/2021\/12\/logo-coro-easo.png","contentUrl":"https:\/\/coro-easo.triplevdoble-dev01.com\/wp-content\/uploads\/2021\/12\/logo-coro-easo.png","width":1181,"height":352,"caption":"Coro Easo"},"image":{"@id":"https:\/\/coroeaso.com\/eu\/#\/schema\/logo\/image\/"},"sameAs":["https:\/\/www.facebook.com\/coroeaso\/","https:\/\/x.com\/CoroEaso","https:\/\/www.instagram.com\/coroeaso\/","https:\/\/www.youtube.com\/channel\/UCPzsfSUbmO8ilswrFa7P1qw"]}]}},"_links":{"self":[{"href":"https:\/\/coroeaso.com\/eu\/wp-json\/wp\/v2\/pages\/4462","targetHints":{"allow":["GET"]}}],"collection":[{"href":"https:\/\/coroeaso.com\/eu\/wp-json\/wp\/v2\/pages"}],"about":[{"href":"https:\/\/coroeaso.com\/eu\/wp-json\/wp\/v2\/types\/page"}],"author":[{"embeddable":true,"href":"https:\/\/coroeaso.com\/eu\/wp-json\/wp\/v2\/users\/1"}],"replies":[{"embeddable":true,"href":"https:\/\/coroeaso.com\/eu\/wp-json\/wp\/v2\/comments?post=4462"}],"version-history":[{"count":1,"href":"https:\/\/coroeaso.com\/eu\/wp-json\/wp\/v2\/pages\/4462\/revisions"}],"predecessor-version":[{"id":4463,"href":"https:\/\/coroeaso.com\/eu\/wp-json\/wp\/v2\/pages\/4462\/revisions\/4463"}],"up":[{"embeddable":true,"href":"https:\/\/coroeaso.com\/eu\/wp-json\/wp\/v2\/pages\/2514"}],"wp:featuredmedia":[{"embeddable":true,"href":"https:\/\/coroeaso.com\/eu\/wp-json\/wp\/v2\/media\/2062"}],"wp:attachment":[{"href":"https:\/\/coroeaso.com\/eu\/wp-json\/wp\/v2\/media?parent=4462"}],"curies":[{"name":"wp","href":"https:\/\/api.w.org\/{rel}","templated":true}]}}