{"id":4433,"date":"2025-09-16T15:20:29","date_gmt":"2025-09-16T13:20:29","guid":{"rendered":"https:\/\/coroeaso.com\/abesbatzak\/easo-sinfonietta\/"},"modified":"2025-09-18T12:43:16","modified_gmt":"2025-09-18T10:43:16","slug":"easo-sinfonietta","status":"publish","type":"page","link":"https:\/\/coroeaso.com\/eu\/abesbatzak\/easo-sinfonietta\/","title":{"rendered":"Easo Sinfonietta"},"content":{"rendered":"\n<p>Easo Sinfonietta orkestra ez-profesionala da, 2023ko irailean sortua, helburu argi batekin: musikari amateurrentzat orkestrako esperientzia bizitzeko eta Gipuzkoa nahiz Euskal Herriko kontzertu-sarean parte hartzeko gune bat eskaintzea. Hasieratik adin eta prestakuntza-maila guztietako musikariak bildu ditu. Batetik, irakaskuntzan aritzen diren musikari profesionalak elkartzen dira bertan, taldean jotzen eta musikaz gozatzen jarraitzeko espazio baten beharra dutenak; eta bestetik, musika ikasleak, baita urte luzez beren instrumentua ikasi eta gaur egun beste lanbide batean ari diren musikari amateurrak ere. Guztiei ematen die orkestrak beren alde artistiko eta interpretatiboa lantzeko aukera.<\/p>\n\n<p>Easo Sinfonietta-k 2024ko martxoan egin zuen debuta, Pasai Antxoko Aste Musikalean. Ordutik hainbat jaialditan hartu du parte: Donostiako Musika Hamabostaldian, Egia ala geRuza haur operaren estreinaldiarekin; musika garaikideko \u201cMusikagileak\u201d jaialdian; eta diziplina anitzeko \u201cDistirabirak\u201d jaialdian, 2024ko urrian Chillida Lekun ospatu zena. Halaber, Adinberri fundazioak antolatutako \u201cHariak Kantuz\u201d III. Gabonetako Kontzertuan ere parte hartu zuen.<\/p>\n","protected":false},"excerpt":{"rendered":"<p>Easo Sinfonietta orkestra ez-profesionala da, 2023ko irailean sortua, helburu argi batekin: musikari amateurrentzat orkestrako esperientzia bizitzeko eta Gipuzkoa nahiz Euskal Herriko kontzertu-sarean parte hartzeko gune bat eskaintzea. Hasieratik adin eta prestakuntza-maila guztietako musikariak bildu ditu. Batetik, irakaskuntzan aritzen diren musikari profesionalak elkartzen dira bertan, taldean jotzen eta musikaz gozatzen jarraitzeko espazio baten beharra dutenak; eta [&hellip;]<\/p>\n","protected":false},"author":1,"featured_media":4423,"parent":2479,"menu_order":2,"comment_status":"closed","ping_status":"closed","template":"page-coro.php","meta":{"_acf_changed":false,"footnotes":""},"class_list":["post-4433","page","type-page","status-publish","has-post-thumbnail","hentry"],"acf":[],"yoast_head":"<!-- This site is optimized with the Yoast SEO plugin v26.5 - https:\/\/yoast.com\/wordpress\/plugins\/seo\/ -->\n<title>Easo Sinfonietta - Coro Easo Abesbatza<\/title>\n<meta name=\"robots\" content=\"index, follow, max-snippet:-1, max-image-preview:large, max-video-preview:-1\" \/>\n<link rel=\"canonical\" href=\"https:\/\/coroeaso.com\/eu\/abesbatzak\/easo-sinfonietta\/\" \/>\n<meta property=\"og:locale\" content=\"eu_ES\" \/>\n<meta property=\"og:type\" content=\"article\" \/>\n<meta property=\"og:title\" content=\"Easo Sinfonietta - Coro Easo Abesbatza\" \/>\n<meta property=\"og:description\" content=\"Easo Sinfonietta orkestra ez-profesionala da, 2023ko irailean sortua, helburu argi batekin: musikari amateurrentzat orkestrako esperientzia bizitzeko eta Gipuzkoa nahiz Euskal Herriko kontzertu-sarean parte hartzeko gune bat eskaintzea. Hasieratik adin eta prestakuntza-maila guztietako musikariak bildu ditu. Batetik, irakaskuntzan aritzen diren musikari profesionalak elkartzen dira bertan, taldean jotzen eta musikaz gozatzen jarraitzeko espazio baten beharra dutenak; eta [&hellip;]\" \/>\n<meta property=\"og:url\" content=\"https:\/\/coroeaso.com\/eu\/abesbatzak\/easo-sinfonietta\/\" \/>\n<meta property=\"og:site_name\" content=\"Coro Easo Abesbatza\" \/>\n<meta property=\"article:publisher\" content=\"https:\/\/www.facebook.com\/coroeaso\/\" \/>\n<meta property=\"article:modified_time\" content=\"2025-09-18T10:43:16+00:00\" \/>\n<meta property=\"og:image\" content=\"https:\/\/coroeaso.com\/wp-content\/uploads\/2025\/09\/FOTO-SINFONIETTA.jpg\" \/>\n\t<meta property=\"og:image:width\" content=\"1956\" \/>\n\t<meta property=\"og:image:height\" content=\"1218\" \/>\n\t<meta property=\"og:image:type\" content=\"image\/jpeg\" \/>\n<meta name=\"twitter:card\" content=\"summary_large_image\" \/>\n<meta name=\"twitter:site\" content=\"@CoroEaso\" \/>\n<meta name=\"twitter:label1\" content=\"Est. reading time\" \/>\n\t<meta name=\"twitter:data1\" content=\"1 minute\" \/>\n<script type=\"application\/ld+json\" class=\"yoast-schema-graph\">{\"@context\":\"https:\/\/schema.org\",\"@graph\":[{\"@type\":\"WebPage\",\"@id\":\"https:\/\/coroeaso.com\/eu\/abesbatzak\/easo-sinfonietta\/\",\"url\":\"https:\/\/coroeaso.com\/eu\/abesbatzak\/easo-sinfonietta\/\",\"name\":\"Easo Sinfonietta - Coro Easo Abesbatza\",\"isPartOf\":{\"@id\":\"https:\/\/coroeaso.com\/eu\/#website\"},\"primaryImageOfPage\":{\"@id\":\"https:\/\/coroeaso.com\/eu\/abesbatzak\/easo-sinfonietta\/#primaryimage\"},\"image\":{\"@id\":\"https:\/\/coroeaso.com\/eu\/abesbatzak\/easo-sinfonietta\/#primaryimage\"},\"thumbnailUrl\":\"https:\/\/coroeaso.com\/wp-content\/uploads\/2025\/09\/FOTO-SINFONIETTA.jpg\",\"datePublished\":\"2025-09-16T13:20:29+00:00\",\"dateModified\":\"2025-09-18T10:43:16+00:00\",\"breadcrumb\":{\"@id\":\"https:\/\/coroeaso.com\/eu\/abesbatzak\/easo-sinfonietta\/#breadcrumb\"},\"inLanguage\":\"eu-ES\",\"potentialAction\":[{\"@type\":\"ReadAction\",\"target\":[\"https:\/\/coroeaso.com\/eu\/abesbatzak\/easo-sinfonietta\/\"]}]},{\"@type\":\"ImageObject\",\"inLanguage\":\"eu-ES\",\"@id\":\"https:\/\/coroeaso.com\/eu\/abesbatzak\/easo-sinfonietta\/#primaryimage\",\"url\":\"https:\/\/coroeaso.com\/wp-content\/uploads\/2025\/09\/FOTO-SINFONIETTA.jpg\",\"contentUrl\":\"https:\/\/coroeaso.com\/wp-content\/uploads\/2025\/09\/FOTO-SINFONIETTA.jpg\",\"width\":1956,\"height\":1218},{\"@type\":\"BreadcrumbList\",\"@id\":\"https:\/\/coroeaso.com\/eu\/abesbatzak\/easo-sinfonietta\/#breadcrumb\",\"itemListElement\":[{\"@type\":\"ListItem\",\"position\":1,\"name\":\"Portada\",\"item\":\"https:\/\/coroeaso.com\/eu\/\"},{\"@type\":\"ListItem\",\"position\":2,\"name\":\"Gure Abesbatzak eta Sinfonietta\",\"item\":\"https:\/\/coroeaso.com\/eu\/abesbatzak\/\"},{\"@type\":\"ListItem\",\"position\":3,\"name\":\"Easo Sinfonietta\"}]},{\"@type\":\"WebSite\",\"@id\":\"https:\/\/coroeaso.com\/eu\/#website\",\"url\":\"https:\/\/coroeaso.com\/eu\/\",\"name\":\"Coro Easo Abesbatza\",\"description\":\"La Asociaci\u00f3n Coro Easo es una entidad cuya finalidad principal es la creaci\u00f3n, el impulso y formaci\u00f3n de coros amateurs con una aspiraci\u00f3n de calidad cercana a la de los grandes coros profesionales, de manera que puedan participar en festivales y conciertos de mayor nivel y exigencia.\",\"publisher\":{\"@id\":\"https:\/\/coroeaso.com\/eu\/#organization\"},\"potentialAction\":[{\"@type\":\"SearchAction\",\"target\":{\"@type\":\"EntryPoint\",\"urlTemplate\":\"https:\/\/coroeaso.com\/eu\/?s={search_term_string}\"},\"query-input\":{\"@type\":\"PropertyValueSpecification\",\"valueRequired\":true,\"valueName\":\"search_term_string\"}}],\"inLanguage\":\"eu-ES\"},{\"@type\":\"Organization\",\"@id\":\"https:\/\/coroeaso.com\/eu\/#organization\",\"name\":\"Coro Easo\",\"url\":\"https:\/\/coroeaso.com\/eu\/\",\"logo\":{\"@type\":\"ImageObject\",\"inLanguage\":\"eu-ES\",\"@id\":\"https:\/\/coroeaso.com\/eu\/#\/schema\/logo\/image\/\",\"url\":\"https:\/\/coro-easo.triplevdoble-dev01.com\/wp-content\/uploads\/2021\/12\/logo-coro-easo.png\",\"contentUrl\":\"https:\/\/coro-easo.triplevdoble-dev01.com\/wp-content\/uploads\/2021\/12\/logo-coro-easo.png\",\"width\":1181,\"height\":352,\"caption\":\"Coro Easo\"},\"image\":{\"@id\":\"https:\/\/coroeaso.com\/eu\/#\/schema\/logo\/image\/\"},\"sameAs\":[\"https:\/\/www.facebook.com\/coroeaso\/\",\"https:\/\/x.com\/CoroEaso\",\"https:\/\/www.instagram.com\/coroeaso\/\",\"https:\/\/www.youtube.com\/channel\/UCPzsfSUbmO8ilswrFa7P1qw\"]}]}<\/script>\n<!-- \/ Yoast SEO plugin. -->","yoast_head_json":{"title":"Easo Sinfonietta - Coro Easo Abesbatza","robots":{"index":"index","follow":"follow","max-snippet":"max-snippet:-1","max-image-preview":"max-image-preview:large","max-video-preview":"max-video-preview:-1"},"canonical":"https:\/\/coroeaso.com\/eu\/abesbatzak\/easo-sinfonietta\/","og_locale":"eu_ES","og_type":"article","og_title":"Easo Sinfonietta - Coro Easo Abesbatza","og_description":"Easo Sinfonietta orkestra ez-profesionala da, 2023ko irailean sortua, helburu argi batekin: musikari amateurrentzat orkestrako esperientzia bizitzeko eta Gipuzkoa nahiz Euskal Herriko kontzertu-sarean parte hartzeko gune bat eskaintzea. Hasieratik adin eta prestakuntza-maila guztietako musikariak bildu ditu. Batetik, irakaskuntzan aritzen diren musikari profesionalak elkartzen dira bertan, taldean jotzen eta musikaz gozatzen jarraitzeko espazio baten beharra dutenak; eta [&hellip;]","og_url":"https:\/\/coroeaso.com\/eu\/abesbatzak\/easo-sinfonietta\/","og_site_name":"Coro Easo Abesbatza","article_publisher":"https:\/\/www.facebook.com\/coroeaso\/","article_modified_time":"2025-09-18T10:43:16+00:00","og_image":[{"width":1956,"height":1218,"url":"https:\/\/coroeaso.com\/wp-content\/uploads\/2025\/09\/FOTO-SINFONIETTA.jpg","type":"image\/jpeg"}],"twitter_card":"summary_large_image","twitter_site":"@CoroEaso","twitter_misc":{"Est. reading time":"1 minute"},"schema":{"@context":"https:\/\/schema.org","@graph":[{"@type":"WebPage","@id":"https:\/\/coroeaso.com\/eu\/abesbatzak\/easo-sinfonietta\/","url":"https:\/\/coroeaso.com\/eu\/abesbatzak\/easo-sinfonietta\/","name":"Easo Sinfonietta - Coro Easo Abesbatza","isPartOf":{"@id":"https:\/\/coroeaso.com\/eu\/#website"},"primaryImageOfPage":{"@id":"https:\/\/coroeaso.com\/eu\/abesbatzak\/easo-sinfonietta\/#primaryimage"},"image":{"@id":"https:\/\/coroeaso.com\/eu\/abesbatzak\/easo-sinfonietta\/#primaryimage"},"thumbnailUrl":"https:\/\/coroeaso.com\/wp-content\/uploads\/2025\/09\/FOTO-SINFONIETTA.jpg","datePublished":"2025-09-16T13:20:29+00:00","dateModified":"2025-09-18T10:43:16+00:00","breadcrumb":{"@id":"https:\/\/coroeaso.com\/eu\/abesbatzak\/easo-sinfonietta\/#breadcrumb"},"inLanguage":"eu-ES","potentialAction":[{"@type":"ReadAction","target":["https:\/\/coroeaso.com\/eu\/abesbatzak\/easo-sinfonietta\/"]}]},{"@type":"ImageObject","inLanguage":"eu-ES","@id":"https:\/\/coroeaso.com\/eu\/abesbatzak\/easo-sinfonietta\/#primaryimage","url":"https:\/\/coroeaso.com\/wp-content\/uploads\/2025\/09\/FOTO-SINFONIETTA.jpg","contentUrl":"https:\/\/coroeaso.com\/wp-content\/uploads\/2025\/09\/FOTO-SINFONIETTA.jpg","width":1956,"height":1218},{"@type":"BreadcrumbList","@id":"https:\/\/coroeaso.com\/eu\/abesbatzak\/easo-sinfonietta\/#breadcrumb","itemListElement":[{"@type":"ListItem","position":1,"name":"Portada","item":"https:\/\/coroeaso.com\/eu\/"},{"@type":"ListItem","position":2,"name":"Gure Abesbatzak eta Sinfonietta","item":"https:\/\/coroeaso.com\/eu\/abesbatzak\/"},{"@type":"ListItem","position":3,"name":"Easo Sinfonietta"}]},{"@type":"WebSite","@id":"https:\/\/coroeaso.com\/eu\/#website","url":"https:\/\/coroeaso.com\/eu\/","name":"Coro Easo Abesbatza","description":"La Asociaci\u00f3n Coro Easo es una entidad cuya finalidad principal es la creaci\u00f3n, el impulso y formaci\u00f3n de coros amateurs con una aspiraci\u00f3n de calidad cercana a la de los grandes coros profesionales, de manera que puedan participar en festivales y conciertos de mayor nivel y exigencia.","publisher":{"@id":"https:\/\/coroeaso.com\/eu\/#organization"},"potentialAction":[{"@type":"SearchAction","target":{"@type":"EntryPoint","urlTemplate":"https:\/\/coroeaso.com\/eu\/?s={search_term_string}"},"query-input":{"@type":"PropertyValueSpecification","valueRequired":true,"valueName":"search_term_string"}}],"inLanguage":"eu-ES"},{"@type":"Organization","@id":"https:\/\/coroeaso.com\/eu\/#organization","name":"Coro Easo","url":"https:\/\/coroeaso.com\/eu\/","logo":{"@type":"ImageObject","inLanguage":"eu-ES","@id":"https:\/\/coroeaso.com\/eu\/#\/schema\/logo\/image\/","url":"https:\/\/coro-easo.triplevdoble-dev01.com\/wp-content\/uploads\/2021\/12\/logo-coro-easo.png","contentUrl":"https:\/\/coro-easo.triplevdoble-dev01.com\/wp-content\/uploads\/2021\/12\/logo-coro-easo.png","width":1181,"height":352,"caption":"Coro Easo"},"image":{"@id":"https:\/\/coroeaso.com\/eu\/#\/schema\/logo\/image\/"},"sameAs":["https:\/\/www.facebook.com\/coroeaso\/","https:\/\/x.com\/CoroEaso","https:\/\/www.instagram.com\/coroeaso\/","https:\/\/www.youtube.com\/channel\/UCPzsfSUbmO8ilswrFa7P1qw"]}]}},"_links":{"self":[{"href":"https:\/\/coroeaso.com\/eu\/wp-json\/wp\/v2\/pages\/4433","targetHints":{"allow":["GET"]}}],"collection":[{"href":"https:\/\/coroeaso.com\/eu\/wp-json\/wp\/v2\/pages"}],"about":[{"href":"https:\/\/coroeaso.com\/eu\/wp-json\/wp\/v2\/types\/page"}],"author":[{"embeddable":true,"href":"https:\/\/coroeaso.com\/eu\/wp-json\/wp\/v2\/users\/1"}],"replies":[{"embeddable":true,"href":"https:\/\/coroeaso.com\/eu\/wp-json\/wp\/v2\/comments?post=4433"}],"version-history":[{"count":1,"href":"https:\/\/coroeaso.com\/eu\/wp-json\/wp\/v2\/pages\/4433\/revisions"}],"predecessor-version":[{"id":4434,"href":"https:\/\/coroeaso.com\/eu\/wp-json\/wp\/v2\/pages\/4433\/revisions\/4434"}],"up":[{"embeddable":true,"href":"https:\/\/coroeaso.com\/eu\/wp-json\/wp\/v2\/pages\/2479"}],"wp:featuredmedia":[{"embeddable":true,"href":"https:\/\/coroeaso.com\/eu\/wp-json\/wp\/v2\/media\/4423"}],"wp:attachment":[{"href":"https:\/\/coroeaso.com\/eu\/wp-json\/wp\/v2\/media?parent=4433"}],"curies":[{"name":"wp","href":"https:\/\/api.w.org\/{rel}","templated":true}]}}