{"id":2841,"date":"2021-07-07T09:48:31","date_gmt":"2021-07-07T07:48:31","guid":{"rendered":"https:\/\/coro-easo.triplevdoble-dev01.com\/politica-privacidad\/"},"modified":"2022-08-10T10:20:27","modified_gmt":"2022-08-10T08:20:27","slug":"pribatutasun-politika","status":"publish","type":"page","link":"https:\/\/coroeaso.com\/eu\/pribatutasun-politika\/","title":{"rendered":"Pribatutasun politika"},"content":{"rendered":"\n<h3 class=\"wp-block-heading\">Webgunearen pribatutasun politika<\/h3>\n\n\n\n<p>Asociaci\u00f3n Coro Easo enpresan informazioren gardentasuna ezinbestekoa da. Horrela ezartzen dugu konfiantzazko harremana proiektuetan parte hartzen duten pertsonekin naiz gure hornitzaile eta bezeroekin. Datuak babesteko legeetan oinarrituz lan egiten dugu, beraz gure Pribatutasun Politika jakinarazi nahi dizuegu, datuak nola biltzen eta nola erabiltzen ditugun zuzenki azaltzeko helburuarekin.<\/p>\n\n\n\n<p>Pribatutasun Politika honetan oinarriak finkatzen dira Asociaci\u00f3n Coro Easo enpresak datuak erabiltzeko erari. Asociaci\u00f3n Coro Easo -k Paseo Dr. Mara\u00f1on 20 &#8211; bajo, 20.009 Donostia &#8211; San Sebasti\u00e1n (Gipuzkoa) -n dauka helbidea. Gure erabiltzaileek webgunearen bidez eta borondatez osoz eman diguten baimenarekin tratatzen dugu datu pertsonalak.<\/p>\n\n\n\n<p>Politika hau aplikagarria izango da Asociaci\u00f3n Coro Easo enpresari datuak eman izanez gero bakarrik. Asociaci\u00f3n Coro Easo arduraduna izango da (Datuen Tratamenduaren Arduraduna) eta datuak gure webgunean zehar dauden formularioetan jasotzen direla jakinarazten dizuegu.<\/p>\n\n\n\n<h3 class=\"wp-block-heading\">Zertan hartzen dugu konpromezua<\/h3>\n\n\n\n<ul class=\"wp-block-list\"><li>Gure erabiltzaileen pribatutasuna errespetatzera eta datu pertsonalak beren baimenarekin tratatzera.<\/li><li>Zorrozki eskatutako zerbitzua emateko behar ditugun datu pertsonalak tratatzera, eta, ez baimendutako sarbidea eta beren bidegabe erabiltzea saihesteko beharrezko neurriak hartuz, haiek isilpeko era seguruan tratatu ahal izateko.<\/li><li>Datu pertsonalak ez erabiltzea aldez aurretik baimena ez badugu lortu eta beti adierazitako helburuekin.<\/li><li>Hirugarrenekin datu pertsonalak ez partekatzera.<\/li><li>Datu pertsonalak gordetzera. Jasotako datuak ezabatuko ditugu beharrezkoak ez diren momentuan.<\/li><\/ul>\n\n\n\n<figure class=\"wp-block-table\"><table><tbody><tr><td>Enpresa<\/td><td>Asociaci\u00f3n Coro Easo<\/td><\/tr><tr><td>NIFIFZ<\/td><td>G20069126<\/td><\/tr><tr><td>Helbidea<\/td><td>Paseo Dr. Mara\u00f1\u00f3n 20 &#8211; bajo, 20009 Donostia &#8211; San Sebasti\u00e1n (Gipuzkoa)<\/td><\/tr><\/tbody><\/table><\/figure>\n\n\n\n<h3 class=\"wp-block-heading\">Zer da datu pertsonal bat eta datu pertsonalen tratamendua<\/h3>\n\n\n\n<p>Datu pertsonal bat identifikatutako edo identifikagarria den pertsona fisiko baten informazio guztia da. Pertsona fisiko bat identifikagarria izango da, haien identitatea era zuzen edo zeharkakoan zehaztu ahal denean, bereziki identifikatzaile baten bitartez, hala nola, izena, identifikazio zenbakia, kokapen datuak, linea bidezko identifikatzaile baten bitartez edo pertsonaren identitate fisikoari, fisiologikoari, genetikoari, psikikoari, ekonomikoari, kulturalari edo sozialari buruzko elementu bat edo zenbaiten bitartez.<\/p>\n\n\n\n<p>Era beran, datu pertsonalen tratamenduak berarekin ekartzen du edozein operazio edo operazio multzoa, datu pertsonal baten edo datu pertsonalen multzoaren gainean burututakoak, automatizatutako prozedimenduen bitartez edo ez, adibidez bilketa, araketa, antolatzea, egituraketa, kontserbazio, moldaketa, aldaketa, ateratzea, kontsulta, erabilpena, transmisio bidezko komunikazioa, hedapen edo beste edozein sarbide, parekatze edo interkonexio, mugaketa, ezabapen edo suntsipena.<\/p>\n\n\n\n<h3 class=\"wp-block-heading\">Zein tratamendu burutu egiten dira zure datu pertsonalen gainean eta zein helburuetarako tratatzen ditugu zure datu pertsonalak<\/h3>\n\n\n\n<ul class=\"wp-block-list\"><li>Informazio eskaera erabiltzailearen aldetik: webguneko formularioaren bitartez eta\/edo webgunean eskuragarri dauden posta elektronikoaren, helbidearen edo telefono zenbakiaren bitartez erabiltzaileak bidalitako informazio eskakizuna kudeatzea.<\/li><li>Newsletter-ari harpidetza: newsletter-ari harpidetza kudeatzea<\/li><\/ul>\n\n\n\n<h3 class=\"wp-block-heading\">Zein datu pertsonal jasotzen ditugu<\/h3>\n\n\n\n<p>Gure webgunearen bitartez helburu ezberdinetarako, datu pertsonalak jaso ditzakegu:<\/p>\n\n\n\n<ul class=\"wp-block-list\"><li>Informazio eskaera erabiltzailearen aldetik: planteatutako kontsultaren ondorioz erraztutako datuak jasoko ditugu.<\/li><li>Newsletter-ari harpidetza: zure posta elektronikoa jasoko dugu.<\/li><\/ul>\n\n\n\n<p>Datu pertsonalak erraztutako helburuaren arabera, hertsiki beharrezkoak diren datuak bakarrik eskatuko dira.<\/p>\n\n\n\n<h3 class=\"wp-block-heading\">Zein da datuen tratamenduarentzako oinarri juridikoa<\/h3>\n\n\n\n<p>Datu babespen arloko araudiaren arabera, datu pertsonalen tratamenduarentzako oinarri juridiko bat behar dugu. Kasu honetan oinarri juridikoa zure adostasuna da.<\/p>\n\n\n\n<h3 class=\"wp-block-heading\">Zein eskubide egikaritu ditzakezu<\/h3>\n\n\n\n<p>Erabiltzaile moduan, hurrengo eskubideak egikaritu ditzakezu:<\/p>\n\n\n\n<ul class=\"wp-block-list\"><li>Sarbide eskubidea: Asociaci\u00f3n Coro Easo -en aldetik zure datu pertsonalak tratatzen ari diren edo ez jakiteko eskubidea duzu, eta edozein kasutan zein datu tratatzen ari ditu.<\/li><li>Zuzentze eskubidea: Asociaci\u00f3n Coro Easo- en aldetik, zure datu pertsonal okerrak zuzentzeko eskubide duzu. Zure eskaeran, zuzendu beharreko datu pertsonalak azaldu beharko dituzu.<\/li><li>Aurkaratze eskubidea: Edozein momentutan, zure egoera partikularrari lotutako arrazoiengatik, zure datu pertsonalak interes zilegian oinarritutako tratamendu batetarako erabiliak izateko aurkaratzeko eskubide duzu. Salbu eta, premiazko arrazoi zilegiak baditugu, zure interes, eskubide eta askatasunaren gainetik daudenak, edo erreklamazio egikaritze edo defentsarako beharrezkoak izanez gero.<\/li><li>Ezerezte eskubidea: Asociaci\u00f3n Coro Easo \u2013ri zure datu pertsonalak ezereztea eskatzeko eskubidea duzu.<\/li><li>Transferitzeko eskubidea: Asociaci\u00f3n Coro Easo zure datu pertsonalak hirugarren tratamendu arduradun bateri transferitzea eskatzeko eskubidea duzu. Eskubide hau bakarrik egikaritu ahal izango da, tratamenduaren oinarri juridikoa kontratuaren betearazpena edo adostasuna denean eta tratamendua bide automatizatuen bitartez burutzen denean.<\/li><li>Mugatze eskubidea: Eskubidea duzu zure datu pertsonalen gaineko tratamendua etetzea eskatzeko hurrengo kasuetan: datuen zehaztasuna aurkaratzen denean, Asociaci\u00f3n Coro Easo zehaztasun hori egiaztatzen duen bitartean; aurkaratze eskubidea egikaritzen duzunean Asociaci\u00f3n Coro Easo \u2013en arrazoi zilegiak zureen gainetik daudela egiaztatzen den bitartean.<\/li><\/ul>\n\n\n\n<p>Zure eskubideak egikaritu ditzakezu eskaera hurrengo helbidera bidaliz Paseo Dr. Mara\u00f1on 20 &#8211; bajo, 20.009 Donostia &#8211; San Sebasti\u00e1n (Gipuzkoa) edo posta elektronikoaren bitartez hurrengo helbidean: coroeaso@coroeaso.com.<\/p>\n\n\n\n<p>Era berean, zure eskubideen kudeaketarekin pozik ez egonez gero, dagokion datu babespen arloko agintaritza eskudunera joan zaitezke (AEPD).<\/p>\n\n\n\n<h3 class=\"wp-block-heading\">Datuen segurtasuna eta biltegiratzea<\/h3>\n\n\n\n<p>Datuak erabiltzeko beharrezkoak diren bitartean mantenduko ditugu soilik, titularrak bere ezabapena eska ez dezan bitartean. Gainera neurri tekniko eta antolatzaileak egokituko ditugu hurrengo helburuak bermatzeko: ez baimendutako tratamendua, legez kontrako tratamendua, datu-galerak, datu-suntsiketa edo kalte ustekabekoak.<\/p>\n\n\n\n<h3 class=\"wp-block-heading\">Norekin partekatzen ditugu zure datu pertsonalak<\/h3>\n\n\n\n<p>Ez dira datu pertsonalen parekatzerik aurreikusten, salbu eta legezko betebeharra dagoen kasuetan edo beharrezko komunikazioa zerbitzua era egokian prestatzeko. Ez dira nazioarteko transferentziarik aurreikusten.<\/p>\n","protected":false},"excerpt":{"rendered":"<p>Webgunearen pribatutasun politika Asociaci\u00f3n Coro Easo enpresan informazioren gardentasuna ezinbestekoa da. Horrela ezartzen dugu konfiantzazko harremana proiektuetan parte hartzen duten pertsonekin naiz gure hornitzaile eta bezeroekin. Datuak babesteko legeetan oinarrituz lan egiten dugu, beraz gure Pribatutasun Politika jakinarazi nahi dizuegu, datuak nola biltzen eta nola erabiltzen ditugun zuzenki azaltzeko helburuarekin. Pribatutasun Politika honetan oinarriak finkatzen [&hellip;]<\/p>\n","protected":false},"author":1,"featured_media":0,"parent":0,"menu_order":0,"comment_status":"closed","ping_status":"open","template":"page-legal.php","meta":{"_acf_changed":false,"footnotes":""},"class_list":["post-2841","page","type-page","status-publish","hentry"],"acf":[],"yoast_head":"<!-- This site is optimized with the Yoast SEO plugin v26.5 - https:\/\/yoast.com\/wordpress\/plugins\/seo\/ -->\n<title>Pribatutasun politika - Coro Easo Abesbatza<\/title>\n<meta name=\"robots\" content=\"index, follow, max-snippet:-1, max-image-preview:large, max-video-preview:-1\" \/>\n<link rel=\"canonical\" href=\"https:\/\/coroeaso.com\/eu\/pribatutasun-politika\/\" \/>\n<meta property=\"og:locale\" content=\"eu_ES\" \/>\n<meta property=\"og:type\" content=\"article\" \/>\n<meta property=\"og:title\" content=\"Pribatutasun politika - Coro Easo Abesbatza\" \/>\n<meta property=\"og:description\" content=\"Webgunearen pribatutasun politika Asociaci\u00f3n Coro Easo enpresan informazioren gardentasuna ezinbestekoa da. Horrela ezartzen dugu konfiantzazko harremana proiektuetan parte hartzen duten pertsonekin naiz gure hornitzaile eta bezeroekin. Datuak babesteko legeetan oinarrituz lan egiten dugu, beraz gure Pribatutasun Politika jakinarazi nahi dizuegu, datuak nola biltzen eta nola erabiltzen ditugun zuzenki azaltzeko helburuarekin. Pribatutasun Politika honetan oinarriak finkatzen [&hellip;]\" \/>\n<meta property=\"og:url\" content=\"https:\/\/coroeaso.com\/eu\/pribatutasun-politika\/\" \/>\n<meta property=\"og:site_name\" content=\"Coro Easo Abesbatza\" \/>\n<meta property=\"article:publisher\" content=\"https:\/\/www.facebook.com\/coroeaso\/\" \/>\n<meta property=\"article:modified_time\" content=\"2022-08-10T08:20:27+00:00\" \/>\n<meta property=\"og:image\" content=\"https:\/\/coroeaso.com\/wp-content\/uploads\/2022\/04\/coro-easo-eventos.jpg\" \/>\n\t<meta property=\"og:image:width\" content=\"698\" \/>\n\t<meta property=\"og:image:height\" content=\"388\" \/>\n\t<meta property=\"og:image:type\" content=\"image\/jpeg\" \/>\n<meta name=\"twitter:card\" content=\"summary_large_image\" \/>\n<meta name=\"twitter:site\" content=\"@CoroEaso\" \/>\n<meta name=\"twitter:label1\" content=\"Est. reading time\" \/>\n\t<meta name=\"twitter:data1\" content=\"4 minutes\" \/>\n<script type=\"application\/ld+json\" class=\"yoast-schema-graph\">{\"@context\":\"https:\/\/schema.org\",\"@graph\":[{\"@type\":\"WebPage\",\"@id\":\"https:\/\/coroeaso.com\/eu\/pribatutasun-politika\/\",\"url\":\"https:\/\/coroeaso.com\/eu\/pribatutasun-politika\/\",\"name\":\"Pribatutasun politika - Coro Easo Abesbatza\",\"isPartOf\":{\"@id\":\"https:\/\/coroeaso.com\/eu\/#website\"},\"datePublished\":\"2021-07-07T07:48:31+00:00\",\"dateModified\":\"2022-08-10T08:20:27+00:00\",\"breadcrumb\":{\"@id\":\"https:\/\/coroeaso.com\/eu\/pribatutasun-politika\/#breadcrumb\"},\"inLanguage\":\"eu-ES\",\"potentialAction\":[{\"@type\":\"ReadAction\",\"target\":[\"https:\/\/coroeaso.com\/eu\/pribatutasun-politika\/\"]}]},{\"@type\":\"BreadcrumbList\",\"@id\":\"https:\/\/coroeaso.com\/eu\/pribatutasun-politika\/#breadcrumb\",\"itemListElement\":[{\"@type\":\"ListItem\",\"position\":1,\"name\":\"Portada\",\"item\":\"https:\/\/coroeaso.com\/eu\/\"},{\"@type\":\"ListItem\",\"position\":2,\"name\":\"Pribatutasun politika\"}]},{\"@type\":\"WebSite\",\"@id\":\"https:\/\/coroeaso.com\/eu\/#website\",\"url\":\"https:\/\/coroeaso.com\/eu\/\",\"name\":\"Coro Easo Abesbatza\",\"description\":\"La Asociaci\u00f3n Coro Easo es una entidad cuya finalidad principal es la creaci\u00f3n, el impulso y formaci\u00f3n de coros amateurs con una aspiraci\u00f3n de calidad cercana a la de los grandes coros profesionales, de manera que puedan participar en festivales y conciertos de mayor nivel y exigencia.\",\"publisher\":{\"@id\":\"https:\/\/coroeaso.com\/eu\/#organization\"},\"potentialAction\":[{\"@type\":\"SearchAction\",\"target\":{\"@type\":\"EntryPoint\",\"urlTemplate\":\"https:\/\/coroeaso.com\/eu\/?s={search_term_string}\"},\"query-input\":{\"@type\":\"PropertyValueSpecification\",\"valueRequired\":true,\"valueName\":\"search_term_string\"}}],\"inLanguage\":\"eu-ES\"},{\"@type\":\"Organization\",\"@id\":\"https:\/\/coroeaso.com\/eu\/#organization\",\"name\":\"Coro Easo\",\"url\":\"https:\/\/coroeaso.com\/eu\/\",\"logo\":{\"@type\":\"ImageObject\",\"inLanguage\":\"eu-ES\",\"@id\":\"https:\/\/coroeaso.com\/eu\/#\/schema\/logo\/image\/\",\"url\":\"https:\/\/coro-easo.triplevdoble-dev01.com\/wp-content\/uploads\/2021\/12\/logo-coro-easo.png\",\"contentUrl\":\"https:\/\/coro-easo.triplevdoble-dev01.com\/wp-content\/uploads\/2021\/12\/logo-coro-easo.png\",\"width\":1181,\"height\":352,\"caption\":\"Coro Easo\"},\"image\":{\"@id\":\"https:\/\/coroeaso.com\/eu\/#\/schema\/logo\/image\/\"},\"sameAs\":[\"https:\/\/www.facebook.com\/coroeaso\/\",\"https:\/\/x.com\/CoroEaso\",\"https:\/\/www.instagram.com\/coroeaso\/\",\"https:\/\/www.youtube.com\/channel\/UCPzsfSUbmO8ilswrFa7P1qw\"]}]}<\/script>\n<!-- \/ Yoast SEO plugin. -->","yoast_head_json":{"title":"Pribatutasun politika - Coro Easo Abesbatza","robots":{"index":"index","follow":"follow","max-snippet":"max-snippet:-1","max-image-preview":"max-image-preview:large","max-video-preview":"max-video-preview:-1"},"canonical":"https:\/\/coroeaso.com\/eu\/pribatutasun-politika\/","og_locale":"eu_ES","og_type":"article","og_title":"Pribatutasun politika - Coro Easo Abesbatza","og_description":"Webgunearen pribatutasun politika Asociaci\u00f3n Coro Easo enpresan informazioren gardentasuna ezinbestekoa da. Horrela ezartzen dugu konfiantzazko harremana proiektuetan parte hartzen duten pertsonekin naiz gure hornitzaile eta bezeroekin. Datuak babesteko legeetan oinarrituz lan egiten dugu, beraz gure Pribatutasun Politika jakinarazi nahi dizuegu, datuak nola biltzen eta nola erabiltzen ditugun zuzenki azaltzeko helburuarekin. Pribatutasun Politika honetan oinarriak finkatzen [&hellip;]","og_url":"https:\/\/coroeaso.com\/eu\/pribatutasun-politika\/","og_site_name":"Coro Easo Abesbatza","article_publisher":"https:\/\/www.facebook.com\/coroeaso\/","article_modified_time":"2022-08-10T08:20:27+00:00","og_image":[{"width":698,"height":388,"url":"https:\/\/coroeaso.com\/wp-content\/uploads\/2022\/04\/coro-easo-eventos.jpg","type":"image\/jpeg"}],"twitter_card":"summary_large_image","twitter_site":"@CoroEaso","twitter_misc":{"Est. reading time":"4 minutes"},"schema":{"@context":"https:\/\/schema.org","@graph":[{"@type":"WebPage","@id":"https:\/\/coroeaso.com\/eu\/pribatutasun-politika\/","url":"https:\/\/coroeaso.com\/eu\/pribatutasun-politika\/","name":"Pribatutasun politika - Coro Easo Abesbatza","isPartOf":{"@id":"https:\/\/coroeaso.com\/eu\/#website"},"datePublished":"2021-07-07T07:48:31+00:00","dateModified":"2022-08-10T08:20:27+00:00","breadcrumb":{"@id":"https:\/\/coroeaso.com\/eu\/pribatutasun-politika\/#breadcrumb"},"inLanguage":"eu-ES","potentialAction":[{"@type":"ReadAction","target":["https:\/\/coroeaso.com\/eu\/pribatutasun-politika\/"]}]},{"@type":"BreadcrumbList","@id":"https:\/\/coroeaso.com\/eu\/pribatutasun-politika\/#breadcrumb","itemListElement":[{"@type":"ListItem","position":1,"name":"Portada","item":"https:\/\/coroeaso.com\/eu\/"},{"@type":"ListItem","position":2,"name":"Pribatutasun politika"}]},{"@type":"WebSite","@id":"https:\/\/coroeaso.com\/eu\/#website","url":"https:\/\/coroeaso.com\/eu\/","name":"Coro Easo Abesbatza","description":"La Asociaci\u00f3n Coro Easo es una entidad cuya finalidad principal es la creaci\u00f3n, el impulso y formaci\u00f3n de coros amateurs con una aspiraci\u00f3n de calidad cercana a la de los grandes coros profesionales, de manera que puedan participar en festivales y conciertos de mayor nivel y exigencia.","publisher":{"@id":"https:\/\/coroeaso.com\/eu\/#organization"},"potentialAction":[{"@type":"SearchAction","target":{"@type":"EntryPoint","urlTemplate":"https:\/\/coroeaso.com\/eu\/?s={search_term_string}"},"query-input":{"@type":"PropertyValueSpecification","valueRequired":true,"valueName":"search_term_string"}}],"inLanguage":"eu-ES"},{"@type":"Organization","@id":"https:\/\/coroeaso.com\/eu\/#organization","name":"Coro Easo","url":"https:\/\/coroeaso.com\/eu\/","logo":{"@type":"ImageObject","inLanguage":"eu-ES","@id":"https:\/\/coroeaso.com\/eu\/#\/schema\/logo\/image\/","url":"https:\/\/coro-easo.triplevdoble-dev01.com\/wp-content\/uploads\/2021\/12\/logo-coro-easo.png","contentUrl":"https:\/\/coro-easo.triplevdoble-dev01.com\/wp-content\/uploads\/2021\/12\/logo-coro-easo.png","width":1181,"height":352,"caption":"Coro Easo"},"image":{"@id":"https:\/\/coroeaso.com\/eu\/#\/schema\/logo\/image\/"},"sameAs":["https:\/\/www.facebook.com\/coroeaso\/","https:\/\/x.com\/CoroEaso","https:\/\/www.instagram.com\/coroeaso\/","https:\/\/www.youtube.com\/channel\/UCPzsfSUbmO8ilswrFa7P1qw"]}]}},"_links":{"self":[{"href":"https:\/\/coroeaso.com\/eu\/wp-json\/wp\/v2\/pages\/2841","targetHints":{"allow":["GET"]}}],"collection":[{"href":"https:\/\/coroeaso.com\/eu\/wp-json\/wp\/v2\/pages"}],"about":[{"href":"https:\/\/coroeaso.com\/eu\/wp-json\/wp\/v2\/types\/page"}],"author":[{"embeddable":true,"href":"https:\/\/coroeaso.com\/eu\/wp-json\/wp\/v2\/users\/1"}],"replies":[{"embeddable":true,"href":"https:\/\/coroeaso.com\/eu\/wp-json\/wp\/v2\/comments?post=2841"}],"version-history":[{"count":3,"href":"https:\/\/coroeaso.com\/eu\/wp-json\/wp\/v2\/pages\/2841\/revisions"}],"predecessor-version":[{"id":2849,"href":"https:\/\/coroeaso.com\/eu\/wp-json\/wp\/v2\/pages\/2841\/revisions\/2849"}],"wp:attachment":[{"href":"https:\/\/coroeaso.com\/eu\/wp-json\/wp\/v2\/media?parent=2841"}],"curies":[{"name":"wp","href":"https:\/\/api.w.org\/{rel}","templated":true}]}}