{"id":2836,"date":"2022-08-10T08:40:44","date_gmt":"2022-08-10T06:40:44","guid":{"rendered":"https:\/\/coro-easo.triplevdoble-dev01.com\/aviso-legal-2\/"},"modified":"2022-08-10T09:13:42","modified_gmt":"2022-08-10T07:13:42","slug":"lege-oharra","status":"publish","type":"page","link":"https:\/\/coroeaso.com\/eu\/lege-oharra\/","title":{"rendered":"Lege oharra"},"content":{"rendered":"\n<p>Uztailak 11ko 34\/2002 Legea, Sozietatearen Informazio Zerbitzuen eta salerosketa elektronikoaren ingurukoa (SIZL-SE), betearazteko helburuarekin, Asociaci\u00f3n Coro Easo enpresak jakinarazten dizu webgune honen titularra dela. Era beran, aipatutako Legearen 10. artikuluak dioena betez, hurrengo informazioa eskuragarri jartzen dugu:<\/p>\n\n\n\n<figure class=\"wp-block-table\"><table><tbody><tr><td>Enpresa<\/td><td>Asociaci\u00f3n Coro Easo<\/td><\/tr><tr><td>NIFIFZ<\/td><td>G20069126<\/td><\/tr><tr><td>Helbidea<\/td><td>Paseo Dr. Mara\u00f1\u00f3n 20 &#8211; bajo, 20009 Donostia &#8211; San Sebasti\u00e1n (Gipuzkoa)<\/td><\/tr><\/tbody><\/table><\/figure>\n\n\n\n<h3 class=\"wp-block-heading\">Erabiltzaileak<\/h3>\n\n\n\n<p>Webgune honetara sartzeak edo hura erabiltzeak ERABILTZAILE egoera egotzi egiten dizu, eta ondorioz, hemen jasotako Erabilera Baldintza Orokorrak onartu egiten dituzu. Aipaturiko Erabilera Baldintza Orokorrak, kasuan kasu aplikagarri diren Kontratazio Baldintza Orokorrengandik era independentean aplikatuko dira.<\/p>\n\n\n\n<h3 class=\"wp-block-heading\">Webgunearen erabilera<\/h3>\n\n\n\n<p>Webgune honek izaera ezberdineko informazio, zerbitzu, programa edo datuak eskaini egiten ditu (hemendik aurrera, \u201cedukiak\u201d). Erabiltzaileak webgunearen erabileraren gaineko erantzukizuna jasan egiten du. Erantzukizun hura zabaldu egiten da kasuan kasu, zenbait zerbitzu edo edukietara sartzeko beharrezkoa den erregistrora.<\/p>\n\n\n\n<p>Aipatutako erregistroan, erabiltzailea, legezko eta egiazko informazioa emateko arduraduna izango da. Erregistro horren ondorioz, erabiltzaileak pasahitz bat jaso dezake, eta horren gaineko ardura egotzi egiten zaio, hura era konfidentzial eta arduratsu batean erabiliko duela konpromezua hartuz. Horrez gain, erabiltzaileak, Asociaci\u00f3n Coro Easo- ren webgunearen eta honen edukiaren eta zerbitzuen erabilera arduratsu bat egiteko konpromezua hartu egiten du. Debekaturiko erabileren artean honakoak bereiz daitezke:<\/p>\n\n\n\n<ul class=\"wp-block-list\"><li>Legez kanpoko ekintzak, fede onaren edo ordena publikoaren aurkakoak burutzea.<\/li><li>Eduki arrazista, xenofoboa, pornografikoa- ilegala, terrorismora apologia egiten duena edo giza eskubideen aurkakoa zabaltzea.<\/li><li>Asociaci\u00f3n Coro Easo-ren, haren hornitzaileen edo hirugarrenen sistemak kalte ditzakeen birusak edo kalteak eragin ditzakeen beste edozein motatako sistemak erabiltzea.<\/li><li>Beste erabiltzaileen posta elektroniko kontuak erabiltzea edo horietara sartzea, haien mezuak aldatuz eta manipulatuz. Asociaci\u00f3n Coro Easo, diskriminatzaile, xenofobo, arrazista, pornografiko, giza eskubideen, segurtasun publikoaren aurkakoak edo egokiak ez diren argitarapenak ezabatzeko eskubide dauka. Edozein kasutan, Asociaci\u00f3n Coro Easo ez da arduradun izango erabiltzaileek foruen, txat edo beste edozein motatako tresna bidez argitaratutako iritzien gain.<\/li><\/ul>\n\n\n\n<h3 class=\"wp-block-heading\">Jabetza intelektuala eta industriala<\/h3>\n\n\n\n<p>Asociaci\u00f3n Coro Easo bere webguneko jabetza intelektual eta industrialeko eskubide guztien gaineko titular izango da. Eta webguneko edukien gainean ere (adibidez, irudiak, soinuak, bideoak, software, testuak, logoak, markak, kolore konbinazioak, diseinua, egitura, aukeratutako materialak, eta abar).<\/p>\n\n\n\n<p>Erreserbatutako eskubide guztiak. Jabetza Intelektualeko Legearen 8 eta 32.1 artikuluen arabera, berariaz debekatu egiten da, Asociaci\u00f3n Coro Easo \u2013ren baimenik gabe, bere webgunean edo horretan jasotako eduki batzuk edo guztiak kopiatzea, zabaltzea edo publikoki komunikatzea. Erabiltzaileak jabetza intelektualeko eta industrialeko eskubideak errespetatzeko konpromezua hartu egiten du. Erabiltzaileak webguneko edukiak ikusi, inprimatu, kopiatu edo gorde ahal izango ditu, beti ere, erabilera pribatu eta pertsonalerako bada. Erabiltzaileak ezin izango du ezabatu, aldatu edo manipulatu Asociaci\u00f3n Coro Easo- ren webgunean instalatutako edozein segurtasun sistema edo gailu.<\/p>\n\n\n\n<h3 class=\"wp-block-heading\">Bermeen baztertzea eta erantzunkizuna<\/h3>\n\n\n\n<p>Asociaci\u00f3n Coro Easo-ak ez du erantzungo webguneak eragin dezakeen kalteen gain. Hala nola, edukiaren edozein akatsa, omisio, erabilgarritasun falta edo edozein virus edo programa gaiztoaren transmisioa. Nahiz eta horiek saihesteko beharrezko neurriak ezarri deiren.<\/p>\n\n\n\n<h3 class=\"wp-block-heading\">Aldaketak<\/h3>\n\n\n\n<p>Asociaci\u00f3n Coro Easo-ak, webgunean beharrezkoak diren aldaketak burutzeko eskubidea izango du, aurretiazko jakinarazpena emateko betebeharrik gabe. Burutu ditzakeen ekintzen artean, honako hauek bereizten dira: webguneko edukiak eta prestatuko zerbitzuak aldatzea, eranstea, ezabatzea, edota horiek webgunean aurkezten diren modua edo kokapena aldatzea.<\/p>\n\n\n\n<h3 class=\"wp-block-heading\">Link-a<\/h3>\n\n\n\n<p>Webgunean , beste hirugarren webgune batzuetara iristeko link-ak agertuko balira, Asociaci\u00f3n Coro Easo -ak ez du inolako kontrolik izango hirugarren webgune horien gain. Era beran, Asociaci\u00f3n Coro Easo- ak ez du inolako ardurarik izango webgune horietan agertzen diren edukien gain, eta ez du webgune horietan agertzen diren edozeineko informazio edo edukien erabilgarritasun teknikoa, kalitate, fidagarritasuna, zehaztasuna, zabaltasuna, egiazkotasuna baliagarritasuna eta konstituzionaltasuna bermatuko. <\/p>\n\n\n\n<p>Modu berean, ez da inolako lotura, fusio edo edozeineko partaidetzarik egongo hirugarren entitate hauekin.<\/p>\n\n\n\n<h3 class=\"wp-block-heading\">Baztertze eskubidea<\/h3>\n\n\n\n<p>Asociaci\u00f3n Coro Easo- ak Erabiliera Baldintza Orokorra betetzen ez dituzten hirugarren erabiltzaileak webgunera edo\/eta eskainitako zerbitzuetara sarrera baztertu edo ukatzeko eskubidea erreserbatu egiten du, inolako aurreko abisurik emateko betebeharra eduki gabe. Aipatutakoa aplikagarria izango da baita horrela eskatzen badute hirugarren alderdiek ere.<\/p>\n\n\n\n<h3 class=\"wp-block-heading\">Orokortasunak<\/h3>\n\n\n\n<p>Asociaci\u00f3n Coro Easo -ak baldintza hauen ez betetzea jarraitu egingo du, eta era berean, webgunearen bidegabeko erabilera, kasuan kasu aplikagarri diren akzio zibil edo penalak egikarituz.<\/p>\n\n\n\n<h3 class=\"wp-block-heading\">Baldintza hauen aldaketa eta iraupena<\/h3>\n\n\n\n<p>Asociaci\u00f3n Coro Easo -ak, edozein momentutan hemen adierazitako baldintzak alda ditzake, beti ere, aldakuntza horiek behar bezala argitaratzen diren bitartean. <\/p>\n\n\n\n<p>Aipatutako baldintzen iraupenari dagokionez, hauek, beste baldintza berri batzuk argitaratzen diren arte indarrean egongo dira.<\/p>\n\n\n\n<h3 class=\"wp-block-heading\">Lege eta jurisdikzio aplikagarriak<\/h3>\n\n\n\n<p>Asociaci\u00f3n Coro Easo eta ERABILTZAILEAREN arteko harremana, aplikagarria den espainiar araudiaren bidez arautuko da. Halaber, alderdien arteko edozein gatazka, aurretiaz adierazitako hiriko Epaitegi eta tribunalen aurrean konponduko da.<\/p>\n","protected":false},"excerpt":{"rendered":"<p>Uztailak 11ko 34\/2002 Legea, Sozietatearen Informazio Zerbitzuen eta salerosketa elektronikoaren ingurukoa (SIZL-SE), betearazteko helburuarekin, Asociaci\u00f3n Coro Easo enpresak jakinarazten dizu webgune honen titularra dela. Era beran, aipatutako Legearen 10. artikuluak dioena betez, hurrengo informazioa eskuragarri jartzen dugu: Enpresa Asociaci\u00f3n Coro Easo NIFIFZ G20069126 Helbidea Paseo Dr. Mara\u00f1\u00f3n 20 &#8211; bajo, 20009 Donostia &#8211; San Sebasti\u00e1n [&hellip;]<\/p>\n","protected":false},"author":1,"featured_media":0,"parent":0,"menu_order":0,"comment_status":"closed","ping_status":"closed","template":"page-legal.php","meta":{"_acf_changed":false,"footnotes":""},"class_list":["post-2836","page","type-page","status-publish","hentry"],"acf":[],"yoast_head":"<!-- This site is optimized with the Yoast SEO plugin v26.5 - https:\/\/yoast.com\/wordpress\/plugins\/seo\/ -->\n<title>Lege oharra - Coro Easo Abesbatza<\/title>\n<meta name=\"robots\" content=\"index, follow, max-snippet:-1, max-image-preview:large, max-video-preview:-1\" \/>\n<link rel=\"canonical\" href=\"https:\/\/coroeaso.com\/eu\/lege-oharra\/\" \/>\n<meta property=\"og:locale\" content=\"eu_ES\" \/>\n<meta property=\"og:type\" content=\"article\" \/>\n<meta property=\"og:title\" content=\"Lege oharra - Coro Easo Abesbatza\" \/>\n<meta property=\"og:description\" content=\"Uztailak 11ko 34\/2002 Legea, Sozietatearen Informazio Zerbitzuen eta salerosketa elektronikoaren ingurukoa (SIZL-SE), betearazteko helburuarekin, Asociaci\u00f3n Coro Easo enpresak jakinarazten dizu webgune honen titularra dela. Era beran, aipatutako Legearen 10. artikuluak dioena betez, hurrengo informazioa eskuragarri jartzen dugu: Enpresa Asociaci\u00f3n Coro Easo NIFIFZ G20069126 Helbidea Paseo Dr. Mara\u00f1\u00f3n 20 &#8211; bajo, 20009 Donostia &#8211; San Sebasti\u00e1n [&hellip;]\" \/>\n<meta property=\"og:url\" content=\"https:\/\/coroeaso.com\/eu\/lege-oharra\/\" \/>\n<meta property=\"og:site_name\" content=\"Coro Easo Abesbatza\" \/>\n<meta property=\"article:publisher\" content=\"https:\/\/www.facebook.com\/coroeaso\/\" \/>\n<meta property=\"article:modified_time\" content=\"2022-08-10T07:13:42+00:00\" \/>\n<meta property=\"og:image\" content=\"https:\/\/coroeaso.com\/wp-content\/uploads\/2022\/04\/coro-easo-eventos.jpg\" \/>\n\t<meta property=\"og:image:width\" content=\"698\" \/>\n\t<meta property=\"og:image:height\" content=\"388\" \/>\n\t<meta property=\"og:image:type\" content=\"image\/jpeg\" \/>\n<meta name=\"twitter:card\" content=\"summary_large_image\" \/>\n<meta name=\"twitter:site\" content=\"@CoroEaso\" \/>\n<meta name=\"twitter:label1\" content=\"Est. reading time\" \/>\n\t<meta name=\"twitter:data1\" content=\"4 minutes\" \/>\n<script type=\"application\/ld+json\" class=\"yoast-schema-graph\">{\"@context\":\"https:\/\/schema.org\",\"@graph\":[{\"@type\":\"WebPage\",\"@id\":\"https:\/\/coroeaso.com\/eu\/lege-oharra\/\",\"url\":\"https:\/\/coroeaso.com\/eu\/lege-oharra\/\",\"name\":\"Lege oharra - Coro Easo Abesbatza\",\"isPartOf\":{\"@id\":\"https:\/\/coroeaso.com\/eu\/#website\"},\"datePublished\":\"2022-08-10T06:40:44+00:00\",\"dateModified\":\"2022-08-10T07:13:42+00:00\",\"breadcrumb\":{\"@id\":\"https:\/\/coroeaso.com\/eu\/lege-oharra\/#breadcrumb\"},\"inLanguage\":\"eu-ES\",\"potentialAction\":[{\"@type\":\"ReadAction\",\"target\":[\"https:\/\/coroeaso.com\/eu\/lege-oharra\/\"]}]},{\"@type\":\"BreadcrumbList\",\"@id\":\"https:\/\/coroeaso.com\/eu\/lege-oharra\/#breadcrumb\",\"itemListElement\":[{\"@type\":\"ListItem\",\"position\":1,\"name\":\"Portada\",\"item\":\"https:\/\/coroeaso.com\/eu\/\"},{\"@type\":\"ListItem\",\"position\":2,\"name\":\"Lege oharra\"}]},{\"@type\":\"WebSite\",\"@id\":\"https:\/\/coroeaso.com\/eu\/#website\",\"url\":\"https:\/\/coroeaso.com\/eu\/\",\"name\":\"Coro Easo Abesbatza\",\"description\":\"La Asociaci\u00f3n Coro Easo es una entidad cuya finalidad principal es la creaci\u00f3n, el impulso y formaci\u00f3n de coros amateurs con una aspiraci\u00f3n de calidad cercana a la de los grandes coros profesionales, de manera que puedan participar en festivales y conciertos de mayor nivel y exigencia.\",\"publisher\":{\"@id\":\"https:\/\/coroeaso.com\/eu\/#organization\"},\"potentialAction\":[{\"@type\":\"SearchAction\",\"target\":{\"@type\":\"EntryPoint\",\"urlTemplate\":\"https:\/\/coroeaso.com\/eu\/?s={search_term_string}\"},\"query-input\":{\"@type\":\"PropertyValueSpecification\",\"valueRequired\":true,\"valueName\":\"search_term_string\"}}],\"inLanguage\":\"eu-ES\"},{\"@type\":\"Organization\",\"@id\":\"https:\/\/coroeaso.com\/eu\/#organization\",\"name\":\"Coro Easo\",\"url\":\"https:\/\/coroeaso.com\/eu\/\",\"logo\":{\"@type\":\"ImageObject\",\"inLanguage\":\"eu-ES\",\"@id\":\"https:\/\/coroeaso.com\/eu\/#\/schema\/logo\/image\/\",\"url\":\"https:\/\/coro-easo.triplevdoble-dev01.com\/wp-content\/uploads\/2021\/12\/logo-coro-easo.png\",\"contentUrl\":\"https:\/\/coro-easo.triplevdoble-dev01.com\/wp-content\/uploads\/2021\/12\/logo-coro-easo.png\",\"width\":1181,\"height\":352,\"caption\":\"Coro Easo\"},\"image\":{\"@id\":\"https:\/\/coroeaso.com\/eu\/#\/schema\/logo\/image\/\"},\"sameAs\":[\"https:\/\/www.facebook.com\/coroeaso\/\",\"https:\/\/x.com\/CoroEaso\",\"https:\/\/www.instagram.com\/coroeaso\/\",\"https:\/\/www.youtube.com\/channel\/UCPzsfSUbmO8ilswrFa7P1qw\"]}]}<\/script>\n<!-- \/ Yoast SEO plugin. -->","yoast_head_json":{"title":"Lege oharra - Coro Easo Abesbatza","robots":{"index":"index","follow":"follow","max-snippet":"max-snippet:-1","max-image-preview":"max-image-preview:large","max-video-preview":"max-video-preview:-1"},"canonical":"https:\/\/coroeaso.com\/eu\/lege-oharra\/","og_locale":"eu_ES","og_type":"article","og_title":"Lege oharra - Coro Easo Abesbatza","og_description":"Uztailak 11ko 34\/2002 Legea, Sozietatearen Informazio Zerbitzuen eta salerosketa elektronikoaren ingurukoa (SIZL-SE), betearazteko helburuarekin, Asociaci\u00f3n Coro Easo enpresak jakinarazten dizu webgune honen titularra dela. Era beran, aipatutako Legearen 10. artikuluak dioena betez, hurrengo informazioa eskuragarri jartzen dugu: Enpresa Asociaci\u00f3n Coro Easo NIFIFZ G20069126 Helbidea Paseo Dr. Mara\u00f1\u00f3n 20 &#8211; bajo, 20009 Donostia &#8211; San Sebasti\u00e1n [&hellip;]","og_url":"https:\/\/coroeaso.com\/eu\/lege-oharra\/","og_site_name":"Coro Easo Abesbatza","article_publisher":"https:\/\/www.facebook.com\/coroeaso\/","article_modified_time":"2022-08-10T07:13:42+00:00","og_image":[{"width":698,"height":388,"url":"https:\/\/coroeaso.com\/wp-content\/uploads\/2022\/04\/coro-easo-eventos.jpg","type":"image\/jpeg"}],"twitter_card":"summary_large_image","twitter_site":"@CoroEaso","twitter_misc":{"Est. reading time":"4 minutes"},"schema":{"@context":"https:\/\/schema.org","@graph":[{"@type":"WebPage","@id":"https:\/\/coroeaso.com\/eu\/lege-oharra\/","url":"https:\/\/coroeaso.com\/eu\/lege-oharra\/","name":"Lege oharra - Coro Easo Abesbatza","isPartOf":{"@id":"https:\/\/coroeaso.com\/eu\/#website"},"datePublished":"2022-08-10T06:40:44+00:00","dateModified":"2022-08-10T07:13:42+00:00","breadcrumb":{"@id":"https:\/\/coroeaso.com\/eu\/lege-oharra\/#breadcrumb"},"inLanguage":"eu-ES","potentialAction":[{"@type":"ReadAction","target":["https:\/\/coroeaso.com\/eu\/lege-oharra\/"]}]},{"@type":"BreadcrumbList","@id":"https:\/\/coroeaso.com\/eu\/lege-oharra\/#breadcrumb","itemListElement":[{"@type":"ListItem","position":1,"name":"Portada","item":"https:\/\/coroeaso.com\/eu\/"},{"@type":"ListItem","position":2,"name":"Lege oharra"}]},{"@type":"WebSite","@id":"https:\/\/coroeaso.com\/eu\/#website","url":"https:\/\/coroeaso.com\/eu\/","name":"Coro Easo Abesbatza","description":"La Asociaci\u00f3n Coro Easo es una entidad cuya finalidad principal es la creaci\u00f3n, el impulso y formaci\u00f3n de coros amateurs con una aspiraci\u00f3n de calidad cercana a la de los grandes coros profesionales, de manera que puedan participar en festivales y conciertos de mayor nivel y exigencia.","publisher":{"@id":"https:\/\/coroeaso.com\/eu\/#organization"},"potentialAction":[{"@type":"SearchAction","target":{"@type":"EntryPoint","urlTemplate":"https:\/\/coroeaso.com\/eu\/?s={search_term_string}"},"query-input":{"@type":"PropertyValueSpecification","valueRequired":true,"valueName":"search_term_string"}}],"inLanguage":"eu-ES"},{"@type":"Organization","@id":"https:\/\/coroeaso.com\/eu\/#organization","name":"Coro Easo","url":"https:\/\/coroeaso.com\/eu\/","logo":{"@type":"ImageObject","inLanguage":"eu-ES","@id":"https:\/\/coroeaso.com\/eu\/#\/schema\/logo\/image\/","url":"https:\/\/coro-easo.triplevdoble-dev01.com\/wp-content\/uploads\/2021\/12\/logo-coro-easo.png","contentUrl":"https:\/\/coro-easo.triplevdoble-dev01.com\/wp-content\/uploads\/2021\/12\/logo-coro-easo.png","width":1181,"height":352,"caption":"Coro Easo"},"image":{"@id":"https:\/\/coroeaso.com\/eu\/#\/schema\/logo\/image\/"},"sameAs":["https:\/\/www.facebook.com\/coroeaso\/","https:\/\/x.com\/CoroEaso","https:\/\/www.instagram.com\/coroeaso\/","https:\/\/www.youtube.com\/channel\/UCPzsfSUbmO8ilswrFa7P1qw"]}]}},"_links":{"self":[{"href":"https:\/\/coroeaso.com\/eu\/wp-json\/wp\/v2\/pages\/2836","targetHints":{"allow":["GET"]}}],"collection":[{"href":"https:\/\/coroeaso.com\/eu\/wp-json\/wp\/v2\/pages"}],"about":[{"href":"https:\/\/coroeaso.com\/eu\/wp-json\/wp\/v2\/types\/page"}],"author":[{"embeddable":true,"href":"https:\/\/coroeaso.com\/eu\/wp-json\/wp\/v2\/users\/1"}],"replies":[{"embeddable":true,"href":"https:\/\/coroeaso.com\/eu\/wp-json\/wp\/v2\/comments?post=2836"}],"version-history":[{"count":1,"href":"https:\/\/coroeaso.com\/eu\/wp-json\/wp\/v2\/pages\/2836\/revisions"}],"predecessor-version":[{"id":2838,"href":"https:\/\/coroeaso.com\/eu\/wp-json\/wp\/v2\/pages\/2836\/revisions\/2838"}],"wp:attachment":[{"href":"https:\/\/coroeaso.com\/eu\/wp-json\/wp\/v2\/media?parent=2836"}],"curies":[{"name":"wp","href":"https:\/\/api.w.org\/{rel}","templated":true}]}}