{"id":2660,"date":"2021-07-07T11:09:10","date_gmt":"2021-07-07T09:09:10","guid":{"rendered":"https:\/\/coro-easo.triplevdoble-dev01.com\/amigos-y-socios\/"},"modified":"2022-08-12T00:54:48","modified_gmt":"2022-08-11T22:54:48","slug":"lagunak-eta-bazkideak","status":"publish","type":"page","link":"https:\/\/coroeaso.com\/eu\/lagunak-eta-bazkideak\/","title":{"rendered":"Lagunak eta Bazkideak"},"content":{"rendered":"\n<h3 class=\"wp-block-heading\"><strong>Egin zaitez gure abesbatzaren partaide. Zure laguntza oso garrantzitsua da gure abesbatzak mantentzeko eta zure babesa saritu nahi dugu.<\/strong><\/h3>\n\n\n\n<p>Easo Abesbatzaren lagunek, beraien presentzia eta baliostearekin, lanean jarraitzeko gogoa eta motibazioa transmititzen digute. Halaber, urteko ekarpenari esker, iharduera ekonomikoaren garapenean euskarri garrantzitsua dira gure bazkideak.<\/p>\n\n\n\n<hr class=\"wp-block-separator has-css-opacity\"\/>\n\n\n\n<div class=\"wp-block-columns is-layout-flex wp-container-core-columns-is-layout-9d6595d7 wp-block-columns-is-layout-flex\">\n<div class=\"wp-block-column is-layout-flow wp-block-column-is-layout-flow\">\n<p>1940 urteaz geroztik Easo Abesbatzak gogor egin du lan gizartearen zerbitzura, gure herriaren kultura bultzatzeko amoz.<\/p>\n\n\n\n<p>Hori dela eta, Easo Abesbatzairen lagun izateko proposamena luzatzen dizuegu, izan zaitez gure lorpen eta arrakasten partaide.<\/p>\n\n\n\n<ul class=\"has-cyan-bluish-gray-background-color has-background wp-block-list\"><li>Abantailak<\/li><li>Easo Abeabtzaren urteko aldizkaria<\/li><li>Lagun-Bazkideen kontzertaurentzako gonbidapenak<\/li><\/ul>\n<\/div>\n\n\n\n<div class=\"wp-block-column is-layout-flow wp-block-column-is-layout-flow\">\n<h4 class=\"wp-block-heading\"><strong>Zalantzak dituzu? Jar zaitez gurekin harremanetan:<\/strong><\/h4>\n\n\n\n<div class=\"wpcf7 no-js\" id=\"wpcf7-f2792-o1\" lang=\"eu-ES\" dir=\"ltr\" data-wpcf7-id=\"2792\">\n<div class=\"screen-reader-response\"><p role=\"status\" aria-live=\"polite\" aria-atomic=\"true\"><\/p> <ul><\/ul><\/div>\n<form action=\"\/eu\/wp-json\/wp\/v2\/pages\/2660#wpcf7-f2792-o1\" method=\"post\" class=\"wpcf7-form init\" aria-label=\"Contact form\" novalidate=\"novalidate\" data-status=\"init\">\n<fieldset class=\"hidden-fields-container\"><input type=\"hidden\" name=\"_wpcf7\" value=\"2792\" \/><input type=\"hidden\" name=\"_wpcf7_version\" value=\"6.1.4\" \/><input type=\"hidden\" name=\"_wpcf7_locale\" value=\"eu_ES\" \/><input type=\"hidden\" name=\"_wpcf7_unit_tag\" value=\"wpcf7-f2792-o1\" \/><input type=\"hidden\" name=\"_wpcf7_container_post\" value=\"0\" \/><input type=\"hidden\" name=\"_wpcf7_posted_data_hash\" value=\"\" \/>\n<\/fieldset>\n<p><label> Izena<br \/>\n<span class=\"wpcf7-form-control-wrap\" data-name=\"your-name\"><input size=\"40\" maxlength=\"400\" class=\"wpcf7-form-control wpcf7-text wpcf7-validates-as-required\" aria-required=\"true\" aria-invalid=\"false\" value=\"\" type=\"text\" name=\"your-name\" \/><\/span> <\/label>\n<\/p>\n<p><label> Posta elektronikoa<br \/>\n<span class=\"wpcf7-form-control-wrap\" data-name=\"your-email\"><input size=\"40\" maxlength=\"400\" class=\"wpcf7-form-control wpcf7-email wpcf7-validates-as-required wpcf7-text wpcf7-validates-as-email\" aria-required=\"true\" aria-invalid=\"false\" value=\"\" type=\"email\" name=\"your-email\" \/><\/span> <\/label>\n<\/p>\n<p><label> Gaia<br \/>\n<span class=\"wpcf7-form-control-wrap\" data-name=\"your-message\"><textarea cols=\"40\" rows=\"10\" maxlength=\"2000\" class=\"wpcf7-form-control wpcf7-textarea\" aria-invalid=\"false\" name=\"your-message\"><\/textarea><\/span> <\/label>\n<\/p>\n<p><label> <span class=\"wpcf7-form-control-wrap\" data-name=\"aceptation\"><span class=\"wpcf7-form-control wpcf7-acceptance\"><span class=\"wpcf7-list-item\"><label><input type=\"checkbox\" name=\"aceptation\" value=\"1\" aria-invalid=\"false\" \/><span class=\"wpcf7-list-item-label\"><a href=\"\/aviso-legal\/\">Pribatutasun Politika<\/a> onartzen dut<\/span><\/label><\/span><\/span><\/span> <\/label>\n<\/p>\n<p><input class=\"wpcf7-form-control wpcf7-submit has-spinner\" type=\"submit\" value=\"Bidali\" \/>\n<\/p><div class=\"wpcf7-response-output\" aria-hidden=\"true\"><\/div>\n<\/form>\n<\/div>\n\n<\/div>\n<\/div>\n\n\n\n<p><\/p>\n","protected":false},"excerpt":{"rendered":"<p>Egin zaitez gure abesbatzaren partaide. Zure laguntza oso garrantzitsua da gure abesbatzak mantentzeko eta zure babesa saritu nahi dugu. Easo Abesbatzaren lagunek, beraien presentzia eta baliostearekin, lanean jarraitzeko gogoa eta motibazioa transmititzen digute. Halaber, urteko ekarpenari esker, iharduera ekonomikoaren garapenean euskarri garrantzitsua dira gure bazkideak. 1940 urteaz geroztik Easo Abesbatzak gogor egin du lan gizartearen [&hellip;]<\/p>\n","protected":false},"author":1,"featured_media":615,"parent":0,"menu_order":0,"comment_status":"closed","ping_status":"closed","template":"page-amigos-socios.php","meta":{"_acf_changed":false,"footnotes":""},"class_list":["post-2660","page","type-page","status-publish","has-post-thumbnail","hentry"],"acf":[],"yoast_head":"<!-- This site is optimized with the Yoast SEO plugin v26.5 - https:\/\/yoast.com\/wordpress\/plugins\/seo\/ -->\n<title>Lagunak eta Bazkideak - Coro Easo Abesbatza<\/title>\n<meta name=\"robots\" content=\"index, follow, max-snippet:-1, max-image-preview:large, max-video-preview:-1\" \/>\n<link rel=\"canonical\" href=\"https:\/\/coroeaso.com\/eu\/lagunak-eta-bazkideak\/\" \/>\n<meta property=\"og:locale\" content=\"eu_ES\" \/>\n<meta property=\"og:type\" content=\"article\" \/>\n<meta property=\"og:title\" content=\"Lagunak eta Bazkideak - Coro Easo Abesbatza\" \/>\n<meta property=\"og:description\" content=\"Egin zaitez gure abesbatzaren partaide. Zure laguntza oso garrantzitsua da gure abesbatzak mantentzeko eta zure babesa saritu nahi dugu. Easo Abesbatzaren lagunek, beraien presentzia eta baliostearekin, lanean jarraitzeko gogoa eta motibazioa transmititzen digute. Halaber, urteko ekarpenari esker, iharduera ekonomikoaren garapenean euskarri garrantzitsua dira gure bazkideak. 1940 urteaz geroztik Easo Abesbatzak gogor egin du lan gizartearen [&hellip;]\" \/>\n<meta property=\"og:url\" content=\"https:\/\/coroeaso.com\/eu\/lagunak-eta-bazkideak\/\" \/>\n<meta property=\"og:site_name\" content=\"Coro Easo Abesbatza\" \/>\n<meta property=\"article:publisher\" content=\"https:\/\/www.facebook.com\/coroeaso\/\" \/>\n<meta property=\"article:modified_time\" content=\"2022-08-11T22:54:48+00:00\" \/>\n<meta property=\"og:image\" content=\"https:\/\/coroeaso.com\/wp-content\/uploads\/2021\/08\/pexels-tima-miroshnichenko-7991489-scaled.jpg\" \/>\n\t<meta property=\"og:image:width\" content=\"2560\" \/>\n\t<meta property=\"og:image:height\" content=\"1707\" \/>\n\t<meta property=\"og:image:type\" content=\"image\/jpeg\" \/>\n<meta name=\"twitter:card\" content=\"summary_large_image\" \/>\n<meta name=\"twitter:site\" content=\"@CoroEaso\" \/>\n<meta name=\"twitter:label1\" content=\"Est. reading time\" \/>\n\t<meta name=\"twitter:data1\" content=\"1 minute\" \/>\n<script type=\"application\/ld+json\" class=\"yoast-schema-graph\">{\"@context\":\"https:\/\/schema.org\",\"@graph\":[{\"@type\":\"WebPage\",\"@id\":\"https:\/\/coroeaso.com\/eu\/lagunak-eta-bazkideak\/\",\"url\":\"https:\/\/coroeaso.com\/eu\/lagunak-eta-bazkideak\/\",\"name\":\"Lagunak eta Bazkideak - Coro Easo Abesbatza\",\"isPartOf\":{\"@id\":\"https:\/\/coroeaso.com\/eu\/#website\"},\"primaryImageOfPage\":{\"@id\":\"https:\/\/coroeaso.com\/eu\/lagunak-eta-bazkideak\/#primaryimage\"},\"image\":{\"@id\":\"https:\/\/coroeaso.com\/eu\/lagunak-eta-bazkideak\/#primaryimage\"},\"thumbnailUrl\":\"https:\/\/coroeaso.com\/wp-content\/uploads\/2021\/08\/pexels-tima-miroshnichenko-7991489-scaled.jpg\",\"datePublished\":\"2021-07-07T09:09:10+00:00\",\"dateModified\":\"2022-08-11T22:54:48+00:00\",\"breadcrumb\":{\"@id\":\"https:\/\/coroeaso.com\/eu\/lagunak-eta-bazkideak\/#breadcrumb\"},\"inLanguage\":\"eu-ES\",\"potentialAction\":[{\"@type\":\"ReadAction\",\"target\":[\"https:\/\/coroeaso.com\/eu\/lagunak-eta-bazkideak\/\"]}]},{\"@type\":\"ImageObject\",\"inLanguage\":\"eu-ES\",\"@id\":\"https:\/\/coroeaso.com\/eu\/lagunak-eta-bazkideak\/#primaryimage\",\"url\":\"https:\/\/coroeaso.com\/wp-content\/uploads\/2021\/08\/pexels-tima-miroshnichenko-7991489-scaled.jpg\",\"contentUrl\":\"https:\/\/coroeaso.com\/wp-content\/uploads\/2021\/08\/pexels-tima-miroshnichenko-7991489-scaled.jpg\",\"width\":2560,\"height\":1707},{\"@type\":\"BreadcrumbList\",\"@id\":\"https:\/\/coroeaso.com\/eu\/lagunak-eta-bazkideak\/#breadcrumb\",\"itemListElement\":[{\"@type\":\"ListItem\",\"position\":1,\"name\":\"Portada\",\"item\":\"https:\/\/coroeaso.com\/eu\/\"},{\"@type\":\"ListItem\",\"position\":2,\"name\":\"Lagunak eta Bazkideak\"}]},{\"@type\":\"WebSite\",\"@id\":\"https:\/\/coroeaso.com\/eu\/#website\",\"url\":\"https:\/\/coroeaso.com\/eu\/\",\"name\":\"Coro Easo Abesbatza\",\"description\":\"La Asociaci\u00f3n Coro Easo es una entidad cuya finalidad principal es la creaci\u00f3n, el impulso y formaci\u00f3n de coros amateurs con una aspiraci\u00f3n de calidad cercana a la de los grandes coros profesionales, de manera que puedan participar en festivales y conciertos de mayor nivel y exigencia.\",\"publisher\":{\"@id\":\"https:\/\/coroeaso.com\/eu\/#organization\"},\"potentialAction\":[{\"@type\":\"SearchAction\",\"target\":{\"@type\":\"EntryPoint\",\"urlTemplate\":\"https:\/\/coroeaso.com\/eu\/?s={search_term_string}\"},\"query-input\":{\"@type\":\"PropertyValueSpecification\",\"valueRequired\":true,\"valueName\":\"search_term_string\"}}],\"inLanguage\":\"eu-ES\"},{\"@type\":\"Organization\",\"@id\":\"https:\/\/coroeaso.com\/eu\/#organization\",\"name\":\"Coro Easo\",\"url\":\"https:\/\/coroeaso.com\/eu\/\",\"logo\":{\"@type\":\"ImageObject\",\"inLanguage\":\"eu-ES\",\"@id\":\"https:\/\/coroeaso.com\/eu\/#\/schema\/logo\/image\/\",\"url\":\"https:\/\/coro-easo.triplevdoble-dev01.com\/wp-content\/uploads\/2021\/12\/logo-coro-easo.png\",\"contentUrl\":\"https:\/\/coro-easo.triplevdoble-dev01.com\/wp-content\/uploads\/2021\/12\/logo-coro-easo.png\",\"width\":1181,\"height\":352,\"caption\":\"Coro Easo\"},\"image\":{\"@id\":\"https:\/\/coroeaso.com\/eu\/#\/schema\/logo\/image\/\"},\"sameAs\":[\"https:\/\/www.facebook.com\/coroeaso\/\",\"https:\/\/x.com\/CoroEaso\",\"https:\/\/www.instagram.com\/coroeaso\/\",\"https:\/\/www.youtube.com\/channel\/UCPzsfSUbmO8ilswrFa7P1qw\"]}]}<\/script>\n<!-- \/ Yoast SEO plugin. -->","yoast_head_json":{"title":"Lagunak eta Bazkideak - Coro Easo Abesbatza","robots":{"index":"index","follow":"follow","max-snippet":"max-snippet:-1","max-image-preview":"max-image-preview:large","max-video-preview":"max-video-preview:-1"},"canonical":"https:\/\/coroeaso.com\/eu\/lagunak-eta-bazkideak\/","og_locale":"eu_ES","og_type":"article","og_title":"Lagunak eta Bazkideak - Coro Easo Abesbatza","og_description":"Egin zaitez gure abesbatzaren partaide. Zure laguntza oso garrantzitsua da gure abesbatzak mantentzeko eta zure babesa saritu nahi dugu. Easo Abesbatzaren lagunek, beraien presentzia eta baliostearekin, lanean jarraitzeko gogoa eta motibazioa transmititzen digute. Halaber, urteko ekarpenari esker, iharduera ekonomikoaren garapenean euskarri garrantzitsua dira gure bazkideak. 1940 urteaz geroztik Easo Abesbatzak gogor egin du lan gizartearen [&hellip;]","og_url":"https:\/\/coroeaso.com\/eu\/lagunak-eta-bazkideak\/","og_site_name":"Coro Easo Abesbatza","article_publisher":"https:\/\/www.facebook.com\/coroeaso\/","article_modified_time":"2022-08-11T22:54:48+00:00","og_image":[{"width":2560,"height":1707,"url":"https:\/\/coroeaso.com\/wp-content\/uploads\/2021\/08\/pexels-tima-miroshnichenko-7991489-scaled.jpg","type":"image\/jpeg"}],"twitter_card":"summary_large_image","twitter_site":"@CoroEaso","twitter_misc":{"Est. reading time":"1 minute"},"schema":{"@context":"https:\/\/schema.org","@graph":[{"@type":"WebPage","@id":"https:\/\/coroeaso.com\/eu\/lagunak-eta-bazkideak\/","url":"https:\/\/coroeaso.com\/eu\/lagunak-eta-bazkideak\/","name":"Lagunak eta Bazkideak - Coro Easo Abesbatza","isPartOf":{"@id":"https:\/\/coroeaso.com\/eu\/#website"},"primaryImageOfPage":{"@id":"https:\/\/coroeaso.com\/eu\/lagunak-eta-bazkideak\/#primaryimage"},"image":{"@id":"https:\/\/coroeaso.com\/eu\/lagunak-eta-bazkideak\/#primaryimage"},"thumbnailUrl":"https:\/\/coroeaso.com\/wp-content\/uploads\/2021\/08\/pexels-tima-miroshnichenko-7991489-scaled.jpg","datePublished":"2021-07-07T09:09:10+00:00","dateModified":"2022-08-11T22:54:48+00:00","breadcrumb":{"@id":"https:\/\/coroeaso.com\/eu\/lagunak-eta-bazkideak\/#breadcrumb"},"inLanguage":"eu-ES","potentialAction":[{"@type":"ReadAction","target":["https:\/\/coroeaso.com\/eu\/lagunak-eta-bazkideak\/"]}]},{"@type":"ImageObject","inLanguage":"eu-ES","@id":"https:\/\/coroeaso.com\/eu\/lagunak-eta-bazkideak\/#primaryimage","url":"https:\/\/coroeaso.com\/wp-content\/uploads\/2021\/08\/pexels-tima-miroshnichenko-7991489-scaled.jpg","contentUrl":"https:\/\/coroeaso.com\/wp-content\/uploads\/2021\/08\/pexels-tima-miroshnichenko-7991489-scaled.jpg","width":2560,"height":1707},{"@type":"BreadcrumbList","@id":"https:\/\/coroeaso.com\/eu\/lagunak-eta-bazkideak\/#breadcrumb","itemListElement":[{"@type":"ListItem","position":1,"name":"Portada","item":"https:\/\/coroeaso.com\/eu\/"},{"@type":"ListItem","position":2,"name":"Lagunak eta Bazkideak"}]},{"@type":"WebSite","@id":"https:\/\/coroeaso.com\/eu\/#website","url":"https:\/\/coroeaso.com\/eu\/","name":"Coro Easo Abesbatza","description":"La Asociaci\u00f3n Coro Easo es una entidad cuya finalidad principal es la creaci\u00f3n, el impulso y formaci\u00f3n de coros amateurs con una aspiraci\u00f3n de calidad cercana a la de los grandes coros profesionales, de manera que puedan participar en festivales y conciertos de mayor nivel y exigencia.","publisher":{"@id":"https:\/\/coroeaso.com\/eu\/#organization"},"potentialAction":[{"@type":"SearchAction","target":{"@type":"EntryPoint","urlTemplate":"https:\/\/coroeaso.com\/eu\/?s={search_term_string}"},"query-input":{"@type":"PropertyValueSpecification","valueRequired":true,"valueName":"search_term_string"}}],"inLanguage":"eu-ES"},{"@type":"Organization","@id":"https:\/\/coroeaso.com\/eu\/#organization","name":"Coro Easo","url":"https:\/\/coroeaso.com\/eu\/","logo":{"@type":"ImageObject","inLanguage":"eu-ES","@id":"https:\/\/coroeaso.com\/eu\/#\/schema\/logo\/image\/","url":"https:\/\/coro-easo.triplevdoble-dev01.com\/wp-content\/uploads\/2021\/12\/logo-coro-easo.png","contentUrl":"https:\/\/coro-easo.triplevdoble-dev01.com\/wp-content\/uploads\/2021\/12\/logo-coro-easo.png","width":1181,"height":352,"caption":"Coro Easo"},"image":{"@id":"https:\/\/coroeaso.com\/eu\/#\/schema\/logo\/image\/"},"sameAs":["https:\/\/www.facebook.com\/coroeaso\/","https:\/\/x.com\/CoroEaso","https:\/\/www.instagram.com\/coroeaso\/","https:\/\/www.youtube.com\/channel\/UCPzsfSUbmO8ilswrFa7P1qw"]}]}},"_links":{"self":[{"href":"https:\/\/coroeaso.com\/eu\/wp-json\/wp\/v2\/pages\/2660","targetHints":{"allow":["GET"]}}],"collection":[{"href":"https:\/\/coroeaso.com\/eu\/wp-json\/wp\/v2\/pages"}],"about":[{"href":"https:\/\/coroeaso.com\/eu\/wp-json\/wp\/v2\/types\/page"}],"author":[{"embeddable":true,"href":"https:\/\/coroeaso.com\/eu\/wp-json\/wp\/v2\/users\/1"}],"replies":[{"embeddable":true,"href":"https:\/\/coroeaso.com\/eu\/wp-json\/wp\/v2\/comments?post=2660"}],"version-history":[{"count":2,"href":"https:\/\/coroeaso.com\/eu\/wp-json\/wp\/v2\/pages\/2660\/revisions"}],"predecessor-version":[{"id":2997,"href":"https:\/\/coroeaso.com\/eu\/wp-json\/wp\/v2\/pages\/2660\/revisions\/2997"}],"wp:featuredmedia":[{"embeddable":true,"href":"https:\/\/coroeaso.com\/eu\/wp-json\/wp\/v2\/media\/615"}],"wp:attachment":[{"href":"https:\/\/coroeaso.com\/eu\/wp-json\/wp\/v2\/media?parent=2660"}],"curies":[{"name":"wp","href":"https:\/\/api.w.org\/{rel}","templated":true}]}}