{"id":2654,"date":"2021-12-15T10:50:38","date_gmt":"2021-12-15T08:50:38","guid":{"rendered":"https:\/\/coro-easo.triplevdoble-dev01.com\/buscamos-nuevas-voces\/"},"modified":"2022-08-08T17:58:38","modified_gmt":"2022-08-08T15:58:38","slug":"ahots-berrien-bila-gabiltza","status":"publish","type":"page","link":"https:\/\/coroeaso.com\/eu\/ahots-berrien-bila-gabiltza\/","title":{"rendered":"Ahots berrien bila gabiltza"},"content":{"rendered":"\n<h3 class=\"wp-block-heading\"><strong>Easo Abesbatzak ahots berriak sartzeko deialdia egiten du, gure edozein abesbatzetan, abesbatza-musikaz gozatzeko giroan.<\/strong><\/h3>\n\n\n\n<p>Gure abesbatza-aniztasunari esker, betiere exijentzia eta kalitate maila aproposak bermatuz, zazpi urterekin abesten hasi eta bizitzako etapa guztietan abesten jarraitzeko aukera eskaintzen dugu, zahartzarora arte eta etenik gabe.<\/p>\n\n\n\n<hr class=\"wp-block-separator has-alpha-channel-opacity\"\/>\n\n\n\n<div class=\"wp-block-columns is-layout-flex wp-container-core-columns-is-layout-9d6595d7 wp-block-columns-is-layout-flex\">\n<div class=\"wp-block-column is-layout-flow wp-block-column-is-layout-flow\">\n<p>Egokiena zazpi edo zortzi urterekin hastea da, musika eta abesbatza formakuntza sendoan lehen pausoak emanez. Gure lan talde profesionalak abesbatzen kalitatea zein kantu gaitasunen hobekuntza bermatzen dute, honela baterako kantuan murgiltzeko esperientzia berezia sortuz.<\/p>\n\n\n\n<p>Hala ere, edozein momentutan izan zaitezke Easo Abesbatzaren parte. Zure adinak eta zure ahots-ezaugarriek bide onena erakutsiko digute, gure abesbatza egitura zabalean parte hartu eta goza dezazun.<\/p>\n\n\n\n<p>Ausar zaitez abesbatza esperientzia berriki bizitzen edo jarraitzen: hurbildu zaitez Easo Abesbatzara!<\/p>\n<\/div>\n\n\n\n<div class=\"wp-block-column is-layout-flow wp-block-column-is-layout-flow\">\n<h4 class=\"wp-block-heading\"><strong>Alantzak dituzu? Jar zaitez gurekin harremanetan:<\/strong><\/h4>\n\n\n\n<div class=\"wpcf7 no-js\" id=\"wpcf7-f2794-o1\" lang=\"eu-ES\" dir=\"ltr\" data-wpcf7-id=\"2794\">\n<div class=\"screen-reader-response\"><p role=\"status\" aria-live=\"polite\" aria-atomic=\"true\"><\/p> <ul><\/ul><\/div>\n<form action=\"\/eu\/wp-json\/wp\/v2\/pages\/2654#wpcf7-f2794-o1\" method=\"post\" class=\"wpcf7-form init\" aria-label=\"Contact form\" novalidate=\"novalidate\" data-status=\"init\">\n<fieldset class=\"hidden-fields-container\"><input type=\"hidden\" name=\"_wpcf7\" value=\"2794\" \/><input type=\"hidden\" name=\"_wpcf7_version\" value=\"6.1.4\" \/><input type=\"hidden\" name=\"_wpcf7_locale\" value=\"eu_ES\" \/><input type=\"hidden\" name=\"_wpcf7_unit_tag\" value=\"wpcf7-f2794-o1\" \/><input type=\"hidden\" name=\"_wpcf7_container_post\" value=\"0\" \/><input type=\"hidden\" name=\"_wpcf7_posted_data_hash\" value=\"\" \/>\n<\/fieldset>\n<p><label> Izena<br \/>\n<span class=\"wpcf7-form-control-wrap\" data-name=\"your-name\"><input size=\"40\" maxlength=\"400\" class=\"wpcf7-form-control wpcf7-text wpcf7-validates-as-required\" aria-required=\"true\" aria-invalid=\"false\" value=\"\" type=\"text\" name=\"your-name\" \/><\/span> <\/label>\n<\/p>\n<p><label> Posta elektronikoa<br \/>\n<span class=\"wpcf7-form-control-wrap\" data-name=\"your-email\"><input size=\"40\" maxlength=\"400\" class=\"wpcf7-form-control wpcf7-email wpcf7-validates-as-required wpcf7-text wpcf7-validates-as-email\" aria-required=\"true\" aria-invalid=\"false\" value=\"\" type=\"email\" name=\"your-email\" \/><\/span> <\/label>\n<\/p>\n<p><label> Gaia<br \/>\n<span class=\"wpcf7-form-control-wrap\" data-name=\"your-message\"><textarea cols=\"40\" rows=\"10\" maxlength=\"2000\" class=\"wpcf7-form-control wpcf7-textarea\" aria-invalid=\"false\" name=\"your-message\"><\/textarea><\/span> <\/label>\n<\/p>\n<p><label> <span class=\"wpcf7-form-control-wrap\" data-name=\"aceptation\"><span class=\"wpcf7-form-control wpcf7-acceptance\"><span class=\"wpcf7-list-item\"><label><input type=\"checkbox\" name=\"aceptation\" value=\"1\" aria-invalid=\"false\" \/><span class=\"wpcf7-list-item-label\"><a href=\"\/aviso-legal\/\">Pribatutasun Politika<\/a> onartzen dut<\/span><\/label><\/span><\/span><\/span> <\/label>\n<\/p>\n<p><input class=\"wpcf7-form-control wpcf7-submit has-spinner\" type=\"submit\" value=\"Bidali\" \/>\n<\/p><div class=\"wpcf7-response-output\" aria-hidden=\"true\"><\/div>\n<\/form>\n<\/div>\n\n<\/div>\n<\/div>\n","protected":false},"excerpt":{"rendered":"<p>Easo Abesbatzak ahots berriak sartzeko deialdia egiten du, gure edozein abesbatzetan, abesbatza-musikaz gozatzeko giroan. Gure abesbatza-aniztasunari esker, betiere exijentzia eta kalitate maila aproposak bermatuz, zazpi urterekin abesten hasi eta bizitzako etapa guztietan abesten jarraitzeko aukera eskaintzen dugu, zahartzarora arte eta etenik gabe. Egokiena zazpi edo zortzi urterekin hastea da, musika eta abesbatza formakuntza sendoan lehen [&hellip;]<\/p>\n","protected":false},"author":1,"featured_media":2028,"parent":0,"menu_order":0,"comment_status":"closed","ping_status":"closed","template":"","meta":{"_acf_changed":false,"footnotes":""},"class_list":["post-2654","page","type-page","status-publish","has-post-thumbnail","hentry"],"acf":[],"yoast_head":"<!-- This site is optimized with the Yoast SEO plugin v26.5 - https:\/\/yoast.com\/wordpress\/plugins\/seo\/ -->\n<title>Ahots berrien bila gabiltza - Coro Easo Abesbatza<\/title>\n<meta name=\"robots\" content=\"index, follow, max-snippet:-1, max-image-preview:large, max-video-preview:-1\" \/>\n<link rel=\"canonical\" href=\"https:\/\/coroeaso.com\/eu\/ahots-berrien-bila-gabiltza\/\" \/>\n<meta property=\"og:locale\" content=\"eu_ES\" \/>\n<meta property=\"og:type\" content=\"article\" \/>\n<meta property=\"og:title\" content=\"Ahots berrien bila gabiltza - Coro Easo Abesbatza\" \/>\n<meta property=\"og:description\" content=\"Easo Abesbatzak ahots berriak sartzeko deialdia egiten du, gure edozein abesbatzetan, abesbatza-musikaz gozatzeko giroan. Gure abesbatza-aniztasunari esker, betiere exijentzia eta kalitate maila aproposak bermatuz, zazpi urterekin abesten hasi eta bizitzako etapa guztietan abesten jarraitzeko aukera eskaintzen dugu, zahartzarora arte eta etenik gabe. Egokiena zazpi edo zortzi urterekin hastea da, musika eta abesbatza formakuntza sendoan lehen [&hellip;]\" \/>\n<meta property=\"og:url\" content=\"https:\/\/coroeaso.com\/eu\/ahots-berrien-bila-gabiltza\/\" \/>\n<meta property=\"og:site_name\" content=\"Coro Easo Abesbatza\" \/>\n<meta property=\"article:publisher\" content=\"https:\/\/www.facebook.com\/coroeaso\/\" \/>\n<meta property=\"article:modified_time\" content=\"2022-08-08T15:58:38+00:00\" \/>\n<meta property=\"og:image\" content=\"https:\/\/coroeaso.com\/wp-content\/uploads\/2022\/07\/Hirira-itsasontzia_recort-1-scaled.jpg\" \/>\n\t<meta property=\"og:image:width\" content=\"2560\" \/>\n\t<meta property=\"og:image:height\" content=\"1063\" \/>\n\t<meta property=\"og:image:type\" content=\"image\/jpeg\" \/>\n<meta name=\"twitter:card\" content=\"summary_large_image\" \/>\n<meta name=\"twitter:site\" content=\"@CoroEaso\" \/>\n<meta name=\"twitter:label1\" content=\"Est. reading time\" \/>\n\t<meta name=\"twitter:data1\" content=\"1 minute\" \/>\n<script type=\"application\/ld+json\" class=\"yoast-schema-graph\">{\"@context\":\"https:\/\/schema.org\",\"@graph\":[{\"@type\":\"WebPage\",\"@id\":\"https:\/\/coroeaso.com\/eu\/ahots-berrien-bila-gabiltza\/\",\"url\":\"https:\/\/coroeaso.com\/eu\/ahots-berrien-bila-gabiltza\/\",\"name\":\"Ahots berrien bila gabiltza - Coro Easo Abesbatza\",\"isPartOf\":{\"@id\":\"https:\/\/coroeaso.com\/eu\/#website\"},\"primaryImageOfPage\":{\"@id\":\"https:\/\/coroeaso.com\/eu\/ahots-berrien-bila-gabiltza\/#primaryimage\"},\"image\":{\"@id\":\"https:\/\/coroeaso.com\/eu\/ahots-berrien-bila-gabiltza\/#primaryimage\"},\"thumbnailUrl\":\"https:\/\/coroeaso.com\/wp-content\/uploads\/2022\/07\/Hirira-itsasontzia_recort-1-scaled.jpg\",\"datePublished\":\"2021-12-15T08:50:38+00:00\",\"dateModified\":\"2022-08-08T15:58:38+00:00\",\"breadcrumb\":{\"@id\":\"https:\/\/coroeaso.com\/eu\/ahots-berrien-bila-gabiltza\/#breadcrumb\"},\"inLanguage\":\"eu-ES\",\"potentialAction\":[{\"@type\":\"ReadAction\",\"target\":[\"https:\/\/coroeaso.com\/eu\/ahots-berrien-bila-gabiltza\/\"]}]},{\"@type\":\"ImageObject\",\"inLanguage\":\"eu-ES\",\"@id\":\"https:\/\/coroeaso.com\/eu\/ahots-berrien-bila-gabiltza\/#primaryimage\",\"url\":\"https:\/\/coroeaso.com\/wp-content\/uploads\/2022\/07\/Hirira-itsasontzia_recort-1-scaled.jpg\",\"contentUrl\":\"https:\/\/coroeaso.com\/wp-content\/uploads\/2022\/07\/Hirira-itsasontzia_recort-1-scaled.jpg\",\"width\":2560,\"height\":1063},{\"@type\":\"BreadcrumbList\",\"@id\":\"https:\/\/coroeaso.com\/eu\/ahots-berrien-bila-gabiltza\/#breadcrumb\",\"itemListElement\":[{\"@type\":\"ListItem\",\"position\":1,\"name\":\"Portada\",\"item\":\"https:\/\/coroeaso.com\/eu\/\"},{\"@type\":\"ListItem\",\"position\":2,\"name\":\"Ahots berrien bila gabiltza\"}]},{\"@type\":\"WebSite\",\"@id\":\"https:\/\/coroeaso.com\/eu\/#website\",\"url\":\"https:\/\/coroeaso.com\/eu\/\",\"name\":\"Coro Easo Abesbatza\",\"description\":\"La Asociaci\u00f3n Coro Easo es una entidad cuya finalidad principal es la creaci\u00f3n, el impulso y formaci\u00f3n de coros amateurs con una aspiraci\u00f3n de calidad cercana a la de los grandes coros profesionales, de manera que puedan participar en festivales y conciertos de mayor nivel y exigencia.\",\"publisher\":{\"@id\":\"https:\/\/coroeaso.com\/eu\/#organization\"},\"potentialAction\":[{\"@type\":\"SearchAction\",\"target\":{\"@type\":\"EntryPoint\",\"urlTemplate\":\"https:\/\/coroeaso.com\/eu\/?s={search_term_string}\"},\"query-input\":{\"@type\":\"PropertyValueSpecification\",\"valueRequired\":true,\"valueName\":\"search_term_string\"}}],\"inLanguage\":\"eu-ES\"},{\"@type\":\"Organization\",\"@id\":\"https:\/\/coroeaso.com\/eu\/#organization\",\"name\":\"Coro Easo\",\"url\":\"https:\/\/coroeaso.com\/eu\/\",\"logo\":{\"@type\":\"ImageObject\",\"inLanguage\":\"eu-ES\",\"@id\":\"https:\/\/coroeaso.com\/eu\/#\/schema\/logo\/image\/\",\"url\":\"https:\/\/coro-easo.triplevdoble-dev01.com\/wp-content\/uploads\/2021\/12\/logo-coro-easo.png\",\"contentUrl\":\"https:\/\/coro-easo.triplevdoble-dev01.com\/wp-content\/uploads\/2021\/12\/logo-coro-easo.png\",\"width\":1181,\"height\":352,\"caption\":\"Coro Easo\"},\"image\":{\"@id\":\"https:\/\/coroeaso.com\/eu\/#\/schema\/logo\/image\/\"},\"sameAs\":[\"https:\/\/www.facebook.com\/coroeaso\/\",\"https:\/\/x.com\/CoroEaso\",\"https:\/\/www.instagram.com\/coroeaso\/\",\"https:\/\/www.youtube.com\/channel\/UCPzsfSUbmO8ilswrFa7P1qw\"]}]}<\/script>\n<!-- \/ Yoast SEO plugin. -->","yoast_head_json":{"title":"Ahots berrien bila gabiltza - Coro Easo Abesbatza","robots":{"index":"index","follow":"follow","max-snippet":"max-snippet:-1","max-image-preview":"max-image-preview:large","max-video-preview":"max-video-preview:-1"},"canonical":"https:\/\/coroeaso.com\/eu\/ahots-berrien-bila-gabiltza\/","og_locale":"eu_ES","og_type":"article","og_title":"Ahots berrien bila gabiltza - Coro Easo Abesbatza","og_description":"Easo Abesbatzak ahots berriak sartzeko deialdia egiten du, gure edozein abesbatzetan, abesbatza-musikaz gozatzeko giroan. Gure abesbatza-aniztasunari esker, betiere exijentzia eta kalitate maila aproposak bermatuz, zazpi urterekin abesten hasi eta bizitzako etapa guztietan abesten jarraitzeko aukera eskaintzen dugu, zahartzarora arte eta etenik gabe. Egokiena zazpi edo zortzi urterekin hastea da, musika eta abesbatza formakuntza sendoan lehen [&hellip;]","og_url":"https:\/\/coroeaso.com\/eu\/ahots-berrien-bila-gabiltza\/","og_site_name":"Coro Easo Abesbatza","article_publisher":"https:\/\/www.facebook.com\/coroeaso\/","article_modified_time":"2022-08-08T15:58:38+00:00","og_image":[{"width":2560,"height":1063,"url":"https:\/\/coroeaso.com\/wp-content\/uploads\/2022\/07\/Hirira-itsasontzia_recort-1-scaled.jpg","type":"image\/jpeg"}],"twitter_card":"summary_large_image","twitter_site":"@CoroEaso","twitter_misc":{"Est. reading time":"1 minute"},"schema":{"@context":"https:\/\/schema.org","@graph":[{"@type":"WebPage","@id":"https:\/\/coroeaso.com\/eu\/ahots-berrien-bila-gabiltza\/","url":"https:\/\/coroeaso.com\/eu\/ahots-berrien-bila-gabiltza\/","name":"Ahots berrien bila gabiltza - Coro Easo Abesbatza","isPartOf":{"@id":"https:\/\/coroeaso.com\/eu\/#website"},"primaryImageOfPage":{"@id":"https:\/\/coroeaso.com\/eu\/ahots-berrien-bila-gabiltza\/#primaryimage"},"image":{"@id":"https:\/\/coroeaso.com\/eu\/ahots-berrien-bila-gabiltza\/#primaryimage"},"thumbnailUrl":"https:\/\/coroeaso.com\/wp-content\/uploads\/2022\/07\/Hirira-itsasontzia_recort-1-scaled.jpg","datePublished":"2021-12-15T08:50:38+00:00","dateModified":"2022-08-08T15:58:38+00:00","breadcrumb":{"@id":"https:\/\/coroeaso.com\/eu\/ahots-berrien-bila-gabiltza\/#breadcrumb"},"inLanguage":"eu-ES","potentialAction":[{"@type":"ReadAction","target":["https:\/\/coroeaso.com\/eu\/ahots-berrien-bila-gabiltza\/"]}]},{"@type":"ImageObject","inLanguage":"eu-ES","@id":"https:\/\/coroeaso.com\/eu\/ahots-berrien-bila-gabiltza\/#primaryimage","url":"https:\/\/coroeaso.com\/wp-content\/uploads\/2022\/07\/Hirira-itsasontzia_recort-1-scaled.jpg","contentUrl":"https:\/\/coroeaso.com\/wp-content\/uploads\/2022\/07\/Hirira-itsasontzia_recort-1-scaled.jpg","width":2560,"height":1063},{"@type":"BreadcrumbList","@id":"https:\/\/coroeaso.com\/eu\/ahots-berrien-bila-gabiltza\/#breadcrumb","itemListElement":[{"@type":"ListItem","position":1,"name":"Portada","item":"https:\/\/coroeaso.com\/eu\/"},{"@type":"ListItem","position":2,"name":"Ahots berrien bila gabiltza"}]},{"@type":"WebSite","@id":"https:\/\/coroeaso.com\/eu\/#website","url":"https:\/\/coroeaso.com\/eu\/","name":"Coro Easo Abesbatza","description":"La Asociaci\u00f3n Coro Easo es una entidad cuya finalidad principal es la creaci\u00f3n, el impulso y formaci\u00f3n de coros amateurs con una aspiraci\u00f3n de calidad cercana a la de los grandes coros profesionales, de manera que puedan participar en festivales y conciertos de mayor nivel y exigencia.","publisher":{"@id":"https:\/\/coroeaso.com\/eu\/#organization"},"potentialAction":[{"@type":"SearchAction","target":{"@type":"EntryPoint","urlTemplate":"https:\/\/coroeaso.com\/eu\/?s={search_term_string}"},"query-input":{"@type":"PropertyValueSpecification","valueRequired":true,"valueName":"search_term_string"}}],"inLanguage":"eu-ES"},{"@type":"Organization","@id":"https:\/\/coroeaso.com\/eu\/#organization","name":"Coro Easo","url":"https:\/\/coroeaso.com\/eu\/","logo":{"@type":"ImageObject","inLanguage":"eu-ES","@id":"https:\/\/coroeaso.com\/eu\/#\/schema\/logo\/image\/","url":"https:\/\/coro-easo.triplevdoble-dev01.com\/wp-content\/uploads\/2021\/12\/logo-coro-easo.png","contentUrl":"https:\/\/coro-easo.triplevdoble-dev01.com\/wp-content\/uploads\/2021\/12\/logo-coro-easo.png","width":1181,"height":352,"caption":"Coro Easo"},"image":{"@id":"https:\/\/coroeaso.com\/eu\/#\/schema\/logo\/image\/"},"sameAs":["https:\/\/www.facebook.com\/coroeaso\/","https:\/\/x.com\/CoroEaso","https:\/\/www.instagram.com\/coroeaso\/","https:\/\/www.youtube.com\/channel\/UCPzsfSUbmO8ilswrFa7P1qw"]}]}},"_links":{"self":[{"href":"https:\/\/coroeaso.com\/eu\/wp-json\/wp\/v2\/pages\/2654","targetHints":{"allow":["GET"]}}],"collection":[{"href":"https:\/\/coroeaso.com\/eu\/wp-json\/wp\/v2\/pages"}],"about":[{"href":"https:\/\/coroeaso.com\/eu\/wp-json\/wp\/v2\/types\/page"}],"author":[{"embeddable":true,"href":"https:\/\/coroeaso.com\/eu\/wp-json\/wp\/v2\/users\/1"}],"replies":[{"embeddable":true,"href":"https:\/\/coroeaso.com\/eu\/wp-json\/wp\/v2\/comments?post=2654"}],"version-history":[{"count":3,"href":"https:\/\/coroeaso.com\/eu\/wp-json\/wp\/v2\/pages\/2654\/revisions"}],"predecessor-version":[{"id":2796,"href":"https:\/\/coroeaso.com\/eu\/wp-json\/wp\/v2\/pages\/2654\/revisions\/2796"}],"wp:featuredmedia":[{"embeddable":true,"href":"https:\/\/coroeaso.com\/eu\/wp-json\/wp\/v2\/media\/2028"}],"wp:attachment":[{"href":"https:\/\/coroeaso.com\/eu\/wp-json\/wp\/v2\/media?parent=2654"}],"curies":[{"name":"wp","href":"https:\/\/api.w.org\/{rel}","templated":true}]}}