{"id":2623,"date":"2021-07-07T11:10:15","date_gmt":"2021-07-07T09:10:15","guid":{"rendered":"https:\/\/coro-easo.triplevdoble-dev01.com\/instituciones\/"},"modified":"2023-06-23T13:12:53","modified_gmt":"2023-06-23T11:12:53","slug":"erakundeak","status":"publish","type":"page","link":"https:\/\/coroeaso.com\/eu\/erakundeak\/","title":{"rendered":"Erakundeak"},"content":{"rendered":"\n<h2 class=\"wp-block-heading\"><strong>Gure esker ona laguntzen gaituzten erakundeei<\/strong><\/h2>\n\n\n\n<p>Beste garai batzuetan ain ugariak ziren abesbatza amateurrek, ezin izango lukete bizirik iraun gobernu erakunde eta erakunde pribatuen laguntzarik gabe. Baina haien betebeharra da, gobernu ekintza bezala, kulturaren garapena eta hedapena babestea.<\/p>\n\n\n\n<p>Orrialde honetatik, Eusko Jaurlaritza, Gipuzkoako Diputazioa, Donostiako Udala eta Espainiako Gobernuko, INAEMen bitartez, kultur sailei. Aipamen berezia merezi du Kutxa Fundazioa, erakunde pribatua izanik, etengabe lagundu digu eta. Guztioi esker ditugu entsaiatzeko eta musika eskolaren ekintza aurrera emateko espazioak eta gure abesbatzak prestakuntza eta proiekzioa hedatzeko gaitasuna.<\/p>\n\n\n\n<p>Eskeinitako laguntza xumeagoa de arren eskerrak eman nahi dizkiegu BBVA eta Bankoa erakundeei eta abesbatzaren lagun guztiei.<\/p>\n\n\n\n<p>Eskerrik asko guztioi bihotzez euskal musika eta programa unibertsalak mentendu eta gure publikoari ahalik eta kalitate handiena eskeintzeko konpromezua berresten dugu.<\/p>\n\n\n\n<p>Eskerrik asko!<\/p>\n\n\n\n<p><\/p>\n","protected":false},"excerpt":{"rendered":"<p>Gure esker ona laguntzen gaituzten erakundeei Beste garai batzuetan ain ugariak ziren abesbatza amateurrek, ezin izango lukete bizirik iraun gobernu erakunde eta erakunde pribatuen laguntzarik gabe. Baina haien betebeharra da, gobernu ekintza bezala, kulturaren garapena eta hedapena babestea. Orrialde honetatik, Eusko Jaurlaritza, Gipuzkoako Diputazioa, Donostiako Udala eta Espainiako Gobernuko, INAEMen bitartez, kultur sailei. Aipamen berezia [&hellip;]<\/p>\n","protected":false},"author":1,"featured_media":0,"parent":0,"menu_order":0,"comment_status":"closed","ping_status":"closed","template":"page-instituciones.php","meta":{"_acf_changed":false,"footnotes":""},"class_list":["post-2623","page","type-page","status-publish","hentry"],"acf":[],"yoast_head":"<!-- This site is optimized with the Yoast SEO plugin v26.5 - https:\/\/yoast.com\/wordpress\/plugins\/seo\/ -->\n<title>Erakundeak - Coro Easo Abesbatza<\/title>\n<meta name=\"robots\" content=\"index, follow, max-snippet:-1, max-image-preview:large, max-video-preview:-1\" \/>\n<link rel=\"canonical\" href=\"https:\/\/coroeaso.com\/eu\/erakundeak\/\" \/>\n<meta property=\"og:locale\" content=\"eu_ES\" \/>\n<meta property=\"og:type\" content=\"article\" \/>\n<meta property=\"og:title\" content=\"Erakundeak - Coro Easo Abesbatza\" \/>\n<meta property=\"og:description\" content=\"Gure esker ona laguntzen gaituzten erakundeei Beste garai batzuetan ain ugariak ziren abesbatza amateurrek, ezin izango lukete bizirik iraun gobernu erakunde eta erakunde pribatuen laguntzarik gabe. Baina haien betebeharra da, gobernu ekintza bezala, kulturaren garapena eta hedapena babestea. Orrialde honetatik, Eusko Jaurlaritza, Gipuzkoako Diputazioa, Donostiako Udala eta Espainiako Gobernuko, INAEMen bitartez, kultur sailei. Aipamen berezia [&hellip;]\" \/>\n<meta property=\"og:url\" content=\"https:\/\/coroeaso.com\/eu\/erakundeak\/\" \/>\n<meta property=\"og:site_name\" content=\"Coro Easo Abesbatza\" \/>\n<meta property=\"article:publisher\" content=\"https:\/\/www.facebook.com\/coroeaso\/\" \/>\n<meta property=\"article:modified_time\" content=\"2023-06-23T11:12:53+00:00\" \/>\n<meta property=\"og:image\" content=\"https:\/\/coroeaso.com\/wp-content\/uploads\/2022\/04\/coro-easo-eventos.jpg\" \/>\n\t<meta property=\"og:image:width\" content=\"698\" \/>\n\t<meta property=\"og:image:height\" content=\"388\" \/>\n\t<meta property=\"og:image:type\" content=\"image\/jpeg\" \/>\n<meta name=\"twitter:card\" content=\"summary_large_image\" \/>\n<meta name=\"twitter:site\" content=\"@CoroEaso\" \/>\n<meta name=\"twitter:label1\" content=\"Est. reading time\" \/>\n\t<meta name=\"twitter:data1\" content=\"1 minute\" \/>\n<script type=\"application\/ld+json\" class=\"yoast-schema-graph\">{\"@context\":\"https:\/\/schema.org\",\"@graph\":[{\"@type\":\"WebPage\",\"@id\":\"https:\/\/coroeaso.com\/eu\/erakundeak\/\",\"url\":\"https:\/\/coroeaso.com\/eu\/erakundeak\/\",\"name\":\"Erakundeak - Coro Easo Abesbatza\",\"isPartOf\":{\"@id\":\"https:\/\/coroeaso.com\/eu\/#website\"},\"datePublished\":\"2021-07-07T09:10:15+00:00\",\"dateModified\":\"2023-06-23T11:12:53+00:00\",\"breadcrumb\":{\"@id\":\"https:\/\/coroeaso.com\/eu\/erakundeak\/#breadcrumb\"},\"inLanguage\":\"eu-ES\",\"potentialAction\":[{\"@type\":\"ReadAction\",\"target\":[\"https:\/\/coroeaso.com\/eu\/erakundeak\/\"]}]},{\"@type\":\"BreadcrumbList\",\"@id\":\"https:\/\/coroeaso.com\/eu\/erakundeak\/#breadcrumb\",\"itemListElement\":[{\"@type\":\"ListItem\",\"position\":1,\"name\":\"Portada\",\"item\":\"https:\/\/coroeaso.com\/eu\/\"},{\"@type\":\"ListItem\",\"position\":2,\"name\":\"Erakundeak\"}]},{\"@type\":\"WebSite\",\"@id\":\"https:\/\/coroeaso.com\/eu\/#website\",\"url\":\"https:\/\/coroeaso.com\/eu\/\",\"name\":\"Coro Easo Abesbatza\",\"description\":\"La Asociaci\u00f3n Coro Easo es una entidad cuya finalidad principal es la creaci\u00f3n, el impulso y formaci\u00f3n de coros amateurs con una aspiraci\u00f3n de calidad cercana a la de los grandes coros profesionales, de manera que puedan participar en festivales y conciertos de mayor nivel y exigencia.\",\"publisher\":{\"@id\":\"https:\/\/coroeaso.com\/eu\/#organization\"},\"potentialAction\":[{\"@type\":\"SearchAction\",\"target\":{\"@type\":\"EntryPoint\",\"urlTemplate\":\"https:\/\/coroeaso.com\/eu\/?s={search_term_string}\"},\"query-input\":{\"@type\":\"PropertyValueSpecification\",\"valueRequired\":true,\"valueName\":\"search_term_string\"}}],\"inLanguage\":\"eu-ES\"},{\"@type\":\"Organization\",\"@id\":\"https:\/\/coroeaso.com\/eu\/#organization\",\"name\":\"Coro Easo\",\"url\":\"https:\/\/coroeaso.com\/eu\/\",\"logo\":{\"@type\":\"ImageObject\",\"inLanguage\":\"eu-ES\",\"@id\":\"https:\/\/coroeaso.com\/eu\/#\/schema\/logo\/image\/\",\"url\":\"https:\/\/coro-easo.triplevdoble-dev01.com\/wp-content\/uploads\/2021\/12\/logo-coro-easo.png\",\"contentUrl\":\"https:\/\/coro-easo.triplevdoble-dev01.com\/wp-content\/uploads\/2021\/12\/logo-coro-easo.png\",\"width\":1181,\"height\":352,\"caption\":\"Coro Easo\"},\"image\":{\"@id\":\"https:\/\/coroeaso.com\/eu\/#\/schema\/logo\/image\/\"},\"sameAs\":[\"https:\/\/www.facebook.com\/coroeaso\/\",\"https:\/\/x.com\/CoroEaso\",\"https:\/\/www.instagram.com\/coroeaso\/\",\"https:\/\/www.youtube.com\/channel\/UCPzsfSUbmO8ilswrFa7P1qw\"]}]}<\/script>\n<!-- \/ Yoast SEO plugin. -->","yoast_head_json":{"title":"Erakundeak - Coro Easo Abesbatza","robots":{"index":"index","follow":"follow","max-snippet":"max-snippet:-1","max-image-preview":"max-image-preview:large","max-video-preview":"max-video-preview:-1"},"canonical":"https:\/\/coroeaso.com\/eu\/erakundeak\/","og_locale":"eu_ES","og_type":"article","og_title":"Erakundeak - Coro Easo Abesbatza","og_description":"Gure esker ona laguntzen gaituzten erakundeei Beste garai batzuetan ain ugariak ziren abesbatza amateurrek, ezin izango lukete bizirik iraun gobernu erakunde eta erakunde pribatuen laguntzarik gabe. Baina haien betebeharra da, gobernu ekintza bezala, kulturaren garapena eta hedapena babestea. Orrialde honetatik, Eusko Jaurlaritza, Gipuzkoako Diputazioa, Donostiako Udala eta Espainiako Gobernuko, INAEMen bitartez, kultur sailei. Aipamen berezia [&hellip;]","og_url":"https:\/\/coroeaso.com\/eu\/erakundeak\/","og_site_name":"Coro Easo Abesbatza","article_publisher":"https:\/\/www.facebook.com\/coroeaso\/","article_modified_time":"2023-06-23T11:12:53+00:00","og_image":[{"width":698,"height":388,"url":"https:\/\/coroeaso.com\/wp-content\/uploads\/2022\/04\/coro-easo-eventos.jpg","type":"image\/jpeg"}],"twitter_card":"summary_large_image","twitter_site":"@CoroEaso","twitter_misc":{"Est. reading time":"1 minute"},"schema":{"@context":"https:\/\/schema.org","@graph":[{"@type":"WebPage","@id":"https:\/\/coroeaso.com\/eu\/erakundeak\/","url":"https:\/\/coroeaso.com\/eu\/erakundeak\/","name":"Erakundeak - Coro Easo Abesbatza","isPartOf":{"@id":"https:\/\/coroeaso.com\/eu\/#website"},"datePublished":"2021-07-07T09:10:15+00:00","dateModified":"2023-06-23T11:12:53+00:00","breadcrumb":{"@id":"https:\/\/coroeaso.com\/eu\/erakundeak\/#breadcrumb"},"inLanguage":"eu-ES","potentialAction":[{"@type":"ReadAction","target":["https:\/\/coroeaso.com\/eu\/erakundeak\/"]}]},{"@type":"BreadcrumbList","@id":"https:\/\/coroeaso.com\/eu\/erakundeak\/#breadcrumb","itemListElement":[{"@type":"ListItem","position":1,"name":"Portada","item":"https:\/\/coroeaso.com\/eu\/"},{"@type":"ListItem","position":2,"name":"Erakundeak"}]},{"@type":"WebSite","@id":"https:\/\/coroeaso.com\/eu\/#website","url":"https:\/\/coroeaso.com\/eu\/","name":"Coro Easo Abesbatza","description":"La Asociaci\u00f3n Coro Easo es una entidad cuya finalidad principal es la creaci\u00f3n, el impulso y formaci\u00f3n de coros amateurs con una aspiraci\u00f3n de calidad cercana a la de los grandes coros profesionales, de manera que puedan participar en festivales y conciertos de mayor nivel y exigencia.","publisher":{"@id":"https:\/\/coroeaso.com\/eu\/#organization"},"potentialAction":[{"@type":"SearchAction","target":{"@type":"EntryPoint","urlTemplate":"https:\/\/coroeaso.com\/eu\/?s={search_term_string}"},"query-input":{"@type":"PropertyValueSpecification","valueRequired":true,"valueName":"search_term_string"}}],"inLanguage":"eu-ES"},{"@type":"Organization","@id":"https:\/\/coroeaso.com\/eu\/#organization","name":"Coro Easo","url":"https:\/\/coroeaso.com\/eu\/","logo":{"@type":"ImageObject","inLanguage":"eu-ES","@id":"https:\/\/coroeaso.com\/eu\/#\/schema\/logo\/image\/","url":"https:\/\/coro-easo.triplevdoble-dev01.com\/wp-content\/uploads\/2021\/12\/logo-coro-easo.png","contentUrl":"https:\/\/coro-easo.triplevdoble-dev01.com\/wp-content\/uploads\/2021\/12\/logo-coro-easo.png","width":1181,"height":352,"caption":"Coro Easo"},"image":{"@id":"https:\/\/coroeaso.com\/eu\/#\/schema\/logo\/image\/"},"sameAs":["https:\/\/www.facebook.com\/coroeaso\/","https:\/\/x.com\/CoroEaso","https:\/\/www.instagram.com\/coroeaso\/","https:\/\/www.youtube.com\/channel\/UCPzsfSUbmO8ilswrFa7P1qw"]}]}},"_links":{"self":[{"href":"https:\/\/coroeaso.com\/eu\/wp-json\/wp\/v2\/pages\/2623","targetHints":{"allow":["GET"]}}],"collection":[{"href":"https:\/\/coroeaso.com\/eu\/wp-json\/wp\/v2\/pages"}],"about":[{"href":"https:\/\/coroeaso.com\/eu\/wp-json\/wp\/v2\/types\/page"}],"author":[{"embeddable":true,"href":"https:\/\/coroeaso.com\/eu\/wp-json\/wp\/v2\/users\/1"}],"replies":[{"embeddable":true,"href":"https:\/\/coroeaso.com\/eu\/wp-json\/wp\/v2\/comments?post=2623"}],"version-history":[{"count":5,"href":"https:\/\/coroeaso.com\/eu\/wp-json\/wp\/v2\/pages\/2623\/revisions"}],"predecessor-version":[{"id":3587,"href":"https:\/\/coroeaso.com\/eu\/wp-json\/wp\/v2\/pages\/2623\/revisions\/3587"}],"wp:attachment":[{"href":"https:\/\/coroeaso.com\/eu\/wp-json\/wp\/v2\/media?parent=2623"}],"curies":[{"name":"wp","href":"https:\/\/api.w.org\/{rel}","templated":true}]}}