{"id":2619,"date":"2021-12-09T13:45:13","date_gmt":"2021-12-09T12:45:13","guid":{"rendered":"https:\/\/coro-easo.triplevdoble-dev01.com\/estructura\/"},"modified":"2023-10-25T13:32:19","modified_gmt":"2023-10-25T11:32:19","slug":"egitura","status":"publish","type":"page","link":"https:\/\/coroeaso.com\/eu\/egitura\/","title":{"rendered":"Egitura"},"content":{"rendered":"\n<h2 class=\"wp-block-heading\">Junta directiva<\/h2>\n\n\n\n<p><strong>Easo Abesbatza Elkartearen gobernu-organo gorena da. Adinez nagusi diren Bazkide kantoreek osatzen dute batez ere Batzordea baina batzordekide izan daitezke ere beste Bazkide ez kantoreak, Elkartearen gestioan laguntzen duten eta lagun dezaketen eta parte izateko gogoa izanik, kopuru mugatuan onartuak badira.<\/strong><\/p>\n\n\n\n<div class=\"wp-block-columns is-layout-flex wp-container-core-columns-is-layout-9d6595d7 wp-block-columns-is-layout-flex\">\n<div class=\"wp-block-column is-layout-flow wp-block-column-is-layout-flow\" style=\"flex-basis:33.33%\">\n<p>Zazpi kideek osatzen dute Zuzendaritza Batzordea. Zuzendariek berriz parte hartuko dute Batzordearen bileretan baina, funtzionamendu-egituraren parte direnez, hitz -eskubidea izango dute baina botorik ez.<\/p>\n\n\n\n<p>Partaidetza boluntarioa da eta doakoa. Bazkideen Batzarrak onartu eta izendatuko ditu bozketaz eta bere ardura Elkartearen kudeaketa osora zabaltzen da.<\/p>\n\n\n\n<p>Bere laguntza nagusia Easo Abesbatzako bazkide eta lagunak direnez, Zuzendaritza Batzorde honek eskerrak eman nahi dizkie eta proiektuaren parte sentiarazten dituzten ekintzak mantentzeko konpromisoa hartzen du.<\/p>\n\n\n\n<p>Presidentea: Juan Jes\u00fas Neira,  Presidenteordea: Koldobika Aulestia, Idazkaria: Zaloa Lopez De Munain, Diruzaina: Juan Jos\u00e9 Goicoechea, Batzordekidea: Marta garc\u00eda, I\u00f1igo Cas\u00eds eta Bego\u00f1a Mendibil   <\/p>\n<\/div>\n\n\n\n<div class=\"wp-block-column is-layout-flow wp-block-column-is-layout-flow\" style=\"flex-basis:66.66%\">\n<figure class=\"wp-block-image size-large\"><img loading=\"lazy\" decoding=\"async\" width=\"1024\" height=\"305\" src=\"https:\/\/coroeaso.com\/wp-content\/uploads\/2021\/12\/logo-coro-easo-1024x305.png\" alt=\"\" class=\"wp-image-696\" srcset=\"https:\/\/coroeaso.com\/wp-content\/uploads\/2021\/12\/logo-coro-easo-1024x305.png 1024w, https:\/\/coroeaso.com\/wp-content\/uploads\/2021\/12\/logo-coro-easo-300x89.png 300w, https:\/\/coroeaso.com\/wp-content\/uploads\/2021\/12\/logo-coro-easo-768x229.png 768w, https:\/\/coroeaso.com\/wp-content\/uploads\/2021\/12\/logo-coro-easo.png 1181w\" sizes=\"auto, (max-width: 1024px) 100vw, 1024px\" \/><\/figure>\n<\/div>\n<\/div>\n\n\n\n<hr class=\"wp-block-separator has-alpha-channel-opacity\"\/>\n\n\n\n<h2 class=\"wp-block-heading\" id=\"organigrama\">Organigrama<\/h2>\n\n\n\n<p>Easo Abesbatza hiru mailatan antolatzen da: Gobernu Egitura, Zuzendaritza Egitura eta Egitura Operatiboa.<\/p>\n\n\n\n<h4 class=\"wp-block-heading\"><strong>1. Gobernu Egitura<\/strong><\/h4>\n\n\n\n<p><strong>Batzarrak eta Zuzendaritza Batzordeak<\/strong> osatzen dute, errepresentazio anitza eta presidentetza barne hartuz.<\/p>\n\n\n\n<h4 class=\"wp-block-heading\"><strong>2. <strong>Zuzendaritza Egitura<\/strong><\/strong><\/h4>\n\n\n\n<p>Maila honetan Easo Musika Eskolako <strong>Zuzendaritza Pedagogikoa, Zuzendaritza Artistikoa eta Kudeaketa Zuzendaritza<\/strong> biltzen dira.<\/p>\n\n\n\n<h4 class=\"wp-block-heading\"><strong>3. <strong>Egitura Operatiboa<\/strong>a<\/strong><\/h4>\n\n\n\n<p>Gure egitura operatiboa Easo Abesbatzaren hiru zuzendaritzek gidatzen dute.<\/p>\n\n\n\n<p>Zuzendaritza Pedagogikoa Easo Musika Eskolaz arduratzen da: irakaslegoa, ikaslegoa eta adin txikiko ikasleen familiak.<\/p>\n\n\n\n<p>Zuzendaritza Artistikoa abesbatzez arduratzen da: zuzendariak eta abeslariak.<\/p>\n\n\n\n<p>Kudeaketa Zuzendaritza kudeaketa orokorraz arduratzen da: administrazioa, Easo Abesbatzan lan egiten duten profesionalak eta baita Easo Abesbatzaren bazkideak eta lagunak.<\/p>\n\n\n\n<p>Azkenik, elkartearen egituran Easo Abesbatzaren idazkaritzan lan egiten duen pertsona bat dugu.<\/p>\n\n\n\n<figure class=\"wp-block-gallery has-nested-images columns-4 is-cropped wp-block-gallery-1 is-layout-flex wp-block-gallery-is-layout-flex\">\n<figure class=\"wp-block-image size-large\"><img loading=\"lazy\" decoding=\"async\" width=\"1024\" height=\"683\" data-id=\"1998\" src=\"https:\/\/coro-easo.triplevdoble-dev01.com\/wp-content\/uploads\/2022\/07\/javier-perez-director-escuela-de-musica-2-1024x683.jpg\" alt=\"\" class=\"wp-image-1998\" srcset=\"https:\/\/coroeaso.com\/wp-content\/uploads\/2022\/07\/javier-perez-director-escuela-de-musica-2-1024x683.jpg 1024w, https:\/\/coroeaso.com\/wp-content\/uploads\/2022\/07\/javier-perez-director-escuela-de-musica-2-300x200.jpg 300w, https:\/\/coroeaso.com\/wp-content\/uploads\/2022\/07\/javier-perez-director-escuela-de-musica-2-768x512.jpg 768w, https:\/\/coroeaso.com\/wp-content\/uploads\/2022\/07\/javier-perez-director-escuela-de-musica-2-1536x1024.jpg 1536w, https:\/\/coroeaso.com\/wp-content\/uploads\/2022\/07\/javier-perez-director-escuela-de-musica-2-2048x1365.jpg 2048w\" sizes=\"auto, (max-width: 1024px) 100vw, 1024px\" \/><figcaption class=\"wp-element-caption\">Javier P\u00e9rez |&nbsp;Zuzendaritza Pedagogik<strong>oa<\/strong><\/figcaption><\/figure>\n\n\n\n<figure class=\"wp-block-image size-large\"><img loading=\"lazy\" decoding=\"async\" width=\"1024\" height=\"683\" data-id=\"1704\" src=\"https:\/\/coro-easo.triplevdoble-dev01.com\/wp-content\/uploads\/2022\/06\/gorka-DSC_0699-1024x683.jpg\" alt=\"\" class=\"wp-image-1704\" srcset=\"https:\/\/coroeaso.com\/wp-content\/uploads\/2022\/06\/gorka-DSC_0699-1024x683.jpg 1024w, https:\/\/coroeaso.com\/wp-content\/uploads\/2022\/06\/gorka-DSC_0699-300x200.jpg 300w, https:\/\/coroeaso.com\/wp-content\/uploads\/2022\/06\/gorka-DSC_0699-768x512.jpg 768w, https:\/\/coroeaso.com\/wp-content\/uploads\/2022\/06\/gorka-DSC_0699-1536x1024.jpg 1536w, https:\/\/coroeaso.com\/wp-content\/uploads\/2022\/06\/gorka-DSC_0699-2048x1366.jpg 2048w\" sizes=\"auto, (max-width: 1024px) 100vw, 1024px\" \/><figcaption class=\"wp-element-caption\">Gorka Miranda | Zuzendaritza Artisti<strong>koa<\/strong><\/figcaption><\/figure>\n\n\n\n<figure class=\"wp-block-image size-large\"><img loading=\"lazy\" decoding=\"async\" width=\"1024\" height=\"683\" data-id=\"2002\" src=\"https:\/\/coro-easo.triplevdoble-dev01.com\/wp-content\/uploads\/2022\/07\/iker-blanco-director-gerente-1024x683.jpg\" alt=\"\" class=\"wp-image-2002\" srcset=\"https:\/\/coroeaso.com\/wp-content\/uploads\/2022\/07\/iker-blanco-director-gerente-1024x683.jpg 1024w, https:\/\/coroeaso.com\/wp-content\/uploads\/2022\/07\/iker-blanco-director-gerente-300x200.jpg 300w, https:\/\/coroeaso.com\/wp-content\/uploads\/2022\/07\/iker-blanco-director-gerente-768x512.jpg 768w, https:\/\/coroeaso.com\/wp-content\/uploads\/2022\/07\/iker-blanco-director-gerente-1536x1024.jpg 1536w, https:\/\/coroeaso.com\/wp-content\/uploads\/2022\/07\/iker-blanco-director-gerente-2048x1366.jpg 2048w\" sizes=\"auto, (max-width: 1024px) 100vw, 1024px\" \/><figcaption class=\"wp-element-caption\"> Iker Blanco | Kudeaketa Zuzendaritz<strong>a<\/strong><\/figcaption><\/figure>\n\n\n\n<figure class=\"wp-block-image size-large\"><img loading=\"lazy\" decoding=\"async\" width=\"2560\" height=\"1707\" data-id=\"2016\" src=\"https:\/\/coro-easo.triplevdoble-dev01.com\/wp-content\/uploads\/2022\/07\/nuria-zumeta-secretaria-scaled.jpg\" alt=\"\" class=\"wp-image-2016\" srcset=\"https:\/\/coroeaso.com\/wp-content\/uploads\/2022\/07\/nuria-zumeta-secretaria-scaled.jpg 2560w, https:\/\/coroeaso.com\/wp-content\/uploads\/2022\/07\/nuria-zumeta-secretaria-300x200.jpg 300w, https:\/\/coroeaso.com\/wp-content\/uploads\/2022\/07\/nuria-zumeta-secretaria-1024x683.jpg 1024w, https:\/\/coroeaso.com\/wp-content\/uploads\/2022\/07\/nuria-zumeta-secretaria-768x512.jpg 768w, https:\/\/coroeaso.com\/wp-content\/uploads\/2022\/07\/nuria-zumeta-secretaria-1536x1024.jpg 1536w, https:\/\/coroeaso.com\/wp-content\/uploads\/2022\/07\/nuria-zumeta-secretaria-2048x1366.jpg 2048w\" sizes=\"auto, (max-width: 2560px) 100vw, 2560px\" \/><figcaption class=\"wp-element-caption\">Nuria Zumeta | Sekretaria<\/figcaption><\/figure>\n<\/figure>\n","protected":false},"excerpt":{"rendered":"<p>Junta directiva Easo Abesbatza Elkartearen gobernu-organo gorena da. Adinez nagusi diren Bazkide kantoreek osatzen dute batez ere Batzordea baina batzordekide izan daitezke ere beste Bazkide ez kantoreak, Elkartearen gestioan laguntzen duten eta lagun dezaketen eta parte izateko gogoa izanik, kopuru mugatuan onartuak badira. Zazpi kideek osatzen dute Zuzendaritza Batzordea. Zuzendariek berriz parte hartuko dute Batzordearen [&hellip;]<\/p>\n","protected":false},"author":1,"featured_media":0,"parent":0,"menu_order":0,"comment_status":"closed","ping_status":"closed","template":"","meta":{"_acf_changed":false,"footnotes":""},"class_list":["post-2619","page","type-page","status-publish","hentry"],"acf":[],"yoast_head":"<!-- This site is optimized with the Yoast SEO plugin v26.5 - https:\/\/yoast.com\/wordpress\/plugins\/seo\/ -->\n<title>Egitura - Coro Easo Abesbatza<\/title>\n<meta name=\"robots\" content=\"index, follow, max-snippet:-1, max-image-preview:large, max-video-preview:-1\" \/>\n<link rel=\"canonical\" href=\"https:\/\/coroeaso.com\/eu\/egitura\/\" \/>\n<meta property=\"og:locale\" content=\"eu_ES\" \/>\n<meta property=\"og:type\" content=\"article\" \/>\n<meta property=\"og:title\" content=\"Egitura - Coro Easo Abesbatza\" \/>\n<meta property=\"og:description\" content=\"Junta directiva Easo Abesbatza Elkartearen gobernu-organo gorena da. Adinez nagusi diren Bazkide kantoreek osatzen dute batez ere Batzordea baina batzordekide izan daitezke ere beste Bazkide ez kantoreak, Elkartearen gestioan laguntzen duten eta lagun dezaketen eta parte izateko gogoa izanik, kopuru mugatuan onartuak badira. Zazpi kideek osatzen dute Zuzendaritza Batzordea. Zuzendariek berriz parte hartuko dute Batzordearen [&hellip;]\" \/>\n<meta property=\"og:url\" content=\"https:\/\/coroeaso.com\/eu\/egitura\/\" \/>\n<meta property=\"og:site_name\" content=\"Coro Easo Abesbatza\" \/>\n<meta property=\"article:publisher\" content=\"https:\/\/www.facebook.com\/coroeaso\/\" \/>\n<meta property=\"article:modified_time\" content=\"2023-10-25T11:32:19+00:00\" \/>\n<meta property=\"og:image\" content=\"https:\/\/coroeaso.com\/wp-content\/uploads\/2021\/12\/logo-coro-easo-1024x305.png\" \/>\n<meta name=\"twitter:card\" content=\"summary_large_image\" \/>\n<meta name=\"twitter:site\" content=\"@CoroEaso\" \/>\n<meta name=\"twitter:label1\" content=\"Est. reading time\" \/>\n\t<meta name=\"twitter:data1\" content=\"3 minutes\" \/>\n<script type=\"application\/ld+json\" class=\"yoast-schema-graph\">{\"@context\":\"https:\/\/schema.org\",\"@graph\":[{\"@type\":\"WebPage\",\"@id\":\"https:\/\/coroeaso.com\/eu\/egitura\/\",\"url\":\"https:\/\/coroeaso.com\/eu\/egitura\/\",\"name\":\"Egitura - Coro Easo Abesbatza\",\"isPartOf\":{\"@id\":\"https:\/\/coroeaso.com\/eu\/#website\"},\"primaryImageOfPage\":{\"@id\":\"https:\/\/coroeaso.com\/eu\/egitura\/#primaryimage\"},\"image\":{\"@id\":\"https:\/\/coroeaso.com\/eu\/egitura\/#primaryimage\"},\"thumbnailUrl\":\"https:\/\/coroeaso.com\/wp-content\/uploads\/2021\/12\/logo-coro-easo-1024x305.png\",\"datePublished\":\"2021-12-09T12:45:13+00:00\",\"dateModified\":\"2023-10-25T11:32:19+00:00\",\"breadcrumb\":{\"@id\":\"https:\/\/coroeaso.com\/eu\/egitura\/#breadcrumb\"},\"inLanguage\":\"eu-ES\",\"potentialAction\":[{\"@type\":\"ReadAction\",\"target\":[\"https:\/\/coroeaso.com\/eu\/egitura\/\"]}]},{\"@type\":\"ImageObject\",\"inLanguage\":\"eu-ES\",\"@id\":\"https:\/\/coroeaso.com\/eu\/egitura\/#primaryimage\",\"url\":\"https:\/\/coroeaso.com\/wp-content\/uploads\/2021\/12\/logo-coro-easo-1024x305.png\",\"contentUrl\":\"https:\/\/coroeaso.com\/wp-content\/uploads\/2021\/12\/logo-coro-easo-1024x305.png\"},{\"@type\":\"BreadcrumbList\",\"@id\":\"https:\/\/coroeaso.com\/eu\/egitura\/#breadcrumb\",\"itemListElement\":[{\"@type\":\"ListItem\",\"position\":1,\"name\":\"Portada\",\"item\":\"https:\/\/coroeaso.com\/eu\/\"},{\"@type\":\"ListItem\",\"position\":2,\"name\":\"Egitura\"}]},{\"@type\":\"WebSite\",\"@id\":\"https:\/\/coroeaso.com\/eu\/#website\",\"url\":\"https:\/\/coroeaso.com\/eu\/\",\"name\":\"Coro Easo Abesbatza\",\"description\":\"La Asociaci\u00f3n Coro Easo es una entidad cuya finalidad principal es la creaci\u00f3n, el impulso y formaci\u00f3n de coros amateurs con una aspiraci\u00f3n de calidad cercana a la de los grandes coros profesionales, de manera que puedan participar en festivales y conciertos de mayor nivel y exigencia.\",\"publisher\":{\"@id\":\"https:\/\/coroeaso.com\/eu\/#organization\"},\"potentialAction\":[{\"@type\":\"SearchAction\",\"target\":{\"@type\":\"EntryPoint\",\"urlTemplate\":\"https:\/\/coroeaso.com\/eu\/?s={search_term_string}\"},\"query-input\":{\"@type\":\"PropertyValueSpecification\",\"valueRequired\":true,\"valueName\":\"search_term_string\"}}],\"inLanguage\":\"eu-ES\"},{\"@type\":\"Organization\",\"@id\":\"https:\/\/coroeaso.com\/eu\/#organization\",\"name\":\"Coro Easo\",\"url\":\"https:\/\/coroeaso.com\/eu\/\",\"logo\":{\"@type\":\"ImageObject\",\"inLanguage\":\"eu-ES\",\"@id\":\"https:\/\/coroeaso.com\/eu\/#\/schema\/logo\/image\/\",\"url\":\"https:\/\/coro-easo.triplevdoble-dev01.com\/wp-content\/uploads\/2021\/12\/logo-coro-easo.png\",\"contentUrl\":\"https:\/\/coro-easo.triplevdoble-dev01.com\/wp-content\/uploads\/2021\/12\/logo-coro-easo.png\",\"width\":1181,\"height\":352,\"caption\":\"Coro Easo\"},\"image\":{\"@id\":\"https:\/\/coroeaso.com\/eu\/#\/schema\/logo\/image\/\"},\"sameAs\":[\"https:\/\/www.facebook.com\/coroeaso\/\",\"https:\/\/x.com\/CoroEaso\",\"https:\/\/www.instagram.com\/coroeaso\/\",\"https:\/\/www.youtube.com\/channel\/UCPzsfSUbmO8ilswrFa7P1qw\"]}]}<\/script>\n<!-- \/ Yoast SEO plugin. -->","yoast_head_json":{"title":"Egitura - Coro Easo Abesbatza","robots":{"index":"index","follow":"follow","max-snippet":"max-snippet:-1","max-image-preview":"max-image-preview:large","max-video-preview":"max-video-preview:-1"},"canonical":"https:\/\/coroeaso.com\/eu\/egitura\/","og_locale":"eu_ES","og_type":"article","og_title":"Egitura - Coro Easo Abesbatza","og_description":"Junta directiva Easo Abesbatza Elkartearen gobernu-organo gorena da. Adinez nagusi diren Bazkide kantoreek osatzen dute batez ere Batzordea baina batzordekide izan daitezke ere beste Bazkide ez kantoreak, Elkartearen gestioan laguntzen duten eta lagun dezaketen eta parte izateko gogoa izanik, kopuru mugatuan onartuak badira. Zazpi kideek osatzen dute Zuzendaritza Batzordea. Zuzendariek berriz parte hartuko dute Batzordearen [&hellip;]","og_url":"https:\/\/coroeaso.com\/eu\/egitura\/","og_site_name":"Coro Easo Abesbatza","article_publisher":"https:\/\/www.facebook.com\/coroeaso\/","article_modified_time":"2023-10-25T11:32:19+00:00","og_image":[{"url":"https:\/\/coroeaso.com\/wp-content\/uploads\/2021\/12\/logo-coro-easo-1024x305.png","type":"","width":"","height":""}],"twitter_card":"summary_large_image","twitter_site":"@CoroEaso","twitter_misc":{"Est. reading time":"3 minutes"},"schema":{"@context":"https:\/\/schema.org","@graph":[{"@type":"WebPage","@id":"https:\/\/coroeaso.com\/eu\/egitura\/","url":"https:\/\/coroeaso.com\/eu\/egitura\/","name":"Egitura - Coro Easo Abesbatza","isPartOf":{"@id":"https:\/\/coroeaso.com\/eu\/#website"},"primaryImageOfPage":{"@id":"https:\/\/coroeaso.com\/eu\/egitura\/#primaryimage"},"image":{"@id":"https:\/\/coroeaso.com\/eu\/egitura\/#primaryimage"},"thumbnailUrl":"https:\/\/coroeaso.com\/wp-content\/uploads\/2021\/12\/logo-coro-easo-1024x305.png","datePublished":"2021-12-09T12:45:13+00:00","dateModified":"2023-10-25T11:32:19+00:00","breadcrumb":{"@id":"https:\/\/coroeaso.com\/eu\/egitura\/#breadcrumb"},"inLanguage":"eu-ES","potentialAction":[{"@type":"ReadAction","target":["https:\/\/coroeaso.com\/eu\/egitura\/"]}]},{"@type":"ImageObject","inLanguage":"eu-ES","@id":"https:\/\/coroeaso.com\/eu\/egitura\/#primaryimage","url":"https:\/\/coroeaso.com\/wp-content\/uploads\/2021\/12\/logo-coro-easo-1024x305.png","contentUrl":"https:\/\/coroeaso.com\/wp-content\/uploads\/2021\/12\/logo-coro-easo-1024x305.png"},{"@type":"BreadcrumbList","@id":"https:\/\/coroeaso.com\/eu\/egitura\/#breadcrumb","itemListElement":[{"@type":"ListItem","position":1,"name":"Portada","item":"https:\/\/coroeaso.com\/eu\/"},{"@type":"ListItem","position":2,"name":"Egitura"}]},{"@type":"WebSite","@id":"https:\/\/coroeaso.com\/eu\/#website","url":"https:\/\/coroeaso.com\/eu\/","name":"Coro Easo Abesbatza","description":"La Asociaci\u00f3n Coro Easo es una entidad cuya finalidad principal es la creaci\u00f3n, el impulso y formaci\u00f3n de coros amateurs con una aspiraci\u00f3n de calidad cercana a la de los grandes coros profesionales, de manera que puedan participar en festivales y conciertos de mayor nivel y exigencia.","publisher":{"@id":"https:\/\/coroeaso.com\/eu\/#organization"},"potentialAction":[{"@type":"SearchAction","target":{"@type":"EntryPoint","urlTemplate":"https:\/\/coroeaso.com\/eu\/?s={search_term_string}"},"query-input":{"@type":"PropertyValueSpecification","valueRequired":true,"valueName":"search_term_string"}}],"inLanguage":"eu-ES"},{"@type":"Organization","@id":"https:\/\/coroeaso.com\/eu\/#organization","name":"Coro Easo","url":"https:\/\/coroeaso.com\/eu\/","logo":{"@type":"ImageObject","inLanguage":"eu-ES","@id":"https:\/\/coroeaso.com\/eu\/#\/schema\/logo\/image\/","url":"https:\/\/coro-easo.triplevdoble-dev01.com\/wp-content\/uploads\/2021\/12\/logo-coro-easo.png","contentUrl":"https:\/\/coro-easo.triplevdoble-dev01.com\/wp-content\/uploads\/2021\/12\/logo-coro-easo.png","width":1181,"height":352,"caption":"Coro Easo"},"image":{"@id":"https:\/\/coroeaso.com\/eu\/#\/schema\/logo\/image\/"},"sameAs":["https:\/\/www.facebook.com\/coroeaso\/","https:\/\/x.com\/CoroEaso","https:\/\/www.instagram.com\/coroeaso\/","https:\/\/www.youtube.com\/channel\/UCPzsfSUbmO8ilswrFa7P1qw"]}]}},"_links":{"self":[{"href":"https:\/\/coroeaso.com\/eu\/wp-json\/wp\/v2\/pages\/2619","targetHints":{"allow":["GET"]}}],"collection":[{"href":"https:\/\/coroeaso.com\/eu\/wp-json\/wp\/v2\/pages"}],"about":[{"href":"https:\/\/coroeaso.com\/eu\/wp-json\/wp\/v2\/types\/page"}],"author":[{"embeddable":true,"href":"https:\/\/coroeaso.com\/eu\/wp-json\/wp\/v2\/users\/1"}],"replies":[{"embeddable":true,"href":"https:\/\/coroeaso.com\/eu\/wp-json\/wp\/v2\/comments?post=2619"}],"version-history":[{"count":4,"href":"https:\/\/coroeaso.com\/eu\/wp-json\/wp\/v2\/pages\/2619\/revisions"}],"predecessor-version":[{"id":3686,"href":"https:\/\/coroeaso.com\/eu\/wp-json\/wp\/v2\/pages\/2619\/revisions\/3686"}],"wp:attachment":[{"href":"https:\/\/coroeaso.com\/eu\/wp-json\/wp\/v2\/media?parent=2619"}],"curies":[{"name":"wp","href":"https:\/\/api.w.org\/{rel}","templated":true}]}}