{"id":2610,"date":"2021-10-26T09:34:18","date_gmt":"2021-10-26T07:34:18","guid":{"rendered":"https:\/\/coro-easo.triplevdoble-dev01.com\/abesbatzak\/coral-cum-jubilo\/"},"modified":"2025-09-11T14:25:27","modified_gmt":"2025-09-11T12:25:27","slug":"cum-jubilo-korala","status":"publish","type":"page","link":"https:\/\/coroeaso.com\/eu\/abesbatzak\/cum-jubilo-korala\/","title":{"rendered":"Easo Cum Jubilo"},"content":{"rendered":"\n<p>2003-2004 ikasturtean Euskal Herriko Esperientzi Geletan izena eman zuten ikasle talde bat elkartu zen, unibertsitateko akademi ereserkia, Gaudeamus igitur, prestatzeko xedez.<\/p>\n\n\n\n<p>besbatzaren jarduera Carmen de las Cuevas irakaslearen zuzendaritzapean hasi zen eta lehenengo emanaldia Esperientzi Geletako bigarren promozioaren titulu banaketan izan zen. Ondoren, Donostiako Kontserbatorioko Perkusio taldearekin lankidetzan, Andoaingo Kulturgunean kontzertu bat eskaini zuten. Euskal Herriko Unibertsitateko Experientzia gelen ikasle ohien ACEX-ESKE erakundeko kidea da.<\/p>\n\n\n\n<p>2003-2004 ikasturtean sendotu egin zen proiektua, eta 2005eko urrian, Donostiako Easo Abesbatzak Musika Eskolako abesbatza moduan jarraitzeko aukera eskaini zion. Zaharren Egoitzetan kantatzeko xedearekin. Ordutik du taldeak Cum Jubilo Abesbatza izena. Egun errenazimentu espainiarreko polifoniatik XX. mendeko musika erlijioso eta folklorikoraino zabaltzen den errepertorioa duen abesbatza honen zuzendari dirau Carmen de las Cuevas.<\/p>\n\n\n\n<p>Carmen de las Cuevasen zuzendaritzapean abesbatzaren kalitatea sustantzialki hobetu da eta hasierako proiektua sendotu da. Hobetze bidearen adierazgarri dira CD baten grabaketa, lehenago grabatu ez diren Nicol\u00e1s Ledesmaren zenbait lanekin, eta 2012ko uztailean Tesalonikan (Grezia) ISMEk egin zuen kongresuan parte hartzea. 10 urte ondoren Carmen de las Cuevasek abesbatza utzi du.<\/p>\n\n\n\n<p>2012ko azaroz geroztik Sergio Pedrouso da Cum Jubilo abesbatzaren zuzendaria.<\/p>\n","protected":false},"excerpt":{"rendered":"<p>2003-2004 ikasturtean Euskal Herriko Esperientzi Geletan izena eman zuten ikasle talde bat elkartu zen, unibertsitateko akademi ereserkia, Gaudeamus igitur, prestatzeko xedez. besbatzaren jarduera Carmen de las Cuevas irakaslearen zuzendaritzapean hasi zen eta lehenengo emanaldia Esperientzi Geletako bigarren promozioaren titulu banaketan izan zen. Ondoren, Donostiako Kontserbatorioko Perkusio taldearekin lankidetzan, Andoaingo Kulturgunean kontzertu bat eskaini zuten. Euskal [&hellip;]<\/p>\n","protected":false},"author":1,"featured_media":828,"parent":2479,"menu_order":10,"comment_status":"closed","ping_status":"closed","template":"page-coro.php","meta":{"_acf_changed":false,"footnotes":""},"class_list":["post-2610","page","type-page","status-publish","has-post-thumbnail","hentry"],"acf":[],"yoast_head":"<!-- This site is optimized with the Yoast SEO plugin v26.5 - https:\/\/yoast.com\/wordpress\/plugins\/seo\/ -->\n<title>Easo Cum Jubilo - Coro Easo Abesbatza<\/title>\n<meta name=\"robots\" content=\"index, follow, max-snippet:-1, max-image-preview:large, max-video-preview:-1\" \/>\n<link rel=\"canonical\" href=\"https:\/\/coroeaso.com\/eu\/abesbatzak\/cum-jubilo-korala\/\" \/>\n<meta property=\"og:locale\" content=\"eu_ES\" \/>\n<meta property=\"og:type\" content=\"article\" \/>\n<meta property=\"og:title\" content=\"Easo Cum Jubilo - Coro Easo Abesbatza\" \/>\n<meta property=\"og:description\" content=\"2003-2004 ikasturtean Euskal Herriko Esperientzi Geletan izena eman zuten ikasle talde bat elkartu zen, unibertsitateko akademi ereserkia, Gaudeamus igitur, prestatzeko xedez. besbatzaren jarduera Carmen de las Cuevas irakaslearen zuzendaritzapean hasi zen eta lehenengo emanaldia Esperientzi Geletako bigarren promozioaren titulu banaketan izan zen. Ondoren, Donostiako Kontserbatorioko Perkusio taldearekin lankidetzan, Andoaingo Kulturgunean kontzertu bat eskaini zuten. Euskal [&hellip;]\" \/>\n<meta property=\"og:url\" content=\"https:\/\/coroeaso.com\/eu\/abesbatzak\/cum-jubilo-korala\/\" \/>\n<meta property=\"og:site_name\" content=\"Coro Easo Abesbatza\" \/>\n<meta property=\"article:publisher\" content=\"https:\/\/www.facebook.com\/coroeaso\/\" \/>\n<meta property=\"article:modified_time\" content=\"2025-09-11T12:25:27+00:00\" \/>\n<meta property=\"og:image\" content=\"https:\/\/coroeaso.com\/wp-content\/uploads\/2021\/12\/Cum-Jubilo-Fiestas-de-Aiete-scaled.jpg\" \/>\n\t<meta property=\"og:image:width\" content=\"2560\" \/>\n\t<meta property=\"og:image:height\" content=\"1707\" \/>\n\t<meta property=\"og:image:type\" content=\"image\/jpeg\" \/>\n<meta name=\"twitter:card\" content=\"summary_large_image\" \/>\n<meta name=\"twitter:site\" content=\"@CoroEaso\" \/>\n<meta name=\"twitter:label1\" content=\"Est. reading time\" \/>\n\t<meta name=\"twitter:data1\" content=\"2 minutes\" \/>\n<script type=\"application\/ld+json\" class=\"yoast-schema-graph\">{\"@context\":\"https:\/\/schema.org\",\"@graph\":[{\"@type\":\"WebPage\",\"@id\":\"https:\/\/coroeaso.com\/eu\/abesbatzak\/cum-jubilo-korala\/\",\"url\":\"https:\/\/coroeaso.com\/eu\/abesbatzak\/cum-jubilo-korala\/\",\"name\":\"Easo Cum Jubilo - Coro Easo Abesbatza\",\"isPartOf\":{\"@id\":\"https:\/\/coroeaso.com\/eu\/#website\"},\"primaryImageOfPage\":{\"@id\":\"https:\/\/coroeaso.com\/eu\/abesbatzak\/cum-jubilo-korala\/#primaryimage\"},\"image\":{\"@id\":\"https:\/\/coroeaso.com\/eu\/abesbatzak\/cum-jubilo-korala\/#primaryimage\"},\"thumbnailUrl\":\"https:\/\/coroeaso.com\/wp-content\/uploads\/2021\/12\/Cum-Jubilo-Fiestas-de-Aiete-scaled.jpg\",\"datePublished\":\"2021-10-26T07:34:18+00:00\",\"dateModified\":\"2025-09-11T12:25:27+00:00\",\"breadcrumb\":{\"@id\":\"https:\/\/coroeaso.com\/eu\/abesbatzak\/cum-jubilo-korala\/#breadcrumb\"},\"inLanguage\":\"eu-ES\",\"potentialAction\":[{\"@type\":\"ReadAction\",\"target\":[\"https:\/\/coroeaso.com\/eu\/abesbatzak\/cum-jubilo-korala\/\"]}]},{\"@type\":\"ImageObject\",\"inLanguage\":\"eu-ES\",\"@id\":\"https:\/\/coroeaso.com\/eu\/abesbatzak\/cum-jubilo-korala\/#primaryimage\",\"url\":\"https:\/\/coroeaso.com\/wp-content\/uploads\/2021\/12\/Cum-Jubilo-Fiestas-de-Aiete-scaled.jpg\",\"contentUrl\":\"https:\/\/coroeaso.com\/wp-content\/uploads\/2021\/12\/Cum-Jubilo-Fiestas-de-Aiete-scaled.jpg\",\"width\":2560,\"height\":1707},{\"@type\":\"BreadcrumbList\",\"@id\":\"https:\/\/coroeaso.com\/eu\/abesbatzak\/cum-jubilo-korala\/#breadcrumb\",\"itemListElement\":[{\"@type\":\"ListItem\",\"position\":1,\"name\":\"Portada\",\"item\":\"https:\/\/coroeaso.com\/eu\/\"},{\"@type\":\"ListItem\",\"position\":2,\"name\":\"Gure Abesbatzak eta Sinfonietta\",\"item\":\"https:\/\/coroeaso.com\/eu\/abesbatzak\/\"},{\"@type\":\"ListItem\",\"position\":3,\"name\":\"Easo Cum Jubilo\"}]},{\"@type\":\"WebSite\",\"@id\":\"https:\/\/coroeaso.com\/eu\/#website\",\"url\":\"https:\/\/coroeaso.com\/eu\/\",\"name\":\"Coro Easo Abesbatza\",\"description\":\"La Asociaci\u00f3n Coro Easo es una entidad cuya finalidad principal es la creaci\u00f3n, el impulso y formaci\u00f3n de coros amateurs con una aspiraci\u00f3n de calidad cercana a la de los grandes coros profesionales, de manera que puedan participar en festivales y conciertos de mayor nivel y exigencia.\",\"publisher\":{\"@id\":\"https:\/\/coroeaso.com\/eu\/#organization\"},\"potentialAction\":[{\"@type\":\"SearchAction\",\"target\":{\"@type\":\"EntryPoint\",\"urlTemplate\":\"https:\/\/coroeaso.com\/eu\/?s={search_term_string}\"},\"query-input\":{\"@type\":\"PropertyValueSpecification\",\"valueRequired\":true,\"valueName\":\"search_term_string\"}}],\"inLanguage\":\"eu-ES\"},{\"@type\":\"Organization\",\"@id\":\"https:\/\/coroeaso.com\/eu\/#organization\",\"name\":\"Coro Easo\",\"url\":\"https:\/\/coroeaso.com\/eu\/\",\"logo\":{\"@type\":\"ImageObject\",\"inLanguage\":\"eu-ES\",\"@id\":\"https:\/\/coroeaso.com\/eu\/#\/schema\/logo\/image\/\",\"url\":\"https:\/\/coro-easo.triplevdoble-dev01.com\/wp-content\/uploads\/2021\/12\/logo-coro-easo.png\",\"contentUrl\":\"https:\/\/coro-easo.triplevdoble-dev01.com\/wp-content\/uploads\/2021\/12\/logo-coro-easo.png\",\"width\":1181,\"height\":352,\"caption\":\"Coro Easo\"},\"image\":{\"@id\":\"https:\/\/coroeaso.com\/eu\/#\/schema\/logo\/image\/\"},\"sameAs\":[\"https:\/\/www.facebook.com\/coroeaso\/\",\"https:\/\/x.com\/CoroEaso\",\"https:\/\/www.instagram.com\/coroeaso\/\",\"https:\/\/www.youtube.com\/channel\/UCPzsfSUbmO8ilswrFa7P1qw\"]}]}<\/script>\n<!-- \/ Yoast SEO plugin. -->","yoast_head_json":{"title":"Easo Cum Jubilo - Coro Easo Abesbatza","robots":{"index":"index","follow":"follow","max-snippet":"max-snippet:-1","max-image-preview":"max-image-preview:large","max-video-preview":"max-video-preview:-1"},"canonical":"https:\/\/coroeaso.com\/eu\/abesbatzak\/cum-jubilo-korala\/","og_locale":"eu_ES","og_type":"article","og_title":"Easo Cum Jubilo - Coro Easo Abesbatza","og_description":"2003-2004 ikasturtean Euskal Herriko Esperientzi Geletan izena eman zuten ikasle talde bat elkartu zen, unibertsitateko akademi ereserkia, Gaudeamus igitur, prestatzeko xedez. besbatzaren jarduera Carmen de las Cuevas irakaslearen zuzendaritzapean hasi zen eta lehenengo emanaldia Esperientzi Geletako bigarren promozioaren titulu banaketan izan zen. Ondoren, Donostiako Kontserbatorioko Perkusio taldearekin lankidetzan, Andoaingo Kulturgunean kontzertu bat eskaini zuten. Euskal [&hellip;]","og_url":"https:\/\/coroeaso.com\/eu\/abesbatzak\/cum-jubilo-korala\/","og_site_name":"Coro Easo Abesbatza","article_publisher":"https:\/\/www.facebook.com\/coroeaso\/","article_modified_time":"2025-09-11T12:25:27+00:00","og_image":[{"width":2560,"height":1707,"url":"https:\/\/coroeaso.com\/wp-content\/uploads\/2021\/12\/Cum-Jubilo-Fiestas-de-Aiete-scaled.jpg","type":"image\/jpeg"}],"twitter_card":"summary_large_image","twitter_site":"@CoroEaso","twitter_misc":{"Est. reading time":"2 minutes"},"schema":{"@context":"https:\/\/schema.org","@graph":[{"@type":"WebPage","@id":"https:\/\/coroeaso.com\/eu\/abesbatzak\/cum-jubilo-korala\/","url":"https:\/\/coroeaso.com\/eu\/abesbatzak\/cum-jubilo-korala\/","name":"Easo Cum Jubilo - Coro Easo Abesbatza","isPartOf":{"@id":"https:\/\/coroeaso.com\/eu\/#website"},"primaryImageOfPage":{"@id":"https:\/\/coroeaso.com\/eu\/abesbatzak\/cum-jubilo-korala\/#primaryimage"},"image":{"@id":"https:\/\/coroeaso.com\/eu\/abesbatzak\/cum-jubilo-korala\/#primaryimage"},"thumbnailUrl":"https:\/\/coroeaso.com\/wp-content\/uploads\/2021\/12\/Cum-Jubilo-Fiestas-de-Aiete-scaled.jpg","datePublished":"2021-10-26T07:34:18+00:00","dateModified":"2025-09-11T12:25:27+00:00","breadcrumb":{"@id":"https:\/\/coroeaso.com\/eu\/abesbatzak\/cum-jubilo-korala\/#breadcrumb"},"inLanguage":"eu-ES","potentialAction":[{"@type":"ReadAction","target":["https:\/\/coroeaso.com\/eu\/abesbatzak\/cum-jubilo-korala\/"]}]},{"@type":"ImageObject","inLanguage":"eu-ES","@id":"https:\/\/coroeaso.com\/eu\/abesbatzak\/cum-jubilo-korala\/#primaryimage","url":"https:\/\/coroeaso.com\/wp-content\/uploads\/2021\/12\/Cum-Jubilo-Fiestas-de-Aiete-scaled.jpg","contentUrl":"https:\/\/coroeaso.com\/wp-content\/uploads\/2021\/12\/Cum-Jubilo-Fiestas-de-Aiete-scaled.jpg","width":2560,"height":1707},{"@type":"BreadcrumbList","@id":"https:\/\/coroeaso.com\/eu\/abesbatzak\/cum-jubilo-korala\/#breadcrumb","itemListElement":[{"@type":"ListItem","position":1,"name":"Portada","item":"https:\/\/coroeaso.com\/eu\/"},{"@type":"ListItem","position":2,"name":"Gure Abesbatzak eta Sinfonietta","item":"https:\/\/coroeaso.com\/eu\/abesbatzak\/"},{"@type":"ListItem","position":3,"name":"Easo Cum Jubilo"}]},{"@type":"WebSite","@id":"https:\/\/coroeaso.com\/eu\/#website","url":"https:\/\/coroeaso.com\/eu\/","name":"Coro Easo Abesbatza","description":"La Asociaci\u00f3n Coro Easo es una entidad cuya finalidad principal es la creaci\u00f3n, el impulso y formaci\u00f3n de coros amateurs con una aspiraci\u00f3n de calidad cercana a la de los grandes coros profesionales, de manera que puedan participar en festivales y conciertos de mayor nivel y exigencia.","publisher":{"@id":"https:\/\/coroeaso.com\/eu\/#organization"},"potentialAction":[{"@type":"SearchAction","target":{"@type":"EntryPoint","urlTemplate":"https:\/\/coroeaso.com\/eu\/?s={search_term_string}"},"query-input":{"@type":"PropertyValueSpecification","valueRequired":true,"valueName":"search_term_string"}}],"inLanguage":"eu-ES"},{"@type":"Organization","@id":"https:\/\/coroeaso.com\/eu\/#organization","name":"Coro Easo","url":"https:\/\/coroeaso.com\/eu\/","logo":{"@type":"ImageObject","inLanguage":"eu-ES","@id":"https:\/\/coroeaso.com\/eu\/#\/schema\/logo\/image\/","url":"https:\/\/coro-easo.triplevdoble-dev01.com\/wp-content\/uploads\/2021\/12\/logo-coro-easo.png","contentUrl":"https:\/\/coro-easo.triplevdoble-dev01.com\/wp-content\/uploads\/2021\/12\/logo-coro-easo.png","width":1181,"height":352,"caption":"Coro Easo"},"image":{"@id":"https:\/\/coroeaso.com\/eu\/#\/schema\/logo\/image\/"},"sameAs":["https:\/\/www.facebook.com\/coroeaso\/","https:\/\/x.com\/CoroEaso","https:\/\/www.instagram.com\/coroeaso\/","https:\/\/www.youtube.com\/channel\/UCPzsfSUbmO8ilswrFa7P1qw"]}]}},"_links":{"self":[{"href":"https:\/\/coroeaso.com\/eu\/wp-json\/wp\/v2\/pages\/2610","targetHints":{"allow":["GET"]}}],"collection":[{"href":"https:\/\/coroeaso.com\/eu\/wp-json\/wp\/v2\/pages"}],"about":[{"href":"https:\/\/coroeaso.com\/eu\/wp-json\/wp\/v2\/types\/page"}],"author":[{"embeddable":true,"href":"https:\/\/coroeaso.com\/eu\/wp-json\/wp\/v2\/users\/1"}],"replies":[{"embeddable":true,"href":"https:\/\/coroeaso.com\/eu\/wp-json\/wp\/v2\/comments?post=2610"}],"version-history":[{"count":2,"href":"https:\/\/coroeaso.com\/eu\/wp-json\/wp\/v2\/pages\/2610\/revisions"}],"predecessor-version":[{"id":4403,"href":"https:\/\/coroeaso.com\/eu\/wp-json\/wp\/v2\/pages\/2610\/revisions\/4403"}],"up":[{"embeddable":true,"href":"https:\/\/coroeaso.com\/eu\/wp-json\/wp\/v2\/pages\/2479"}],"wp:featuredmedia":[{"embeddable":true,"href":"https:\/\/coroeaso.com\/eu\/wp-json\/wp\/v2\/media\/828"}],"wp:attachment":[{"href":"https:\/\/coroeaso.com\/eu\/wp-json\/wp\/v2\/media?parent=2610"}],"curies":[{"name":"wp","href":"https:\/\/api.w.org\/{rel}","templated":true}]}}