{"id":2608,"date":"2021-10-26T09:41:14","date_gmt":"2021-10-26T07:41:14","guid":{"rendered":"https:\/\/coro-easo.triplevdoble-dev01.com\/abesbatzak\/coro-veteranos-easo\/"},"modified":"2022-08-05T17:23:23","modified_gmt":"2022-08-05T15:23:23","slug":"easoko-beteranoen-abesbatza","status":"publish","type":"page","link":"https:\/\/coroeaso.com\/eu\/abesbatzak\/easoko-beteranoen-abesbatza\/","title":{"rendered":"Easoko Beteranoen Abesbatza"},"content":{"rendered":"\n<p>Kantore hauek sona handiko Easo Abesbatza osatu zuten, 1940-1990 urteen artean. Lehen saria lortu zuten Italia, Frantzia eta Ingalaterrako kantu-lehiaketa inportanteenetan.<\/p>\n\n\n\n<p>Europan eta itsasoz beste aldeko herrietan zabaldu zuten beren kantua. Musika genero guztiak interpretatzen zituzten eta oso famatuak ziren kantore hauen ahotsak eta kemena. Hasieratik, euskal musika eta Euskal Herriko konpositoreen obrak zabaltzea izan zen beren xede nagusia.<\/p>\n\n\n\n<p>50. urteurrenaren ospakizunak, aurreko urteetatik ematen ari zen Easo Abesbatzaren berriztatzea ekarri zuen.<\/p>\n\n\n\n<p>2015ean, egungo Easo Abesbatzak 75. urteurrena ospatu nahi zuelarik, familia osoa bildu nahi izan zuen, Trintxerpen eta Victoria Eugenia Antzokian, elkarrekin emandako bi kontzertuetan, eta geroztik han-hemenka, Donostian eta inguruko herrietan, agertu izan dira, beren lehengo errepertorioa zabaltzen. Gogoz eta animo handiz biltzen dira Ramon Beraza beren lehengo zuzendaritzapean.<\/p>\n","protected":false},"excerpt":{"rendered":"<p>Kantore hauek sona handiko Easo Abesbatza osatu zuten, 1940-1990 urteen artean. Lehen saria lortu zuten Italia, Frantzia eta Ingalaterrako kantu-lehiaketa inportanteenetan. Europan eta itsasoz beste aldeko herrietan zabaldu zuten beren kantua. Musika genero guztiak interpretatzen zituzten eta oso famatuak ziren kantore hauen ahotsak eta kemena. Hasieratik, euskal musika eta Euskal Herriko konpositoreen obrak zabaltzea izan [&hellip;]<\/p>\n","protected":false},"author":1,"featured_media":663,"parent":2479,"menu_order":9,"comment_status":"closed","ping_status":"closed","template":"page-coro.php","meta":{"_acf_changed":false,"footnotes":""},"class_list":["post-2608","page","type-page","status-publish","has-post-thumbnail","hentry"],"acf":[],"yoast_head":"<!-- This site is optimized with the Yoast SEO plugin v26.5 - https:\/\/yoast.com\/wordpress\/plugins\/seo\/ -->\n<title>Easoko Beteranoen Abesbatza - Coro Easo Abesbatza<\/title>\n<meta name=\"robots\" content=\"index, follow, max-snippet:-1, max-image-preview:large, max-video-preview:-1\" \/>\n<link rel=\"canonical\" href=\"https:\/\/coroeaso.com\/eu\/abesbatzak\/easoko-beteranoen-abesbatza\/\" \/>\n<meta property=\"og:locale\" content=\"eu_ES\" \/>\n<meta property=\"og:type\" content=\"article\" \/>\n<meta property=\"og:title\" content=\"Easoko Beteranoen Abesbatza - Coro Easo Abesbatza\" \/>\n<meta property=\"og:description\" content=\"Kantore hauek sona handiko Easo Abesbatza osatu zuten, 1940-1990 urteen artean. Lehen saria lortu zuten Italia, Frantzia eta Ingalaterrako kantu-lehiaketa inportanteenetan. Europan eta itsasoz beste aldeko herrietan zabaldu zuten beren kantua. Musika genero guztiak interpretatzen zituzten eta oso famatuak ziren kantore hauen ahotsak eta kemena. Hasieratik, euskal musika eta Euskal Herriko konpositoreen obrak zabaltzea izan [&hellip;]\" \/>\n<meta property=\"og:url\" content=\"https:\/\/coroeaso.com\/eu\/abesbatzak\/easoko-beteranoen-abesbatza\/\" \/>\n<meta property=\"og:site_name\" content=\"Coro Easo Abesbatza\" \/>\n<meta property=\"article:publisher\" content=\"https:\/\/www.facebook.com\/coroeaso\/\" \/>\n<meta property=\"article:modified_time\" content=\"2022-08-05T15:23:23+00:00\" \/>\n<meta property=\"og:image\" content=\"https:\/\/coroeaso.com\/wp-content\/uploads\/2021\/10\/coro-easo-veterano-scaled.jpeg\" \/>\n\t<meta property=\"og:image:width\" content=\"2560\" \/>\n\t<meta property=\"og:image:height\" content=\"1707\" \/>\n\t<meta property=\"og:image:type\" content=\"image\/jpeg\" \/>\n<meta name=\"twitter:card\" content=\"summary_large_image\" \/>\n<meta name=\"twitter:site\" content=\"@CoroEaso\" \/>\n<meta name=\"twitter:label1\" content=\"Est. reading time\" \/>\n\t<meta name=\"twitter:data1\" content=\"1 minute\" \/>\n<script type=\"application\/ld+json\" class=\"yoast-schema-graph\">{\"@context\":\"https:\/\/schema.org\",\"@graph\":[{\"@type\":\"WebPage\",\"@id\":\"https:\/\/coroeaso.com\/eu\/abesbatzak\/easoko-beteranoen-abesbatza\/\",\"url\":\"https:\/\/coroeaso.com\/eu\/abesbatzak\/easoko-beteranoen-abesbatza\/\",\"name\":\"Easoko Beteranoen Abesbatza - Coro Easo Abesbatza\",\"isPartOf\":{\"@id\":\"https:\/\/coroeaso.com\/eu\/#website\"},\"primaryImageOfPage\":{\"@id\":\"https:\/\/coroeaso.com\/eu\/abesbatzak\/easoko-beteranoen-abesbatza\/#primaryimage\"},\"image\":{\"@id\":\"https:\/\/coroeaso.com\/eu\/abesbatzak\/easoko-beteranoen-abesbatza\/#primaryimage\"},\"thumbnailUrl\":\"https:\/\/coroeaso.com\/wp-content\/uploads\/2021\/10\/coro-easo-veterano-scaled.jpeg\",\"datePublished\":\"2021-10-26T07:41:14+00:00\",\"dateModified\":\"2022-08-05T15:23:23+00:00\",\"breadcrumb\":{\"@id\":\"https:\/\/coroeaso.com\/eu\/abesbatzak\/easoko-beteranoen-abesbatza\/#breadcrumb\"},\"inLanguage\":\"eu-ES\",\"potentialAction\":[{\"@type\":\"ReadAction\",\"target\":[\"https:\/\/coroeaso.com\/eu\/abesbatzak\/easoko-beteranoen-abesbatza\/\"]}]},{\"@type\":\"ImageObject\",\"inLanguage\":\"eu-ES\",\"@id\":\"https:\/\/coroeaso.com\/eu\/abesbatzak\/easoko-beteranoen-abesbatza\/#primaryimage\",\"url\":\"https:\/\/coroeaso.com\/wp-content\/uploads\/2021\/10\/coro-easo-veterano-scaled.jpeg\",\"contentUrl\":\"https:\/\/coroeaso.com\/wp-content\/uploads\/2021\/10\/coro-easo-veterano-scaled.jpeg\",\"width\":2560,\"height\":1707},{\"@type\":\"BreadcrumbList\",\"@id\":\"https:\/\/coroeaso.com\/eu\/abesbatzak\/easoko-beteranoen-abesbatza\/#breadcrumb\",\"itemListElement\":[{\"@type\":\"ListItem\",\"position\":1,\"name\":\"Portada\",\"item\":\"https:\/\/coroeaso.com\/eu\/\"},{\"@type\":\"ListItem\",\"position\":2,\"name\":\"Gure Abesbatzak eta Sinfonietta\",\"item\":\"https:\/\/coroeaso.com\/eu\/abesbatzak\/\"},{\"@type\":\"ListItem\",\"position\":3,\"name\":\"Easoko Beteranoen Abesbatza\"}]},{\"@type\":\"WebSite\",\"@id\":\"https:\/\/coroeaso.com\/eu\/#website\",\"url\":\"https:\/\/coroeaso.com\/eu\/\",\"name\":\"Coro Easo Abesbatza\",\"description\":\"La Asociaci\u00f3n Coro Easo es una entidad cuya finalidad principal es la creaci\u00f3n, el impulso y formaci\u00f3n de coros amateurs con una aspiraci\u00f3n de calidad cercana a la de los grandes coros profesionales, de manera que puedan participar en festivales y conciertos de mayor nivel y exigencia.\",\"publisher\":{\"@id\":\"https:\/\/coroeaso.com\/eu\/#organization\"},\"potentialAction\":[{\"@type\":\"SearchAction\",\"target\":{\"@type\":\"EntryPoint\",\"urlTemplate\":\"https:\/\/coroeaso.com\/eu\/?s={search_term_string}\"},\"query-input\":{\"@type\":\"PropertyValueSpecification\",\"valueRequired\":true,\"valueName\":\"search_term_string\"}}],\"inLanguage\":\"eu-ES\"},{\"@type\":\"Organization\",\"@id\":\"https:\/\/coroeaso.com\/eu\/#organization\",\"name\":\"Coro Easo\",\"url\":\"https:\/\/coroeaso.com\/eu\/\",\"logo\":{\"@type\":\"ImageObject\",\"inLanguage\":\"eu-ES\",\"@id\":\"https:\/\/coroeaso.com\/eu\/#\/schema\/logo\/image\/\",\"url\":\"https:\/\/coro-easo.triplevdoble-dev01.com\/wp-content\/uploads\/2021\/12\/logo-coro-easo.png\",\"contentUrl\":\"https:\/\/coro-easo.triplevdoble-dev01.com\/wp-content\/uploads\/2021\/12\/logo-coro-easo.png\",\"width\":1181,\"height\":352,\"caption\":\"Coro Easo\"},\"image\":{\"@id\":\"https:\/\/coroeaso.com\/eu\/#\/schema\/logo\/image\/\"},\"sameAs\":[\"https:\/\/www.facebook.com\/coroeaso\/\",\"https:\/\/x.com\/CoroEaso\",\"https:\/\/www.instagram.com\/coroeaso\/\",\"https:\/\/www.youtube.com\/channel\/UCPzsfSUbmO8ilswrFa7P1qw\"]}]}<\/script>\n<!-- \/ Yoast SEO plugin. -->","yoast_head_json":{"title":"Easoko Beteranoen Abesbatza - Coro Easo Abesbatza","robots":{"index":"index","follow":"follow","max-snippet":"max-snippet:-1","max-image-preview":"max-image-preview:large","max-video-preview":"max-video-preview:-1"},"canonical":"https:\/\/coroeaso.com\/eu\/abesbatzak\/easoko-beteranoen-abesbatza\/","og_locale":"eu_ES","og_type":"article","og_title":"Easoko Beteranoen Abesbatza - Coro Easo Abesbatza","og_description":"Kantore hauek sona handiko Easo Abesbatza osatu zuten, 1940-1990 urteen artean. Lehen saria lortu zuten Italia, Frantzia eta Ingalaterrako kantu-lehiaketa inportanteenetan. Europan eta itsasoz beste aldeko herrietan zabaldu zuten beren kantua. Musika genero guztiak interpretatzen zituzten eta oso famatuak ziren kantore hauen ahotsak eta kemena. Hasieratik, euskal musika eta Euskal Herriko konpositoreen obrak zabaltzea izan [&hellip;]","og_url":"https:\/\/coroeaso.com\/eu\/abesbatzak\/easoko-beteranoen-abesbatza\/","og_site_name":"Coro Easo Abesbatza","article_publisher":"https:\/\/www.facebook.com\/coroeaso\/","article_modified_time":"2022-08-05T15:23:23+00:00","og_image":[{"width":2560,"height":1707,"url":"https:\/\/coroeaso.com\/wp-content\/uploads\/2021\/10\/coro-easo-veterano-scaled.jpeg","type":"image\/jpeg"}],"twitter_card":"summary_large_image","twitter_site":"@CoroEaso","twitter_misc":{"Est. reading time":"1 minute"},"schema":{"@context":"https:\/\/schema.org","@graph":[{"@type":"WebPage","@id":"https:\/\/coroeaso.com\/eu\/abesbatzak\/easoko-beteranoen-abesbatza\/","url":"https:\/\/coroeaso.com\/eu\/abesbatzak\/easoko-beteranoen-abesbatza\/","name":"Easoko Beteranoen Abesbatza - Coro Easo Abesbatza","isPartOf":{"@id":"https:\/\/coroeaso.com\/eu\/#website"},"primaryImageOfPage":{"@id":"https:\/\/coroeaso.com\/eu\/abesbatzak\/easoko-beteranoen-abesbatza\/#primaryimage"},"image":{"@id":"https:\/\/coroeaso.com\/eu\/abesbatzak\/easoko-beteranoen-abesbatza\/#primaryimage"},"thumbnailUrl":"https:\/\/coroeaso.com\/wp-content\/uploads\/2021\/10\/coro-easo-veterano-scaled.jpeg","datePublished":"2021-10-26T07:41:14+00:00","dateModified":"2022-08-05T15:23:23+00:00","breadcrumb":{"@id":"https:\/\/coroeaso.com\/eu\/abesbatzak\/easoko-beteranoen-abesbatza\/#breadcrumb"},"inLanguage":"eu-ES","potentialAction":[{"@type":"ReadAction","target":["https:\/\/coroeaso.com\/eu\/abesbatzak\/easoko-beteranoen-abesbatza\/"]}]},{"@type":"ImageObject","inLanguage":"eu-ES","@id":"https:\/\/coroeaso.com\/eu\/abesbatzak\/easoko-beteranoen-abesbatza\/#primaryimage","url":"https:\/\/coroeaso.com\/wp-content\/uploads\/2021\/10\/coro-easo-veterano-scaled.jpeg","contentUrl":"https:\/\/coroeaso.com\/wp-content\/uploads\/2021\/10\/coro-easo-veterano-scaled.jpeg","width":2560,"height":1707},{"@type":"BreadcrumbList","@id":"https:\/\/coroeaso.com\/eu\/abesbatzak\/easoko-beteranoen-abesbatza\/#breadcrumb","itemListElement":[{"@type":"ListItem","position":1,"name":"Portada","item":"https:\/\/coroeaso.com\/eu\/"},{"@type":"ListItem","position":2,"name":"Gure Abesbatzak eta Sinfonietta","item":"https:\/\/coroeaso.com\/eu\/abesbatzak\/"},{"@type":"ListItem","position":3,"name":"Easoko Beteranoen Abesbatza"}]},{"@type":"WebSite","@id":"https:\/\/coroeaso.com\/eu\/#website","url":"https:\/\/coroeaso.com\/eu\/","name":"Coro Easo Abesbatza","description":"La Asociaci\u00f3n Coro Easo es una entidad cuya finalidad principal es la creaci\u00f3n, el impulso y formaci\u00f3n de coros amateurs con una aspiraci\u00f3n de calidad cercana a la de los grandes coros profesionales, de manera que puedan participar en festivales y conciertos de mayor nivel y exigencia.","publisher":{"@id":"https:\/\/coroeaso.com\/eu\/#organization"},"potentialAction":[{"@type":"SearchAction","target":{"@type":"EntryPoint","urlTemplate":"https:\/\/coroeaso.com\/eu\/?s={search_term_string}"},"query-input":{"@type":"PropertyValueSpecification","valueRequired":true,"valueName":"search_term_string"}}],"inLanguage":"eu-ES"},{"@type":"Organization","@id":"https:\/\/coroeaso.com\/eu\/#organization","name":"Coro Easo","url":"https:\/\/coroeaso.com\/eu\/","logo":{"@type":"ImageObject","inLanguage":"eu-ES","@id":"https:\/\/coroeaso.com\/eu\/#\/schema\/logo\/image\/","url":"https:\/\/coro-easo.triplevdoble-dev01.com\/wp-content\/uploads\/2021\/12\/logo-coro-easo.png","contentUrl":"https:\/\/coro-easo.triplevdoble-dev01.com\/wp-content\/uploads\/2021\/12\/logo-coro-easo.png","width":1181,"height":352,"caption":"Coro Easo"},"image":{"@id":"https:\/\/coroeaso.com\/eu\/#\/schema\/logo\/image\/"},"sameAs":["https:\/\/www.facebook.com\/coroeaso\/","https:\/\/x.com\/CoroEaso","https:\/\/www.instagram.com\/coroeaso\/","https:\/\/www.youtube.com\/channel\/UCPzsfSUbmO8ilswrFa7P1qw"]}]}},"_links":{"self":[{"href":"https:\/\/coroeaso.com\/eu\/wp-json\/wp\/v2\/pages\/2608","targetHints":{"allow":["GET"]}}],"collection":[{"href":"https:\/\/coroeaso.com\/eu\/wp-json\/wp\/v2\/pages"}],"about":[{"href":"https:\/\/coroeaso.com\/eu\/wp-json\/wp\/v2\/types\/page"}],"author":[{"embeddable":true,"href":"https:\/\/coroeaso.com\/eu\/wp-json\/wp\/v2\/users\/1"}],"replies":[{"embeddable":true,"href":"https:\/\/coroeaso.com\/eu\/wp-json\/wp\/v2\/comments?post=2608"}],"version-history":[{"count":1,"href":"https:\/\/coroeaso.com\/eu\/wp-json\/wp\/v2\/pages\/2608\/revisions"}],"predecessor-version":[{"id":2609,"href":"https:\/\/coroeaso.com\/eu\/wp-json\/wp\/v2\/pages\/2608\/revisions\/2609"}],"up":[{"embeddable":true,"href":"https:\/\/coroeaso.com\/eu\/wp-json\/wp\/v2\/pages\/2479"}],"wp:featuredmedia":[{"embeddable":true,"href":"https:\/\/coroeaso.com\/eu\/wp-json\/wp\/v2\/media\/663"}],"wp:attachment":[{"href":"https:\/\/coroeaso.com\/eu\/wp-json\/wp\/v2\/media?parent=2608"}],"curies":[{"name":"wp","href":"https:\/\/api.w.org\/{rel}","templated":true}]}}