{"id":2604,"date":"2021-10-26T09:38:22","date_gmt":"2021-10-26T07:38:22","guid":{"rendered":"https:\/\/coro-easo.triplevdoble-dev01.com\/abesbatzak\/easo-txiki\/"},"modified":"2022-08-05T17:20:32","modified_gmt":"2022-08-05T15:20:32","slug":"easo-txiki","status":"publish","type":"page","link":"https:\/\/coroeaso.com\/eu\/abesbatzak\/easo-txiki\/","title":{"rendered":"Easo Txiki"},"content":{"rendered":"\n<p>Zazpi eta zortzi urtetako neska-mutilek osatzen dute Easoko Koruen hasierako Easo Txiki. <\/p>\n\n\n\n<p>Kantatzeko eta dantzatzeko gaitasun handia izanik, era horretara lantzen dute musika korala, jolas-moduan. Aktibitatea oso ludikoa izanik, aldi berean musika-formazio jasotzen hasten dira Easo Musika Eskolan, musika hizkuntza landuz.<\/p>\n\n\n\n<p>Musika koralaren hasiera maila izan arren, kontzertuak ematea eta publikoaren aurrean ohitzea da maila honetako helburu nagusietako bat.<\/p>\n\n\n\n<p>Asko gustatzen zaie publikoaren aurrean abestea.Horrela, parte hartzen dute Donostiako ospakizun ezberdinetan: haur-koruen ekitaldietan, beste lekuetako haur-koruekin trukeak eginez, Donostiako jai-ospakizunetan eta urtean zeharreko Donostitruk emankizunetan, Donostiako Hamabostaldiko haur-operan, Easo Abesbatzaren Eguberri-kontzertuan eta Victoria Eugenia Antzokian urtero Easo Abesbatzaren Bazkideei eskaintzen zaien emanaldian, goizeko saioan.<\/p>\n\n\n\n<p>Datozen urteetan eskainiko dituzten maila handiko kontzertuetarako hastapen ona da hau.<\/p>\n\n\n\n<p>Easo Abesbatzak badaki ondo ze garrantzia duen musika koralak haurraren garapenean; izan ere, ikerketek diotenez, musika korala eginez aktibatzen da, batez ere, burmuina.<\/p>\n\n\n\n<p>Entretenigarria izatez aparte, kantatzea asko atsegin zaie eta, aldi berean lagun berrien topalekua da korua, talde-lanean trebatzen duena, atentzio-gaitasuna eta diziplina-ohitura garatzen duena, musikaz gozatzen eta publikoaren aurrean ohitzen hezten duena.<\/p>\n\n\n\n<p>Horregatik, Easo Abesbatzak lehenetsi egin nahi du haurren eta gazteen aktibitate korala.<\/p>\n","protected":false},"excerpt":{"rendered":"<p>Zazpi eta zortzi urtetako neska-mutilek osatzen dute Easoko Koruen hasierako Easo Txiki. Kantatzeko eta dantzatzeko gaitasun handia izanik, era horretara lantzen dute musika korala, jolas-moduan. Aktibitatea oso ludikoa izanik, aldi berean musika-formazio jasotzen hasten dira Easo Musika Eskolan, musika hizkuntza landuz. Musika koralaren hasiera maila izan arren, kontzertuak ematea eta publikoaren aurrean ohitzea da maila [&hellip;]<\/p>\n","protected":false},"author":1,"featured_media":876,"parent":2479,"menu_order":7,"comment_status":"closed","ping_status":"closed","template":"page-coro.php","meta":{"_acf_changed":false,"footnotes":""},"class_list":["post-2604","page","type-page","status-publish","has-post-thumbnail","hentry"],"acf":[],"yoast_head":"<!-- This site is optimized with the Yoast SEO plugin v26.5 - https:\/\/yoast.com\/wordpress\/plugins\/seo\/ -->\n<title>Easo Txiki - Coro Easo Abesbatza<\/title>\n<meta name=\"robots\" content=\"index, follow, max-snippet:-1, max-image-preview:large, max-video-preview:-1\" \/>\n<link rel=\"canonical\" href=\"https:\/\/coroeaso.com\/eu\/abesbatzak\/easo-txiki\/\" \/>\n<meta property=\"og:locale\" content=\"eu_ES\" \/>\n<meta property=\"og:type\" content=\"article\" \/>\n<meta property=\"og:title\" content=\"Easo Txiki - Coro Easo Abesbatza\" \/>\n<meta property=\"og:description\" content=\"Zazpi eta zortzi urtetako neska-mutilek osatzen dute Easoko Koruen hasierako Easo Txiki. Kantatzeko eta dantzatzeko gaitasun handia izanik, era horretara lantzen dute musika korala, jolas-moduan. Aktibitatea oso ludikoa izanik, aldi berean musika-formazio jasotzen hasten dira Easo Musika Eskolan, musika hizkuntza landuz. Musika koralaren hasiera maila izan arren, kontzertuak ematea eta publikoaren aurrean ohitzea da maila [&hellip;]\" \/>\n<meta property=\"og:url\" content=\"https:\/\/coroeaso.com\/eu\/abesbatzak\/easo-txiki\/\" \/>\n<meta property=\"og:site_name\" content=\"Coro Easo Abesbatza\" \/>\n<meta property=\"article:publisher\" content=\"https:\/\/www.facebook.com\/coroeaso\/\" \/>\n<meta property=\"article:modified_time\" content=\"2022-08-05T15:20:32+00:00\" \/>\n<meta property=\"og:image\" content=\"https:\/\/coroeaso.com\/wp-content\/uploads\/2022\/02\/Txiki-scaled.jpg\" \/>\n\t<meta property=\"og:image:width\" content=\"2560\" \/>\n\t<meta property=\"og:image:height\" content=\"1707\" \/>\n\t<meta property=\"og:image:type\" content=\"image\/jpeg\" \/>\n<meta name=\"twitter:card\" content=\"summary_large_image\" \/>\n<meta name=\"twitter:site\" content=\"@CoroEaso\" \/>\n<meta name=\"twitter:label1\" content=\"Est. reading time\" \/>\n\t<meta name=\"twitter:data1\" content=\"1 minute\" \/>\n<script type=\"application\/ld+json\" class=\"yoast-schema-graph\">{\"@context\":\"https:\/\/schema.org\",\"@graph\":[{\"@type\":\"WebPage\",\"@id\":\"https:\/\/coroeaso.com\/eu\/abesbatzak\/easo-txiki\/\",\"url\":\"https:\/\/coroeaso.com\/eu\/abesbatzak\/easo-txiki\/\",\"name\":\"Easo Txiki - Coro Easo Abesbatza\",\"isPartOf\":{\"@id\":\"https:\/\/coroeaso.com\/eu\/#website\"},\"primaryImageOfPage\":{\"@id\":\"https:\/\/coroeaso.com\/eu\/abesbatzak\/easo-txiki\/#primaryimage\"},\"image\":{\"@id\":\"https:\/\/coroeaso.com\/eu\/abesbatzak\/easo-txiki\/#primaryimage\"},\"thumbnailUrl\":\"https:\/\/coroeaso.com\/wp-content\/uploads\/2022\/02\/Txiki-scaled.jpg\",\"datePublished\":\"2021-10-26T07:38:22+00:00\",\"dateModified\":\"2022-08-05T15:20:32+00:00\",\"breadcrumb\":{\"@id\":\"https:\/\/coroeaso.com\/eu\/abesbatzak\/easo-txiki\/#breadcrumb\"},\"inLanguage\":\"eu-ES\",\"potentialAction\":[{\"@type\":\"ReadAction\",\"target\":[\"https:\/\/coroeaso.com\/eu\/abesbatzak\/easo-txiki\/\"]}]},{\"@type\":\"ImageObject\",\"inLanguage\":\"eu-ES\",\"@id\":\"https:\/\/coroeaso.com\/eu\/abesbatzak\/easo-txiki\/#primaryimage\",\"url\":\"https:\/\/coroeaso.com\/wp-content\/uploads\/2022\/02\/Txiki-scaled.jpg\",\"contentUrl\":\"https:\/\/coroeaso.com\/wp-content\/uploads\/2022\/02\/Txiki-scaled.jpg\",\"width\":2560,\"height\":1707},{\"@type\":\"BreadcrumbList\",\"@id\":\"https:\/\/coroeaso.com\/eu\/abesbatzak\/easo-txiki\/#breadcrumb\",\"itemListElement\":[{\"@type\":\"ListItem\",\"position\":1,\"name\":\"Portada\",\"item\":\"https:\/\/coroeaso.com\/eu\/\"},{\"@type\":\"ListItem\",\"position\":2,\"name\":\"Gure Abesbatzak eta Sinfonietta\",\"item\":\"https:\/\/coroeaso.com\/eu\/abesbatzak\/\"},{\"@type\":\"ListItem\",\"position\":3,\"name\":\"Easo Txiki\"}]},{\"@type\":\"WebSite\",\"@id\":\"https:\/\/coroeaso.com\/eu\/#website\",\"url\":\"https:\/\/coroeaso.com\/eu\/\",\"name\":\"Coro Easo Abesbatza\",\"description\":\"La Asociaci\u00f3n Coro Easo es una entidad cuya finalidad principal es la creaci\u00f3n, el impulso y formaci\u00f3n de coros amateurs con una aspiraci\u00f3n de calidad cercana a la de los grandes coros profesionales, de manera que puedan participar en festivales y conciertos de mayor nivel y exigencia.\",\"publisher\":{\"@id\":\"https:\/\/coroeaso.com\/eu\/#organization\"},\"potentialAction\":[{\"@type\":\"SearchAction\",\"target\":{\"@type\":\"EntryPoint\",\"urlTemplate\":\"https:\/\/coroeaso.com\/eu\/?s={search_term_string}\"},\"query-input\":{\"@type\":\"PropertyValueSpecification\",\"valueRequired\":true,\"valueName\":\"search_term_string\"}}],\"inLanguage\":\"eu-ES\"},{\"@type\":\"Organization\",\"@id\":\"https:\/\/coroeaso.com\/eu\/#organization\",\"name\":\"Coro Easo\",\"url\":\"https:\/\/coroeaso.com\/eu\/\",\"logo\":{\"@type\":\"ImageObject\",\"inLanguage\":\"eu-ES\",\"@id\":\"https:\/\/coroeaso.com\/eu\/#\/schema\/logo\/image\/\",\"url\":\"https:\/\/coro-easo.triplevdoble-dev01.com\/wp-content\/uploads\/2021\/12\/logo-coro-easo.png\",\"contentUrl\":\"https:\/\/coro-easo.triplevdoble-dev01.com\/wp-content\/uploads\/2021\/12\/logo-coro-easo.png\",\"width\":1181,\"height\":352,\"caption\":\"Coro Easo\"},\"image\":{\"@id\":\"https:\/\/coroeaso.com\/eu\/#\/schema\/logo\/image\/\"},\"sameAs\":[\"https:\/\/www.facebook.com\/coroeaso\/\",\"https:\/\/x.com\/CoroEaso\",\"https:\/\/www.instagram.com\/coroeaso\/\",\"https:\/\/www.youtube.com\/channel\/UCPzsfSUbmO8ilswrFa7P1qw\"]}]}<\/script>\n<!-- \/ Yoast SEO plugin. -->","yoast_head_json":{"title":"Easo Txiki - Coro Easo Abesbatza","robots":{"index":"index","follow":"follow","max-snippet":"max-snippet:-1","max-image-preview":"max-image-preview:large","max-video-preview":"max-video-preview:-1"},"canonical":"https:\/\/coroeaso.com\/eu\/abesbatzak\/easo-txiki\/","og_locale":"eu_ES","og_type":"article","og_title":"Easo Txiki - Coro Easo Abesbatza","og_description":"Zazpi eta zortzi urtetako neska-mutilek osatzen dute Easoko Koruen hasierako Easo Txiki. Kantatzeko eta dantzatzeko gaitasun handia izanik, era horretara lantzen dute musika korala, jolas-moduan. Aktibitatea oso ludikoa izanik, aldi berean musika-formazio jasotzen hasten dira Easo Musika Eskolan, musika hizkuntza landuz. Musika koralaren hasiera maila izan arren, kontzertuak ematea eta publikoaren aurrean ohitzea da maila [&hellip;]","og_url":"https:\/\/coroeaso.com\/eu\/abesbatzak\/easo-txiki\/","og_site_name":"Coro Easo Abesbatza","article_publisher":"https:\/\/www.facebook.com\/coroeaso\/","article_modified_time":"2022-08-05T15:20:32+00:00","og_image":[{"width":2560,"height":1707,"url":"https:\/\/coroeaso.com\/wp-content\/uploads\/2022\/02\/Txiki-scaled.jpg","type":"image\/jpeg"}],"twitter_card":"summary_large_image","twitter_site":"@CoroEaso","twitter_misc":{"Est. reading time":"1 minute"},"schema":{"@context":"https:\/\/schema.org","@graph":[{"@type":"WebPage","@id":"https:\/\/coroeaso.com\/eu\/abesbatzak\/easo-txiki\/","url":"https:\/\/coroeaso.com\/eu\/abesbatzak\/easo-txiki\/","name":"Easo Txiki - Coro Easo Abesbatza","isPartOf":{"@id":"https:\/\/coroeaso.com\/eu\/#website"},"primaryImageOfPage":{"@id":"https:\/\/coroeaso.com\/eu\/abesbatzak\/easo-txiki\/#primaryimage"},"image":{"@id":"https:\/\/coroeaso.com\/eu\/abesbatzak\/easo-txiki\/#primaryimage"},"thumbnailUrl":"https:\/\/coroeaso.com\/wp-content\/uploads\/2022\/02\/Txiki-scaled.jpg","datePublished":"2021-10-26T07:38:22+00:00","dateModified":"2022-08-05T15:20:32+00:00","breadcrumb":{"@id":"https:\/\/coroeaso.com\/eu\/abesbatzak\/easo-txiki\/#breadcrumb"},"inLanguage":"eu-ES","potentialAction":[{"@type":"ReadAction","target":["https:\/\/coroeaso.com\/eu\/abesbatzak\/easo-txiki\/"]}]},{"@type":"ImageObject","inLanguage":"eu-ES","@id":"https:\/\/coroeaso.com\/eu\/abesbatzak\/easo-txiki\/#primaryimage","url":"https:\/\/coroeaso.com\/wp-content\/uploads\/2022\/02\/Txiki-scaled.jpg","contentUrl":"https:\/\/coroeaso.com\/wp-content\/uploads\/2022\/02\/Txiki-scaled.jpg","width":2560,"height":1707},{"@type":"BreadcrumbList","@id":"https:\/\/coroeaso.com\/eu\/abesbatzak\/easo-txiki\/#breadcrumb","itemListElement":[{"@type":"ListItem","position":1,"name":"Portada","item":"https:\/\/coroeaso.com\/eu\/"},{"@type":"ListItem","position":2,"name":"Gure Abesbatzak eta Sinfonietta","item":"https:\/\/coroeaso.com\/eu\/abesbatzak\/"},{"@type":"ListItem","position":3,"name":"Easo Txiki"}]},{"@type":"WebSite","@id":"https:\/\/coroeaso.com\/eu\/#website","url":"https:\/\/coroeaso.com\/eu\/","name":"Coro Easo Abesbatza","description":"La Asociaci\u00f3n Coro Easo es una entidad cuya finalidad principal es la creaci\u00f3n, el impulso y formaci\u00f3n de coros amateurs con una aspiraci\u00f3n de calidad cercana a la de los grandes coros profesionales, de manera que puedan participar en festivales y conciertos de mayor nivel y exigencia.","publisher":{"@id":"https:\/\/coroeaso.com\/eu\/#organization"},"potentialAction":[{"@type":"SearchAction","target":{"@type":"EntryPoint","urlTemplate":"https:\/\/coroeaso.com\/eu\/?s={search_term_string}"},"query-input":{"@type":"PropertyValueSpecification","valueRequired":true,"valueName":"search_term_string"}}],"inLanguage":"eu-ES"},{"@type":"Organization","@id":"https:\/\/coroeaso.com\/eu\/#organization","name":"Coro Easo","url":"https:\/\/coroeaso.com\/eu\/","logo":{"@type":"ImageObject","inLanguage":"eu-ES","@id":"https:\/\/coroeaso.com\/eu\/#\/schema\/logo\/image\/","url":"https:\/\/coro-easo.triplevdoble-dev01.com\/wp-content\/uploads\/2021\/12\/logo-coro-easo.png","contentUrl":"https:\/\/coro-easo.triplevdoble-dev01.com\/wp-content\/uploads\/2021\/12\/logo-coro-easo.png","width":1181,"height":352,"caption":"Coro Easo"},"image":{"@id":"https:\/\/coroeaso.com\/eu\/#\/schema\/logo\/image\/"},"sameAs":["https:\/\/www.facebook.com\/coroeaso\/","https:\/\/x.com\/CoroEaso","https:\/\/www.instagram.com\/coroeaso\/","https:\/\/www.youtube.com\/channel\/UCPzsfSUbmO8ilswrFa7P1qw"]}]}},"_links":{"self":[{"href":"https:\/\/coroeaso.com\/eu\/wp-json\/wp\/v2\/pages\/2604","targetHints":{"allow":["GET"]}}],"collection":[{"href":"https:\/\/coroeaso.com\/eu\/wp-json\/wp\/v2\/pages"}],"about":[{"href":"https:\/\/coroeaso.com\/eu\/wp-json\/wp\/v2\/types\/page"}],"author":[{"embeddable":true,"href":"https:\/\/coroeaso.com\/eu\/wp-json\/wp\/v2\/users\/1"}],"replies":[{"embeddable":true,"href":"https:\/\/coroeaso.com\/eu\/wp-json\/wp\/v2\/comments?post=2604"}],"version-history":[{"count":1,"href":"https:\/\/coroeaso.com\/eu\/wp-json\/wp\/v2\/pages\/2604\/revisions"}],"predecessor-version":[{"id":2605,"href":"https:\/\/coroeaso.com\/eu\/wp-json\/wp\/v2\/pages\/2604\/revisions\/2605"}],"up":[{"embeddable":true,"href":"https:\/\/coroeaso.com\/eu\/wp-json\/wp\/v2\/pages\/2479"}],"wp:featuredmedia":[{"embeddable":true,"href":"https:\/\/coroeaso.com\/eu\/wp-json\/wp\/v2\/media\/876"}],"wp:attachment":[{"href":"https:\/\/coroeaso.com\/eu\/wp-json\/wp\/v2\/media?parent=2604"}],"curies":[{"name":"wp","href":"https:\/\/api.w.org\/{rel}","templated":true}]}}