{"id":2585,"date":"2021-07-07T11:14:22","date_gmt":"2021-07-07T09:14:22","guid":{"rendered":"https:\/\/coro-easo.triplevdoble-dev01.com\/abesbatzak\/coro-easo-voces-mixtas\/"},"modified":"2022-08-05T16:58:44","modified_gmt":"2022-08-05T14:58:44","slug":"easo-abesbatza-mistoa","status":"publish","type":"page","link":"https:\/\/coroeaso.com\/eu\/abesbatzak\/easo-abesbatza-mistoa\/","title":{"rendered":"Easo Abesbatza Mistoa"},"content":{"rendered":"\n<p>2006 urtean sortua, <strong>Easo Emakumeen Abesbatzaren<\/strong> ahotsek eta <strong>Easo Abesbatzaren<\/strong> ahots grabeek osatua da. Batzuek eta besteek ibilbide zabala eta frogatua egina dute eta bildu egiten dira <strong>Easo Abesbatza Mistoan<\/strong>, talde mistoentzat bereziki konposatuak diren opera, kamera-musika eta obra sinfoniko-koralen errepertorioa lantzeko.<\/p>\n\n\n\n<p><\/p>\n\n\n\n<p><\/p>\n\n\n\n<p><\/p>\n\n\n\n<p><\/p>\n","protected":false},"excerpt":{"rendered":"<p>2006 urtean sortua, Easo Emakumeen Abesbatzaren ahotsek eta Easo Abesbatzaren ahots grabeek osatua da. Batzuek eta besteek ibilbide zabala eta frogatua egina dute eta bildu egiten dira Easo Abesbatza Mistoan, talde mistoentzat bereziki konposatuak diren opera, kamera-musika eta obra sinfoniko-koralen errepertorioa lantzeko.<\/p>\n","protected":false},"author":1,"featured_media":1006,"parent":2479,"menu_order":1,"comment_status":"closed","ping_status":"closed","template":"page-coro.php","meta":{"_acf_changed":false,"footnotes":""},"class_list":["post-2585","page","type-page","status-publish","has-post-thumbnail","hentry"],"acf":[],"yoast_head":"<!-- This site is optimized with the Yoast SEO plugin v26.5 - https:\/\/yoast.com\/wordpress\/plugins\/seo\/ -->\n<title>Easo Abesbatza Mistoa - Coro Easo Abesbatza<\/title>\n<meta name=\"robots\" content=\"index, follow, max-snippet:-1, max-image-preview:large, max-video-preview:-1\" \/>\n<link rel=\"canonical\" href=\"https:\/\/coroeaso.com\/eu\/abesbatzak\/easo-abesbatza-mistoa\/\" \/>\n<meta property=\"og:locale\" content=\"eu_ES\" \/>\n<meta property=\"og:type\" content=\"article\" \/>\n<meta property=\"og:title\" content=\"Easo Abesbatza Mistoa - Coro Easo Abesbatza\" \/>\n<meta property=\"og:description\" content=\"2006 urtean sortua, Easo Emakumeen Abesbatzaren ahotsek eta Easo Abesbatzaren ahots grabeek osatua da. Batzuek eta besteek ibilbide zabala eta frogatua egina dute eta bildu egiten dira Easo Abesbatza Mistoan, talde mistoentzat bereziki konposatuak diren opera, kamera-musika eta obra sinfoniko-koralen errepertorioa lantzeko.\" \/>\n<meta property=\"og:url\" content=\"https:\/\/coroeaso.com\/eu\/abesbatzak\/easo-abesbatza-mistoa\/\" \/>\n<meta property=\"og:site_name\" content=\"Coro Easo Abesbatza\" \/>\n<meta property=\"article:publisher\" content=\"https:\/\/www.facebook.com\/coroeaso\/\" \/>\n<meta property=\"article:modified_time\" content=\"2022-08-05T14:58:44+00:00\" \/>\n<meta property=\"og:image\" content=\"https:\/\/coroeaso.com\/wp-content\/uploads\/2022\/04\/coro-easo-mixto--scaled.jpg\" \/>\n\t<meta property=\"og:image:width\" content=\"2560\" \/>\n\t<meta property=\"og:image:height\" content=\"1666\" \/>\n\t<meta property=\"og:image:type\" content=\"image\/jpeg\" \/>\n<meta name=\"twitter:card\" content=\"summary_large_image\" \/>\n<meta name=\"twitter:site\" content=\"@CoroEaso\" \/>\n<script type=\"application\/ld+json\" class=\"yoast-schema-graph\">{\"@context\":\"https:\/\/schema.org\",\"@graph\":[{\"@type\":\"WebPage\",\"@id\":\"https:\/\/coroeaso.com\/eu\/abesbatzak\/easo-abesbatza-mistoa\/\",\"url\":\"https:\/\/coroeaso.com\/eu\/abesbatzak\/easo-abesbatza-mistoa\/\",\"name\":\"Easo Abesbatza Mistoa - Coro Easo Abesbatza\",\"isPartOf\":{\"@id\":\"https:\/\/coroeaso.com\/eu\/#website\"},\"primaryImageOfPage\":{\"@id\":\"https:\/\/coroeaso.com\/eu\/abesbatzak\/easo-abesbatza-mistoa\/#primaryimage\"},\"image\":{\"@id\":\"https:\/\/coroeaso.com\/eu\/abesbatzak\/easo-abesbatza-mistoa\/#primaryimage\"},\"thumbnailUrl\":\"https:\/\/coroeaso.com\/wp-content\/uploads\/2022\/04\/coro-easo-mixto--scaled.jpg\",\"datePublished\":\"2021-07-07T09:14:22+00:00\",\"dateModified\":\"2022-08-05T14:58:44+00:00\",\"breadcrumb\":{\"@id\":\"https:\/\/coroeaso.com\/eu\/abesbatzak\/easo-abesbatza-mistoa\/#breadcrumb\"},\"inLanguage\":\"eu-ES\",\"potentialAction\":[{\"@type\":\"ReadAction\",\"target\":[\"https:\/\/coroeaso.com\/eu\/abesbatzak\/easo-abesbatza-mistoa\/\"]}]},{\"@type\":\"ImageObject\",\"inLanguage\":\"eu-ES\",\"@id\":\"https:\/\/coroeaso.com\/eu\/abesbatzak\/easo-abesbatza-mistoa\/#primaryimage\",\"url\":\"https:\/\/coroeaso.com\/wp-content\/uploads\/2022\/04\/coro-easo-mixto--scaled.jpg\",\"contentUrl\":\"https:\/\/coroeaso.com\/wp-content\/uploads\/2022\/04\/coro-easo-mixto--scaled.jpg\",\"width\":2560,\"height\":1666},{\"@type\":\"BreadcrumbList\",\"@id\":\"https:\/\/coroeaso.com\/eu\/abesbatzak\/easo-abesbatza-mistoa\/#breadcrumb\",\"itemListElement\":[{\"@type\":\"ListItem\",\"position\":1,\"name\":\"Portada\",\"item\":\"https:\/\/coroeaso.com\/eu\/\"},{\"@type\":\"ListItem\",\"position\":2,\"name\":\"Gure Abesbatzak eta Sinfonietta\",\"item\":\"https:\/\/coroeaso.com\/eu\/abesbatzak\/\"},{\"@type\":\"ListItem\",\"position\":3,\"name\":\"Easo Abesbatza Mistoa\"}]},{\"@type\":\"WebSite\",\"@id\":\"https:\/\/coroeaso.com\/eu\/#website\",\"url\":\"https:\/\/coroeaso.com\/eu\/\",\"name\":\"Coro Easo Abesbatza\",\"description\":\"La Asociaci\u00f3n Coro Easo es una entidad cuya finalidad principal es la creaci\u00f3n, el impulso y formaci\u00f3n de coros amateurs con una aspiraci\u00f3n de calidad cercana a la de los grandes coros profesionales, de manera que puedan participar en festivales y conciertos de mayor nivel y exigencia.\",\"publisher\":{\"@id\":\"https:\/\/coroeaso.com\/eu\/#organization\"},\"potentialAction\":[{\"@type\":\"SearchAction\",\"target\":{\"@type\":\"EntryPoint\",\"urlTemplate\":\"https:\/\/coroeaso.com\/eu\/?s={search_term_string}\"},\"query-input\":{\"@type\":\"PropertyValueSpecification\",\"valueRequired\":true,\"valueName\":\"search_term_string\"}}],\"inLanguage\":\"eu-ES\"},{\"@type\":\"Organization\",\"@id\":\"https:\/\/coroeaso.com\/eu\/#organization\",\"name\":\"Coro Easo\",\"url\":\"https:\/\/coroeaso.com\/eu\/\",\"logo\":{\"@type\":\"ImageObject\",\"inLanguage\":\"eu-ES\",\"@id\":\"https:\/\/coroeaso.com\/eu\/#\/schema\/logo\/image\/\",\"url\":\"https:\/\/coro-easo.triplevdoble-dev01.com\/wp-content\/uploads\/2021\/12\/logo-coro-easo.png\",\"contentUrl\":\"https:\/\/coro-easo.triplevdoble-dev01.com\/wp-content\/uploads\/2021\/12\/logo-coro-easo.png\",\"width\":1181,\"height\":352,\"caption\":\"Coro Easo\"},\"image\":{\"@id\":\"https:\/\/coroeaso.com\/eu\/#\/schema\/logo\/image\/\"},\"sameAs\":[\"https:\/\/www.facebook.com\/coroeaso\/\",\"https:\/\/x.com\/CoroEaso\",\"https:\/\/www.instagram.com\/coroeaso\/\",\"https:\/\/www.youtube.com\/channel\/UCPzsfSUbmO8ilswrFa7P1qw\"]}]}<\/script>\n<!-- \/ Yoast SEO plugin. -->","yoast_head_json":{"title":"Easo Abesbatza Mistoa - Coro Easo Abesbatza","robots":{"index":"index","follow":"follow","max-snippet":"max-snippet:-1","max-image-preview":"max-image-preview:large","max-video-preview":"max-video-preview:-1"},"canonical":"https:\/\/coroeaso.com\/eu\/abesbatzak\/easo-abesbatza-mistoa\/","og_locale":"eu_ES","og_type":"article","og_title":"Easo Abesbatza Mistoa - Coro Easo Abesbatza","og_description":"2006 urtean sortua, Easo Emakumeen Abesbatzaren ahotsek eta Easo Abesbatzaren ahots grabeek osatua da. Batzuek eta besteek ibilbide zabala eta frogatua egina dute eta bildu egiten dira Easo Abesbatza Mistoan, talde mistoentzat bereziki konposatuak diren opera, kamera-musika eta obra sinfoniko-koralen errepertorioa lantzeko.","og_url":"https:\/\/coroeaso.com\/eu\/abesbatzak\/easo-abesbatza-mistoa\/","og_site_name":"Coro Easo Abesbatza","article_publisher":"https:\/\/www.facebook.com\/coroeaso\/","article_modified_time":"2022-08-05T14:58:44+00:00","og_image":[{"width":2560,"height":1666,"url":"https:\/\/coroeaso.com\/wp-content\/uploads\/2022\/04\/coro-easo-mixto--scaled.jpg","type":"image\/jpeg"}],"twitter_card":"summary_large_image","twitter_site":"@CoroEaso","schema":{"@context":"https:\/\/schema.org","@graph":[{"@type":"WebPage","@id":"https:\/\/coroeaso.com\/eu\/abesbatzak\/easo-abesbatza-mistoa\/","url":"https:\/\/coroeaso.com\/eu\/abesbatzak\/easo-abesbatza-mistoa\/","name":"Easo Abesbatza Mistoa - Coro Easo Abesbatza","isPartOf":{"@id":"https:\/\/coroeaso.com\/eu\/#website"},"primaryImageOfPage":{"@id":"https:\/\/coroeaso.com\/eu\/abesbatzak\/easo-abesbatza-mistoa\/#primaryimage"},"image":{"@id":"https:\/\/coroeaso.com\/eu\/abesbatzak\/easo-abesbatza-mistoa\/#primaryimage"},"thumbnailUrl":"https:\/\/coroeaso.com\/wp-content\/uploads\/2022\/04\/coro-easo-mixto--scaled.jpg","datePublished":"2021-07-07T09:14:22+00:00","dateModified":"2022-08-05T14:58:44+00:00","breadcrumb":{"@id":"https:\/\/coroeaso.com\/eu\/abesbatzak\/easo-abesbatza-mistoa\/#breadcrumb"},"inLanguage":"eu-ES","potentialAction":[{"@type":"ReadAction","target":["https:\/\/coroeaso.com\/eu\/abesbatzak\/easo-abesbatza-mistoa\/"]}]},{"@type":"ImageObject","inLanguage":"eu-ES","@id":"https:\/\/coroeaso.com\/eu\/abesbatzak\/easo-abesbatza-mistoa\/#primaryimage","url":"https:\/\/coroeaso.com\/wp-content\/uploads\/2022\/04\/coro-easo-mixto--scaled.jpg","contentUrl":"https:\/\/coroeaso.com\/wp-content\/uploads\/2022\/04\/coro-easo-mixto--scaled.jpg","width":2560,"height":1666},{"@type":"BreadcrumbList","@id":"https:\/\/coroeaso.com\/eu\/abesbatzak\/easo-abesbatza-mistoa\/#breadcrumb","itemListElement":[{"@type":"ListItem","position":1,"name":"Portada","item":"https:\/\/coroeaso.com\/eu\/"},{"@type":"ListItem","position":2,"name":"Gure Abesbatzak eta Sinfonietta","item":"https:\/\/coroeaso.com\/eu\/abesbatzak\/"},{"@type":"ListItem","position":3,"name":"Easo Abesbatza Mistoa"}]},{"@type":"WebSite","@id":"https:\/\/coroeaso.com\/eu\/#website","url":"https:\/\/coroeaso.com\/eu\/","name":"Coro Easo Abesbatza","description":"La Asociaci\u00f3n Coro Easo es una entidad cuya finalidad principal es la creaci\u00f3n, el impulso y formaci\u00f3n de coros amateurs con una aspiraci\u00f3n de calidad cercana a la de los grandes coros profesionales, de manera que puedan participar en festivales y conciertos de mayor nivel y exigencia.","publisher":{"@id":"https:\/\/coroeaso.com\/eu\/#organization"},"potentialAction":[{"@type":"SearchAction","target":{"@type":"EntryPoint","urlTemplate":"https:\/\/coroeaso.com\/eu\/?s={search_term_string}"},"query-input":{"@type":"PropertyValueSpecification","valueRequired":true,"valueName":"search_term_string"}}],"inLanguage":"eu-ES"},{"@type":"Organization","@id":"https:\/\/coroeaso.com\/eu\/#organization","name":"Coro Easo","url":"https:\/\/coroeaso.com\/eu\/","logo":{"@type":"ImageObject","inLanguage":"eu-ES","@id":"https:\/\/coroeaso.com\/eu\/#\/schema\/logo\/image\/","url":"https:\/\/coro-easo.triplevdoble-dev01.com\/wp-content\/uploads\/2021\/12\/logo-coro-easo.png","contentUrl":"https:\/\/coro-easo.triplevdoble-dev01.com\/wp-content\/uploads\/2021\/12\/logo-coro-easo.png","width":1181,"height":352,"caption":"Coro Easo"},"image":{"@id":"https:\/\/coroeaso.com\/eu\/#\/schema\/logo\/image\/"},"sameAs":["https:\/\/www.facebook.com\/coroeaso\/","https:\/\/x.com\/CoroEaso","https:\/\/www.instagram.com\/coroeaso\/","https:\/\/www.youtube.com\/channel\/UCPzsfSUbmO8ilswrFa7P1qw"]}]}},"_links":{"self":[{"href":"https:\/\/coroeaso.com\/eu\/wp-json\/wp\/v2\/pages\/2585","targetHints":{"allow":["GET"]}}],"collection":[{"href":"https:\/\/coroeaso.com\/eu\/wp-json\/wp\/v2\/pages"}],"about":[{"href":"https:\/\/coroeaso.com\/eu\/wp-json\/wp\/v2\/types\/page"}],"author":[{"embeddable":true,"href":"https:\/\/coroeaso.com\/eu\/wp-json\/wp\/v2\/users\/1"}],"replies":[{"embeddable":true,"href":"https:\/\/coroeaso.com\/eu\/wp-json\/wp\/v2\/comments?post=2585"}],"version-history":[{"count":2,"href":"https:\/\/coroeaso.com\/eu\/wp-json\/wp\/v2\/pages\/2585\/revisions"}],"predecessor-version":[{"id":2588,"href":"https:\/\/coroeaso.com\/eu\/wp-json\/wp\/v2\/pages\/2585\/revisions\/2588"}],"up":[{"embeddable":true,"href":"https:\/\/coroeaso.com\/eu\/wp-json\/wp\/v2\/pages\/2479"}],"wp:featuredmedia":[{"embeddable":true,"href":"https:\/\/coroeaso.com\/eu\/wp-json\/wp\/v2\/media\/1006"}],"wp:attachment":[{"href":"https:\/\/coroeaso.com\/eu\/wp-json\/wp\/v2\/media?parent=2585"}],"curies":[{"name":"wp","href":"https:\/\/api.w.org\/{rel}","templated":true}]}}