{"id":2485,"date":"2021-07-07T11:15:02","date_gmt":"2021-07-07T09:15:02","guid":{"rendered":"https:\/\/coro-easo.triplevdoble-dev01.com\/abesbatzak\/coro-easo-hombres\/"},"modified":"2022-08-04T18:24:03","modified_gmt":"2022-08-04T16:24:03","slug":"easo-abesbatza-gizonak","status":"publish","type":"page","link":"https:\/\/coroeaso.com\/eu\/abesbatzak\/easo-abesbatza-gizonak\/","title":{"rendered":"Easo Abesbatza Gizonak"},"content":{"rendered":"\n<p>1940. urtean sortua. Hasiera eman zion bere ibilbideari nazioarteko lehiaketa garrantzitsuetan parte hartuz: <strong>Llangolem<\/strong> (Britainia), <strong>Lille<\/strong> (Frantzia), <strong>Arezzo<\/strong> (Italia) birritan, guzti hauetan lehenengo saria irabaziz. Ohorezko sari ugari lortu ditu hasiera arrakastatsu horiei esker.<\/p>\n\n\n\n<p>Munduko leku desberdinenetan agertu izan da: Madrileko Errege Antzokia, Bartzelonako Palaua, Pariseko Pleyel Aretoa, Municheko Herkulessaal, Monakoko Errege Jauregia, Bruselaseko Errege Antzokia, Buenos Aireseko Col\u00f3n Antzokia, Mexikoko Arte Ederren Jauregia, Bartlesville auditorium (USA), Berlineko Philharmonie, San Petersburgoko Alexandrinsky Antzokia eta Hermitage, Pariseko Salle Pleyel eta Ch\u00e2telet Antzokia, Moskuko \u201cCasa Internacional de la m\u00fasica\u201d, etabar.<\/p>\n\n\n\n<p>30 grabaketa baino gehiago egin ditu, Emi, OPUS111, Na\u00efve, Claves, Columbia, Hixpavox, Philips, Polydor&#8230;etxeekin.<\/p>\n","protected":false},"excerpt":{"rendered":"<p>1940. urtean sortua. Hasiera eman zion bere ibilbideari nazioarteko lehiaketa garrantzitsuetan parte hartuz: Llangolem (Britainia), Lille (Frantzia), Arezzo (Italia) birritan, guzti hauetan lehenengo saria irabaziz. Ohorezko sari ugari lortu ditu hasiera arrakastatsu horiei esker. Munduko leku desberdinenetan agertu izan da: Madrileko Errege Antzokia, Bartzelonako Palaua, Pariseko Pleyel Aretoa, Municheko Herkulessaal, Monakoko Errege Jauregia, Bruselaseko Errege [&hellip;]<\/p>\n","protected":false},"author":1,"featured_media":919,"parent":2479,"menu_order":3,"comment_status":"closed","ping_status":"closed","template":"page-coro.php","meta":{"_acf_changed":false,"footnotes":""},"class_list":["post-2485","page","type-page","status-publish","has-post-thumbnail","hentry"],"acf":[],"yoast_head":"<!-- This site is optimized with the Yoast SEO plugin v26.5 - https:\/\/yoast.com\/wordpress\/plugins\/seo\/ -->\n<title>Easo Abesbatza Gizonak - Coro Easo Abesbatza<\/title>\n<meta name=\"robots\" content=\"index, follow, max-snippet:-1, max-image-preview:large, max-video-preview:-1\" \/>\n<link rel=\"canonical\" href=\"https:\/\/coroeaso.com\/eu\/abesbatzak\/easo-abesbatza-gizonak\/\" \/>\n<meta property=\"og:locale\" content=\"eu_ES\" \/>\n<meta property=\"og:type\" content=\"article\" \/>\n<meta property=\"og:title\" content=\"Easo Abesbatza Gizonak - Coro Easo Abesbatza\" \/>\n<meta property=\"og:description\" content=\"1940. urtean sortua. Hasiera eman zion bere ibilbideari nazioarteko lehiaketa garrantzitsuetan parte hartuz: Llangolem (Britainia), Lille (Frantzia), Arezzo (Italia) birritan, guzti hauetan lehenengo saria irabaziz. Ohorezko sari ugari lortu ditu hasiera arrakastatsu horiei esker. Munduko leku desberdinenetan agertu izan da: Madrileko Errege Antzokia, Bartzelonako Palaua, Pariseko Pleyel Aretoa, Municheko Herkulessaal, Monakoko Errege Jauregia, Bruselaseko Errege [&hellip;]\" \/>\n<meta property=\"og:url\" content=\"https:\/\/coroeaso.com\/eu\/abesbatzak\/easo-abesbatza-gizonak\/\" \/>\n<meta property=\"og:site_name\" content=\"Coro Easo Abesbatza\" \/>\n<meta property=\"article:publisher\" content=\"https:\/\/www.facebook.com\/coroeaso\/\" \/>\n<meta property=\"article:modified_time\" content=\"2022-08-04T16:24:03+00:00\" \/>\n<meta property=\"og:image\" content=\"https:\/\/coroeaso.com\/wp-content\/uploads\/2022\/04\/coro-easo-hombres--scaled.jpg\" \/>\n\t<meta property=\"og:image:width\" content=\"2560\" \/>\n\t<meta property=\"og:image:height\" content=\"1707\" \/>\n\t<meta property=\"og:image:type\" content=\"image\/jpeg\" \/>\n<meta name=\"twitter:card\" content=\"summary_large_image\" \/>\n<meta name=\"twitter:site\" content=\"@CoroEaso\" \/>\n<meta name=\"twitter:label1\" content=\"Est. reading time\" \/>\n\t<meta name=\"twitter:data1\" content=\"1 minute\" \/>\n<script type=\"application\/ld+json\" class=\"yoast-schema-graph\">{\"@context\":\"https:\/\/schema.org\",\"@graph\":[{\"@type\":\"WebPage\",\"@id\":\"https:\/\/coroeaso.com\/eu\/abesbatzak\/easo-abesbatza-gizonak\/\",\"url\":\"https:\/\/coroeaso.com\/eu\/abesbatzak\/easo-abesbatza-gizonak\/\",\"name\":\"Easo Abesbatza Gizonak - Coro Easo Abesbatza\",\"isPartOf\":{\"@id\":\"https:\/\/coroeaso.com\/eu\/#website\"},\"primaryImageOfPage\":{\"@id\":\"https:\/\/coroeaso.com\/eu\/abesbatzak\/easo-abesbatza-gizonak\/#primaryimage\"},\"image\":{\"@id\":\"https:\/\/coroeaso.com\/eu\/abesbatzak\/easo-abesbatza-gizonak\/#primaryimage\"},\"thumbnailUrl\":\"https:\/\/coroeaso.com\/wp-content\/uploads\/2022\/04\/coro-easo-hombres--scaled.jpg\",\"datePublished\":\"2021-07-07T09:15:02+00:00\",\"dateModified\":\"2022-08-04T16:24:03+00:00\",\"breadcrumb\":{\"@id\":\"https:\/\/coroeaso.com\/eu\/abesbatzak\/easo-abesbatza-gizonak\/#breadcrumb\"},\"inLanguage\":\"eu-ES\",\"potentialAction\":[{\"@type\":\"ReadAction\",\"target\":[\"https:\/\/coroeaso.com\/eu\/abesbatzak\/easo-abesbatza-gizonak\/\"]}]},{\"@type\":\"ImageObject\",\"inLanguage\":\"eu-ES\",\"@id\":\"https:\/\/coroeaso.com\/eu\/abesbatzak\/easo-abesbatza-gizonak\/#primaryimage\",\"url\":\"https:\/\/coroeaso.com\/wp-content\/uploads\/2022\/04\/coro-easo-hombres--scaled.jpg\",\"contentUrl\":\"https:\/\/coroeaso.com\/wp-content\/uploads\/2022\/04\/coro-easo-hombres--scaled.jpg\",\"width\":2560,\"height\":1707},{\"@type\":\"BreadcrumbList\",\"@id\":\"https:\/\/coroeaso.com\/eu\/abesbatzak\/easo-abesbatza-gizonak\/#breadcrumb\",\"itemListElement\":[{\"@type\":\"ListItem\",\"position\":1,\"name\":\"Portada\",\"item\":\"https:\/\/coroeaso.com\/eu\/\"},{\"@type\":\"ListItem\",\"position\":2,\"name\":\"Gure Abesbatzak eta Sinfonietta\",\"item\":\"https:\/\/coroeaso.com\/eu\/abesbatzak\/\"},{\"@type\":\"ListItem\",\"position\":3,\"name\":\"Easo Abesbatza Gizonak\"}]},{\"@type\":\"WebSite\",\"@id\":\"https:\/\/coroeaso.com\/eu\/#website\",\"url\":\"https:\/\/coroeaso.com\/eu\/\",\"name\":\"Coro Easo Abesbatza\",\"description\":\"La Asociaci\u00f3n Coro Easo es una entidad cuya finalidad principal es la creaci\u00f3n, el impulso y formaci\u00f3n de coros amateurs con una aspiraci\u00f3n de calidad cercana a la de los grandes coros profesionales, de manera que puedan participar en festivales y conciertos de mayor nivel y exigencia.\",\"publisher\":{\"@id\":\"https:\/\/coroeaso.com\/eu\/#organization\"},\"potentialAction\":[{\"@type\":\"SearchAction\",\"target\":{\"@type\":\"EntryPoint\",\"urlTemplate\":\"https:\/\/coroeaso.com\/eu\/?s={search_term_string}\"},\"query-input\":{\"@type\":\"PropertyValueSpecification\",\"valueRequired\":true,\"valueName\":\"search_term_string\"}}],\"inLanguage\":\"eu-ES\"},{\"@type\":\"Organization\",\"@id\":\"https:\/\/coroeaso.com\/eu\/#organization\",\"name\":\"Coro Easo\",\"url\":\"https:\/\/coroeaso.com\/eu\/\",\"logo\":{\"@type\":\"ImageObject\",\"inLanguage\":\"eu-ES\",\"@id\":\"https:\/\/coroeaso.com\/eu\/#\/schema\/logo\/image\/\",\"url\":\"https:\/\/coro-easo.triplevdoble-dev01.com\/wp-content\/uploads\/2021\/12\/logo-coro-easo.png\",\"contentUrl\":\"https:\/\/coro-easo.triplevdoble-dev01.com\/wp-content\/uploads\/2021\/12\/logo-coro-easo.png\",\"width\":1181,\"height\":352,\"caption\":\"Coro Easo\"},\"image\":{\"@id\":\"https:\/\/coroeaso.com\/eu\/#\/schema\/logo\/image\/\"},\"sameAs\":[\"https:\/\/www.facebook.com\/coroeaso\/\",\"https:\/\/x.com\/CoroEaso\",\"https:\/\/www.instagram.com\/coroeaso\/\",\"https:\/\/www.youtube.com\/channel\/UCPzsfSUbmO8ilswrFa7P1qw\"]}]}<\/script>\n<!-- \/ Yoast SEO plugin. -->","yoast_head_json":{"title":"Easo Abesbatza Gizonak - Coro Easo Abesbatza","robots":{"index":"index","follow":"follow","max-snippet":"max-snippet:-1","max-image-preview":"max-image-preview:large","max-video-preview":"max-video-preview:-1"},"canonical":"https:\/\/coroeaso.com\/eu\/abesbatzak\/easo-abesbatza-gizonak\/","og_locale":"eu_ES","og_type":"article","og_title":"Easo Abesbatza Gizonak - Coro Easo Abesbatza","og_description":"1940. urtean sortua. Hasiera eman zion bere ibilbideari nazioarteko lehiaketa garrantzitsuetan parte hartuz: Llangolem (Britainia), Lille (Frantzia), Arezzo (Italia) birritan, guzti hauetan lehenengo saria irabaziz. Ohorezko sari ugari lortu ditu hasiera arrakastatsu horiei esker. Munduko leku desberdinenetan agertu izan da: Madrileko Errege Antzokia, Bartzelonako Palaua, Pariseko Pleyel Aretoa, Municheko Herkulessaal, Monakoko Errege Jauregia, Bruselaseko Errege [&hellip;]","og_url":"https:\/\/coroeaso.com\/eu\/abesbatzak\/easo-abesbatza-gizonak\/","og_site_name":"Coro Easo Abesbatza","article_publisher":"https:\/\/www.facebook.com\/coroeaso\/","article_modified_time":"2022-08-04T16:24:03+00:00","og_image":[{"width":2560,"height":1707,"url":"https:\/\/coroeaso.com\/wp-content\/uploads\/2022\/04\/coro-easo-hombres--scaled.jpg","type":"image\/jpeg"}],"twitter_card":"summary_large_image","twitter_site":"@CoroEaso","twitter_misc":{"Est. reading time":"1 minute"},"schema":{"@context":"https:\/\/schema.org","@graph":[{"@type":"WebPage","@id":"https:\/\/coroeaso.com\/eu\/abesbatzak\/easo-abesbatza-gizonak\/","url":"https:\/\/coroeaso.com\/eu\/abesbatzak\/easo-abesbatza-gizonak\/","name":"Easo Abesbatza Gizonak - Coro Easo Abesbatza","isPartOf":{"@id":"https:\/\/coroeaso.com\/eu\/#website"},"primaryImageOfPage":{"@id":"https:\/\/coroeaso.com\/eu\/abesbatzak\/easo-abesbatza-gizonak\/#primaryimage"},"image":{"@id":"https:\/\/coroeaso.com\/eu\/abesbatzak\/easo-abesbatza-gizonak\/#primaryimage"},"thumbnailUrl":"https:\/\/coroeaso.com\/wp-content\/uploads\/2022\/04\/coro-easo-hombres--scaled.jpg","datePublished":"2021-07-07T09:15:02+00:00","dateModified":"2022-08-04T16:24:03+00:00","breadcrumb":{"@id":"https:\/\/coroeaso.com\/eu\/abesbatzak\/easo-abesbatza-gizonak\/#breadcrumb"},"inLanguage":"eu-ES","potentialAction":[{"@type":"ReadAction","target":["https:\/\/coroeaso.com\/eu\/abesbatzak\/easo-abesbatza-gizonak\/"]}]},{"@type":"ImageObject","inLanguage":"eu-ES","@id":"https:\/\/coroeaso.com\/eu\/abesbatzak\/easo-abesbatza-gizonak\/#primaryimage","url":"https:\/\/coroeaso.com\/wp-content\/uploads\/2022\/04\/coro-easo-hombres--scaled.jpg","contentUrl":"https:\/\/coroeaso.com\/wp-content\/uploads\/2022\/04\/coro-easo-hombres--scaled.jpg","width":2560,"height":1707},{"@type":"BreadcrumbList","@id":"https:\/\/coroeaso.com\/eu\/abesbatzak\/easo-abesbatza-gizonak\/#breadcrumb","itemListElement":[{"@type":"ListItem","position":1,"name":"Portada","item":"https:\/\/coroeaso.com\/eu\/"},{"@type":"ListItem","position":2,"name":"Gure Abesbatzak eta Sinfonietta","item":"https:\/\/coroeaso.com\/eu\/abesbatzak\/"},{"@type":"ListItem","position":3,"name":"Easo Abesbatza Gizonak"}]},{"@type":"WebSite","@id":"https:\/\/coroeaso.com\/eu\/#website","url":"https:\/\/coroeaso.com\/eu\/","name":"Coro Easo Abesbatza","description":"La Asociaci\u00f3n Coro Easo es una entidad cuya finalidad principal es la creaci\u00f3n, el impulso y formaci\u00f3n de coros amateurs con una aspiraci\u00f3n de calidad cercana a la de los grandes coros profesionales, de manera que puedan participar en festivales y conciertos de mayor nivel y exigencia.","publisher":{"@id":"https:\/\/coroeaso.com\/eu\/#organization"},"potentialAction":[{"@type":"SearchAction","target":{"@type":"EntryPoint","urlTemplate":"https:\/\/coroeaso.com\/eu\/?s={search_term_string}"},"query-input":{"@type":"PropertyValueSpecification","valueRequired":true,"valueName":"search_term_string"}}],"inLanguage":"eu-ES"},{"@type":"Organization","@id":"https:\/\/coroeaso.com\/eu\/#organization","name":"Coro Easo","url":"https:\/\/coroeaso.com\/eu\/","logo":{"@type":"ImageObject","inLanguage":"eu-ES","@id":"https:\/\/coroeaso.com\/eu\/#\/schema\/logo\/image\/","url":"https:\/\/coro-easo.triplevdoble-dev01.com\/wp-content\/uploads\/2021\/12\/logo-coro-easo.png","contentUrl":"https:\/\/coro-easo.triplevdoble-dev01.com\/wp-content\/uploads\/2021\/12\/logo-coro-easo.png","width":1181,"height":352,"caption":"Coro Easo"},"image":{"@id":"https:\/\/coroeaso.com\/eu\/#\/schema\/logo\/image\/"},"sameAs":["https:\/\/www.facebook.com\/coroeaso\/","https:\/\/x.com\/CoroEaso","https:\/\/www.instagram.com\/coroeaso\/","https:\/\/www.youtube.com\/channel\/UCPzsfSUbmO8ilswrFa7P1qw"]}]}},"_links":{"self":[{"href":"https:\/\/coroeaso.com\/eu\/wp-json\/wp\/v2\/pages\/2485","targetHints":{"allow":["GET"]}}],"collection":[{"href":"https:\/\/coroeaso.com\/eu\/wp-json\/wp\/v2\/pages"}],"about":[{"href":"https:\/\/coroeaso.com\/eu\/wp-json\/wp\/v2\/types\/page"}],"author":[{"embeddable":true,"href":"https:\/\/coroeaso.com\/eu\/wp-json\/wp\/v2\/users\/1"}],"replies":[{"embeddable":true,"href":"https:\/\/coroeaso.com\/eu\/wp-json\/wp\/v2\/comments?post=2485"}],"version-history":[{"count":4,"href":"https:\/\/coroeaso.com\/eu\/wp-json\/wp\/v2\/pages\/2485\/revisions"}],"predecessor-version":[{"id":2489,"href":"https:\/\/coroeaso.com\/eu\/wp-json\/wp\/v2\/pages\/2485\/revisions\/2489"}],"up":[{"embeddable":true,"href":"https:\/\/coroeaso.com\/eu\/wp-json\/wp\/v2\/pages\/2479"}],"wp:featuredmedia":[{"embeddable":true,"href":"https:\/\/coroeaso.com\/eu\/wp-json\/wp\/v2\/media\/919"}],"wp:attachment":[{"href":"https:\/\/coroeaso.com\/eu\/wp-json\/wp\/v2\/media?parent=2485"}],"curies":[{"name":"wp","href":"https:\/\/api.w.org\/{rel}","templated":true}]}}